{"id":645,"date":"2018-12-19T10:21:33","date_gmt":"2018-12-19T18:21:33","guid":{"rendered":"http:\/\/bioraldentalgroup.com\/?page_id=645"},"modified":"2018-12-19T10:32:44","modified_gmt":"2018-12-19T18:32:44","slug":"politicas-de-privacidad","status":"publish","type":"page","link":"https:\/\/bioraldentalgroup.com\/es\/politicas-de-privacidad\/","title":{"rendered":"Pol\u00edticas de Privacidad"},"content":{"rendered":"<p>[vc_row][vc_column][vc_column_text]<\/p>\n<h2><strong>Pol\u00edtica de privacidad<\/strong><\/h2>\n<p><span style=\"font-weight: 400;\">Fecha efectiva: December 11, 2018<\/span><\/p>\n<p><span style=\"font-weight: 400;\">Bioral Dental (\u00abnosotros\u00bb, \u00aba nosotros\u00bb, \u00abnuestro\u00bb) opera el sitio web http:\/\/bioraldentalgroup.com (en adelante, el \u00abServicio\u00bb).<\/span><\/p>\n<p><span style=\"font-weight: 400;\">Esta p\u00e1gina le informa de nuestras pol\u00edticas en materia de recopilaci\u00f3n, uso y divulgaci\u00f3n de datos personales cuando utiliza nuestro Servicio y de las opciones de las que dispone en relaci\u00f3n con esos datos. <\/span><\/p>\n<p><span style=\"font-weight: 400;\">Utilizamos sus datos para prestarle el Servicio y mejorarlo. Al utilizar el Servicio, usted acepta la recopilaci\u00f3n y el uso de informaci\u00f3n de conformidad con esta pol\u00edtica. A menos que esta Pol\u00edtica de privacidad defina lo contrario, los t\u00e9rminos utilizados en ella tienen los mismos significados que nuestros T\u00e9rminos y Condiciones, disponibles en el <a href=\"http:\/\/bioraldentalgroup.com\">http:\/\/bioraldentalgroup.com<\/a><\/span><\/p>\n<p>&nbsp;<\/p>\n<h3><strong>Definiciones<\/strong><\/h3>\n<ul>\n<li style=\"font-weight: 400;\"><span style=\"color: #35b3c9;\"><b>Servicio<\/b><\/span><\/li>\n<\/ul>\n<p>Servicio es el sitio web http:\/\/bioraldentalgroup.com operado por Bioral Dental<\/p>\n<ul>\n<li style=\"font-weight: 400;\"><span style=\"color: #35b3c9;\"><b>Datos personales<\/b><\/span><\/li>\n<\/ul>\n<p><span style=\"font-weight: 400;\">Datos personales significa los datos sobre una persona f\u00edsica viva que puede ser identificada a partir de esos datos (o con esos datos y otra informaci\u00f3n de la que dispongamos o probablemente podamos disponer).<\/span><\/p>\n<ul>\n<li style=\"font-weight: 400;\"><span style=\"color: #35b3c9;\"><b>Datos de uso<\/b><\/span><\/li>\n<\/ul>\n<p><span style=\"font-weight: 400;\">Datos de uso son los datos recopilados autom\u00e1ticamente, generados por el uso del Servicio o por la propia infraestructura del Servicio (por ejemplo, la duraci\u00f3n de la visita a una p\u00e1gina).<\/span><\/p>\n<ul>\n<li style=\"font-weight: 400;\"><span style=\"color: #35b3c9;\"><b>Cookies<\/b><\/span><\/li>\n<\/ul>\n<p><span style=\"font-weight: 400;\">Las cookies son peque\u00f1os archivos almacenados en su dispositivo (ordenador o dispositivo m\u00f3vil).<\/span><\/p>\n<p>&nbsp;<\/p>\n<h3><strong>Recopilaci\u00f3n y uso de la informaci\u00f3n<\/strong><\/h3>\n<p><span style=\"font-weight: 400;\">Recopilamos diferentes tipos de informaci\u00f3n con diversas finalidades para prestarle el Servicio y mejorarlo.<\/span><\/p>\n<h3><em><span style=\"font-weight: 400;\">Tipos de datos recopilados<\/span><\/em><\/h3>\n<h4><span style=\"color: #25b3c9;\">Datos personales<\/span><\/h4>\n<p><span style=\"font-weight: 400;\">Cuando utilice nuestro Servicio, es posible que le pidamos que nos proporcione determinada informaci\u00f3n personalmente identificable que podr\u00e1 ser utilizada para contactar con usted o para identificarle (\u00abDatos personales\u00bb). La informaci\u00f3n personalmente identificable puede incluir, entre otras, la siguiente:<\/span><\/p>\n<ul>\n<li style=\"font-weight: 400;\"><span style=\"font-weight: 400;\">Direcci\u00f3n de e-mail<\/span><\/li>\n<li style=\"font-weight: 400;\"><span style=\"font-weight: 400;\">Nombre y apellidos<\/span><\/li>\n<li style=\"font-weight: 400;\"><span style=\"font-weight: 400;\">N\u00famero de tel\u00e9fono<\/span><\/li>\n<li style=\"font-weight: 400;\"><span style=\"font-weight: 400;\">Cookies y datos de uso<\/span><\/li>\n<\/ul>\n<h4><span style=\"font-weight: 400; color: #25b3c9;\">Datos de uso<\/span><\/h4>\n<p><span style=\"font-weight: 400;\">Tambi\u00e9n recopilamos informaci\u00f3n sobre la forma en la que se accede y utiliza el Servicio (\u00abDatos de uso\u00bb). Estos Datos de uso pueden incluir informaci\u00f3n como la direcci\u00f3n del protocolo de Internet de su ordenador (por ejemplo, direcci\u00f3n IP), tipo de navegador, versi\u00f3n del navegador, las p\u00e1ginas que visita de nuestro Servicio, la hora y la fecha de su visita, el tiempo que pasa en esas p\u00e1ginas, identificadores exclusivos de dispositivos y otros datos de diagn\u00f3stico.<\/span><\/p>\n<h4><span style=\"font-weight: 400; color: #25b3c9;\">Datos de cookies y seguimiento<\/span><\/h4>\n<p><span style=\"font-weight: 400;\">Utilizamos cookies y tecnolog\u00edas de seguimiento similares para rastrear la actividad de nuestro Servicio y mantener determinada informaci\u00f3n.<\/span><\/p>\n<p><span style=\"font-weight: 400;\">Las cookies son archivos con una peque\u00f1a cantidad de datos que pueden incluir un identificador exclusivo an\u00f3nimo. Las cookies son enviadas a su navegador desde un sitio web y se almacenan en su dispositivo. Otras tecnolog\u00edas de seguimiento tambi\u00e9n utilizadas son balizas, etiquetas y scripts para recopilar y rastrear la informaci\u00f3n, as\u00ed como para mejorar y analizar nuestro Servicio.<\/span><\/p>\n<p><span style=\"font-weight: 400;\">Usted puede ordenar a su navegador que rechace todas las cookies o que le avise cuando se env\u00eda una cookie. Sin embargo, si no acepta cookies, es posible que no pueda utilizar algunas partes de nuestro Servicio.<\/span><\/p>\n<p><span style=\"font-weight: 400;\">Ejemplos de Cookies que utilizamos:<\/span><\/p>\n<p>&nbsp;<\/p>\n<ul>\n<li style=\"font-weight: 400;\"><b>Cookies de sesi\u00f3n.<\/b><span style=\"font-weight: 400;\"> Utilizamos Cookies de sesi\u00f3n para operar nuestro Servicio.<\/span><\/li>\n<li style=\"font-weight: 400;\"><b>Cookies de preferencia.<\/b><span style=\"font-weight: 400;\"> Utilizamos Cookies de preferencia para recordar sus preferencias y diversos ajustes.<\/span><\/li>\n<li style=\"font-weight: 400;\"><b>Cookies de seguridad.<\/b><span style=\"font-weight: 400;\"> Utilizamos Cookies de seguridad para fines de seguridad.<\/span><\/li>\n<\/ul>\n<p>&nbsp;<\/p>\n<h3><strong>Uso de datos<\/strong><\/h3>\n<p><span style=\"font-weight: 400;\">Bioral Dental utiliza los datos recopilados con diversas finalidades:<\/span><\/p>\n<ul>\n<li style=\"font-weight: 400;\"><span style=\"font-weight: 400;\">Suministrar y mantener nuestro Servicio<\/span><\/li>\n<li style=\"font-weight: 400;\"><span style=\"font-weight: 400;\">Notificarle cambios en nuestro Servicio<\/span><\/li>\n<li style=\"font-weight: 400;\"><span style=\"font-weight: 400;\">Permitirle participar en funciones interactivas de nuestro Servicio cuando decida hacerlo<\/span><\/li>\n<li style=\"font-weight: 400;\"><span style=\"font-weight: 400;\">Prestar asistencia al cliente<\/span><\/li>\n<li style=\"font-weight: 400;\"><span style=\"font-weight: 400;\">Recopilar an\u00e1lisis o informaci\u00f3n valiosa que nos permitan mejorar nuestro Servicio<\/span><\/li>\n<li style=\"font-weight: 400;\"><span style=\"font-weight: 400;\">Controlar el uso de nuestro Servicio<\/span><\/li>\n<li style=\"font-weight: 400;\"><span style=\"font-weight: 400;\">Detectar, evitar y abordar problemas t\u00e9cnicos<\/span><\/li>\n<\/ul>\n<p>&nbsp;<\/p>\n<h3><strong>Transferencia de datos<\/strong><\/h3>\n<p><span style=\"font-weight: 400;\">Su informaci\u00f3n, incluyendo Datos personales, puede ser transferida a \u2014y mantenida en\u2014 ordenadores localizados fuera de su estado, provincia, pa\u00eds u otra jurisdicci\u00f3n gubernamental donde las leyes de protecci\u00f3n de datos pueden diferir de las de su jurisdicci\u00f3n.<\/span><\/p>\n<p><span style=\"font-weight: 400;\">Si usted se encuentra fuera de M\u00e9xico y decide facilitarnos informaci\u00f3n, tenga en cuenta que nosotros transferimos los datos, incluyendo Datos personales, a M\u00e9xico y que los tratamos all\u00ed.<\/span><\/p>\n<p><span style=\"font-weight: 400;\">Su aceptaci\u00f3n de esta Pol\u00edtica de privacidad seguida de su env\u00edo de esta informaci\u00f3n representa que est\u00e1 de acuerdo con dicha transferencia.<\/span><\/p>\n<p><span style=\"font-weight: 400;\">Bioral Dental emprender\u00e1 todas las medidas razonables necesarias para garantizar que sus datos sean tratados de forma segura y de conformidad con esta Pol\u00edtica de privacidad y no se realizar\u00e1 ninguna transferencia de sus Datos personales a una organizaci\u00f3n o pa\u00eds, salvo que existan unos controles adecuados establecidos incluyendo la seguridad de sus datos y otra informaci\u00f3n personal.<\/span><\/p>\n<p>&nbsp;<\/p>\n<h3><strong>Divulgaci\u00f3n de datos<\/strong><\/h3>\n<h4><span style=\"font-weight: 400; color: #25b3c9;\">Requisitos legales<\/span><\/h4>\n<p><span style=\"font-weight: 400;\">Bioral Dental puede divulgar sus Datos personales de buena fe cuando considere que esta acci\u00f3n es necesaria para lo siguiente:<\/span><\/p>\n<ul>\n<li style=\"font-weight: 400;\"><span style=\"font-weight: 400;\">Cumplir una obligaci\u00f3n legal<\/span><\/li>\n<li style=\"font-weight: 400;\"><span style=\"font-weight: 400;\">Proteger y defender los derechos o bienes de Bioral Dental<\/span><\/li>\n<li style=\"font-weight: 400;\"><span style=\"font-weight: 400;\">Prevenir o investigar posibles infracciones en relaci\u00f3n con el Servicio<\/span><\/li>\n<li style=\"font-weight: 400;\"><span style=\"font-weight: 400;\">Proteger la seguridad personal de usuarios del Servicio o del p\u00fablico<\/span><\/li>\n<li style=\"font-weight: 400;\"><span style=\"font-weight: 400;\">Protegerse frente a consecuencias legales<\/span><\/li>\n<\/ul>\n<p>&nbsp;<\/p>\n<h3><strong>Seguridad de los datos<\/strong><\/h3>\n<p><span style=\"font-weight: 400;\">La seguridad de sus datos es importante para nosotros, pero recuerde que ning\u00fan m\u00e9todo de transmisi\u00f3n por Internet o m\u00e9todo de almacenamiento electr\u00f3nico resulta 100% seguro. A pesar de que nos esforzamos por utilizar medios comercialmente aceptables para proteger sus Datos personales, no podemos garantizar su seguridad absoluta.<\/span><\/p>\n<p>&nbsp;<\/p>\n<h3><strong>Proveedores de servicios<\/strong><\/h3>\n<p><span style=\"font-weight: 400;\">Podemos contratar a personas f\u00edsicas y jur\u00eddicas terceras para facilitar nuestro Servicio (\u00abProveedores de servicios\u00bb), para que presten el Servicio en nuestro nombre, para que suministren servicios relacionados con el Servicio o para que nos ayuden a analizar c\u00f3mo se utiliza nuestro Servicio.<\/span><\/p>\n<p><span style=\"font-weight: 400;\">Estos terceros tienen acceso a sus Datos personales \u00fanicamente para realizar estas tareas en nuestro nombre y est\u00e1n obligados a no divulgarlos ni utilizarlos con ning\u00fan otro fin.<\/span><\/p>\n<p>&nbsp;<\/p>\n<h3><strong><span style=\"color: #25b3c9;\">An\u00e1lisis<\/span><\/strong><\/h3>\n<p><span style=\"font-weight: 400;\">Podemos utilizar Proveedores de servicios terceros para controlar y analizar el uso de nuestro Servicio.<\/span><\/p>\n<p>&nbsp;<\/p>\n<ul>\n<li style=\"font-weight: 400;\"><b>Google Analytics<\/b><\/li>\n<li style=\"font-weight: 400;\"><span style=\"font-weight: 400;\">Google Analytics es un servicio de anal\u00edtica web ofrecido por Google que rastrea e informa del tr\u00e1fico de los sitios web. Google utiliza los datos recopilados para rastrear y controlar el uso de nuestro Servicio. Estos datos son compartidos con otros servicios de Google. Google puede utilizar los datos recopilados para contextualizar y personalizar los anuncios de su propia red de publicidad.<\/span><\/li>\n<li style=\"font-weight: 400;\"><span style=\"font-weight: 400;\">Puede optar por que su actividad en el Servicio no est\u00e9 disponible para Google Analytics instalando el complemento de inhabilitaci\u00f3n para el navegador. Este complemento evita que el JavaScript de Google Analytics (ga.js, analytics.js y dc.js) comparta informaci\u00f3n con Google Analytics sobre la actividad de las visitas.<\/span><\/li>\n<li style=\"font-weight: 400;\"><span style=\"font-weight: 400;\">Para m\u00e1s informaci\u00f3n sobre las pr\u00e1cticas de privacidad de Google, visite la p\u00e1gina web de Privacidad y Condiciones de Google: <\/span><a href=\"https:\/\/policies.google.com\/privacy?hl=en\"><span style=\"font-weight: 400;\">https:\/\/policies.google.com\/privacy?hl=en<\/span><\/a><\/li>\n<\/ul>\n<p>[\/vc_column_text][\/vc_column][\/vc_row]<\/p>\n","protected":false},"excerpt":{"rendered":"<p>[vc_row][vc_column][vc_column_text] Pol\u00edtica de privacidad Fecha efectiva: December 11, 2018 Bioral Dental (\u00abnosotros\u00bb, \u00aba nosotros\u00bb, \u00abnuestro\u00bb) opera el sitio web http:\/\/bioraldentalgroup.com (en adelante, el \u00abServicio\u00bb). Esta p\u00e1gina le informa de nuestras pol\u00edticas en materia de recopilaci\u00f3n, uso y divulgaci\u00f3n de datos personales cuando utiliza nuestro Servicio y de las opciones de las que dispone en relaci\u00f3n&hellip;<\/p>\n","protected":false},"author":1,"featured_media":0,"parent":0,"menu_order":0,"comment_status":"closed","ping_status":"closed","template":"","meta":{"footnotes":""},"class_list":["post-645","page","type-page","status-publish","hentry","description-off"],"yoast_head":"<!-- This site is optimized with the Yoast SEO plugin v27.4 - https:\/\/yoast.com\/product\/yoast-seo-wordpress\/ -->\n<title>Pol\u00edticas de Privacidad - BiOral Dental Group<\/title>\n<meta name=\"robots\" content=\"index, follow, max-snippet:-1, max-image-preview:large, max-video-preview:-1\" \/>\n<link rel=\"canonical\" href=\"https:\/\/bioraldentalgroup.com\/es\/politicas-de-privacidad\/\" \/>\n<meta property=\"og:locale\" content=\"es_ES\" \/>\n<meta property=\"og:type\" content=\"article\" \/>\n<meta property=\"og:title\" content=\"Pol\u00edticas de Privacidad - BiOral Dental Group\" \/>\n<meta property=\"og:description\" content=\"[vc_row][vc_column][vc_column_text] Pol\u00edtica de privacidad Fecha efectiva: December 11, 2018 Bioral Dental (\u00abnosotros\u00bb, \u00aba nosotros\u00bb, \u00abnuestro\u00bb) opera el sitio web http:\/\/bioraldentalgroup.com (en adelante, el \u00abServicio\u00bb). Esta p\u00e1gina le informa de nuestras pol\u00edticas en materia de recopilaci\u00f3n, uso y divulgaci\u00f3n de datos personales cuando utiliza nuestro Servicio y de las opciones de las que dispone en relaci\u00f3n&hellip;\" \/>\n<meta property=\"og:url\" content=\"https:\/\/bioraldentalgroup.com\/es\/politicas-de-privacidad\/\" \/>\n<meta property=\"og:site_name\" content=\"BiOral Dental Group\" \/>\n<meta property=\"article:modified_time\" content=\"2018-12-19T18:32:44+00:00\" \/>\n<meta name=\"twitter:card\" content=\"summary_large_image\" \/>\n<meta name=\"twitter:label1\" content=\"Tiempo de lectura\" \/>\n\t<meta name=\"twitter:data1\" content=\"6 minutos\" \/>\n<script type=\"application\/ld+json\" class=\"yoast-schema-graph\">{\"@context\":\"https:\\\/\\\/schema.org\",\"@graph\":[{\"@type\":\"WebPage\",\"@id\":\"https:\\\/\\\/bioraldentalgroup.com\\\/es\\\/politicas-de-privacidad\\\/\",\"url\":\"https:\\\/\\\/bioraldentalgroup.com\\\/es\\\/politicas-de-privacidad\\\/\",\"name\":\"Pol\u00edticas de Privacidad - BiOral Dental Group\",\"isPartOf\":{\"@id\":\"https:\\\/\\\/bioraldentalgroup.com\\\/#website\"},\"datePublished\":\"2018-12-19T18:21:33+00:00\",\"dateModified\":\"2018-12-19T18:32:44+00:00\",\"breadcrumb\":{\"@id\":\"https:\\\/\\\/bioraldentalgroup.com\\\/es\\\/politicas-de-privacidad\\\/#breadcrumb\"},\"inLanguage\":\"es\",\"potentialAction\":[{\"@type\":\"ReadAction\",\"target\":[\"https:\\\/\\\/bioraldentalgroup.com\\\/es\\\/politicas-de-privacidad\\\/\"]}]},{\"@type\":\"BreadcrumbList\",\"@id\":\"https:\\\/\\\/bioraldentalgroup.com\\\/es\\\/politicas-de-privacidad\\\/#breadcrumb\",\"itemListElement\":[{\"@type\":\"ListItem\",\"position\":1,\"name\":\"Home\",\"item\":\"https:\\\/\\\/bioraldentalgroup.com\\\/es\\\/\"},{\"@type\":\"ListItem\",\"position\":2,\"name\":\"Pol\u00edticas de Privacidad\"}]},{\"@type\":\"WebSite\",\"@id\":\"https:\\\/\\\/bioraldentalgroup.com\\\/#website\",\"url\":\"https:\\\/\\\/bioraldentalgroup.com\\\/\",\"name\":\"BiOral Dental Group\",\"description\":\"Dental Specialists\",\"potentialAction\":[{\"@type\":\"SearchAction\",\"target\":{\"@type\":\"EntryPoint\",\"urlTemplate\":\"https:\\\/\\\/bioraldentalgroup.com\\\/?s={search_term_string}\"},\"query-input\":{\"@type\":\"PropertyValueSpecification\",\"valueRequired\":true,\"valueName\":\"search_term_string\"}}],\"inLanguage\":\"es\"}]}<\/script>\n<!-- \/ Yoast SEO plugin. -->","yoast_head_json":{"title":"Pol\u00edticas de Privacidad - BiOral Dental Group","robots":{"index":"index","follow":"follow","max-snippet":"max-snippet:-1","max-image-preview":"max-image-preview:large","max-video-preview":"max-video-preview:-1"},"canonical":"https:\/\/bioraldentalgroup.com\/es\/politicas-de-privacidad\/","og_locale":"es_ES","og_type":"article","og_title":"Pol\u00edticas de Privacidad - BiOral Dental Group","og_description":"[vc_row][vc_column][vc_column_text] Pol\u00edtica de privacidad Fecha efectiva: December 11, 2018 Bioral Dental (\u00abnosotros\u00bb, \u00aba nosotros\u00bb, \u00abnuestro\u00bb) opera el sitio web http:\/\/bioraldentalgroup.com (en adelante, el \u00abServicio\u00bb). Esta p\u00e1gina le informa de nuestras pol\u00edticas en materia de recopilaci\u00f3n, uso y divulgaci\u00f3n de datos personales cuando utiliza nuestro Servicio y de las opciones de las que dispone en relaci\u00f3n&hellip;","og_url":"https:\/\/bioraldentalgroup.com\/es\/politicas-de-privacidad\/","og_site_name":"BiOral Dental Group","article_modified_time":"2018-12-19T18:32:44+00:00","twitter_card":"summary_large_image","twitter_misc":{"Tiempo de lectura":"6 minutos"},"schema":{"@context":"https:\/\/schema.org","@graph":[{"@type":"WebPage","@id":"https:\/\/bioraldentalgroup.com\/es\/politicas-de-privacidad\/","url":"https:\/\/bioraldentalgroup.com\/es\/politicas-de-privacidad\/","name":"Pol\u00edticas de Privacidad - BiOral Dental Group","isPartOf":{"@id":"https:\/\/bioraldentalgroup.com\/#website"},"datePublished":"2018-12-19T18:21:33+00:00","dateModified":"2018-12-19T18:32:44+00:00","breadcrumb":{"@id":"https:\/\/bioraldentalgroup.com\/es\/politicas-de-privacidad\/#breadcrumb"},"inLanguage":"es","potentialAction":[{"@type":"ReadAction","target":["https:\/\/bioraldentalgroup.com\/es\/politicas-de-privacidad\/"]}]},{"@type":"BreadcrumbList","@id":"https:\/\/bioraldentalgroup.com\/es\/politicas-de-privacidad\/#breadcrumb","itemListElement":[{"@type":"ListItem","position":1,"name":"Home","item":"https:\/\/bioraldentalgroup.com\/es\/"},{"@type":"ListItem","position":2,"name":"Pol\u00edticas de Privacidad"}]},{"@type":"WebSite","@id":"https:\/\/bioraldentalgroup.com\/#website","url":"https:\/\/bioraldentalgroup.com\/","name":"BiOral Dental Group","description":"Dental Specialists","potentialAction":[{"@type":"SearchAction","target":{"@type":"EntryPoint","urlTemplate":"https:\/\/bioraldentalgroup.com\/?s={search_term_string}"},"query-input":{"@type":"PropertyValueSpecification","valueRequired":true,"valueName":"search_term_string"}}],"inLanguage":"es"}]}},"_links":{"self":[{"href":"https:\/\/bioraldentalgroup.com\/es\/wp-json\/wp\/v2\/pages\/645","targetHints":{"allow":["GET"]}}],"collection":[{"href":"https:\/\/bioraldentalgroup.com\/es\/wp-json\/wp\/v2\/pages"}],"about":[{"href":"https:\/\/bioraldentalgroup.com\/es\/wp-json\/wp\/v2\/types\/page"}],"author":[{"embeddable":true,"href":"https:\/\/bioraldentalgroup.com\/es\/wp-json\/wp\/v2\/users\/1"}],"replies":[{"embeddable":true,"href":"https:\/\/bioraldentalgroup.com\/es\/wp-json\/wp\/v2\/comments?post=645"}],"version-history":[{"count":2,"href":"https:\/\/bioraldentalgroup.com\/es\/wp-json\/wp\/v2\/pages\/645\/revisions"}],"predecessor-version":[{"id":647,"href":"https:\/\/bioraldentalgroup.com\/es\/wp-json\/wp\/v2\/pages\/645\/revisions\/647"}],"wp:attachment":[{"href":"https:\/\/bioraldentalgroup.com\/es\/wp-json\/wp\/v2\/media?parent=645"}],"curies":[{"name":"wp","href":"https:\/\/api.w.org\/{rel}","templated":true}]}}