{"id":634,"date":"2018-12-11T12:34:50","date_gmt":"2018-12-11T20:34:50","guid":{"rendered":"http:\/\/bioraldentalgroup.com\/?page_id=634"},"modified":"2018-12-19T10:18:44","modified_gmt":"2018-12-19T18:18:44","slug":"terminos-y-condiciones","status":"publish","type":"page","link":"https:\/\/bioraldentalgroup.com\/es\/terminos-y-condiciones\/","title":{"rendered":"T\u00e9rminos y Condiciones"},"content":{"rendered":"<p>[vc_row][vc_column][vc_column_text]<\/p>\n<h2><b>T\u00e9rminos y Condiciones<\/b><\/h2>\n<p>&nbsp;<\/p>\n<h3><strong><span style=\"color: #35b3c9;\">Bienvenido a la p\u00e1gina web Bioral!<\/span><\/strong><\/h3>\n<p><span style=\"font-weight: 400;\">Estos t\u00e9rminos y condiciones se describen las normas y reglamentos para el uso de la p\u00e1gina web de Bioral Dental Group, ubicado en http:\/\/bioraldentalgroup.com.<\/span><\/p>\n<p><span style=\"font-weight: 400;\">Al acceder a este sitio web se supone que acepta estos t\u00e9rminos y condiciones. No vuelva a usar sitio web Bioral si no se compromete a asumir todos los t\u00e9rminos y condiciones mencionadas en \u00e9sta p\u00e1gina.<\/span><\/p>\n<p><span style=\"font-weight: 400;\">La siguiente terminolog\u00eda se aplica a estos T\u00e9rminos y Condiciones, Pol\u00edtica de Privacidad y Exclusi\u00f3n de responsabilidad Pie y todos los acuerdos: \u00abCliente\u00bb, \u00abUsted\u00bb y \u00abSu\u00bb se refiere a usted, el registro de las personas en este sitio web y compatible con los t\u00e9rminos y condiciones de la Compa\u00f1\u00eda. \u00abLa Compa\u00f1\u00eda\u00bb, \u00abnosotros\u00bb, \u00abnos\u00bb, \u00abnuestro\u00bb y \u00abnosotros\u00bb, se refiere a nuestra empresa. \u00abParte\u00bb, \u00abPartes\u00bb, o \u00abnosotros\u00bb, se refiere tanto al cliente y nosotros mismos. Todos los t\u00e9rminos se refieren a la oferta, la aceptaci\u00f3n y la consideraci\u00f3n de pagos necesarios para llevar a cabo el proceso de nuestra asistencia al cliente de la manera m\u00e1s apropiada para el prop\u00f3sito expreso de satisfacer las necesidades del cliente con respecto a la prestaci\u00f3n de servicios establecida por la compa\u00f1\u00eda, de acuerdo con y sujeto a la legislaci\u00f3n de los Pa\u00edses Bajos que prevalece.<\/span><\/p>\n<p>&nbsp;<\/p>\n<h3><b>Cookies<\/b><\/h3>\n<p><span style=\"font-weight: 400;\">Empleamos el uso de cookies. Al ingresar en el sitio web Bioral, que acord\u00f3 el uso de cookies de acuerdo con la Pol\u00edtica de Privacidad del Grupo Dental Bioral.<\/span><\/p>\n<p><span style=\"font-weight: 400;\">La mayor\u00eda de los sitios web interactivos utilizan cookies para hacernos recuperar los datos del usuario por cada visita. Las cookies son utilizados por nuestro sitio web para habilitar la funcionalidad de ciertas \u00e1reas para que sea m\u00e1s f\u00e1cil para las personas que visitan nuestro sitio web. Algunos de nuestros socios afiliados \/ publicidad tambi\u00e9n puede utilizar cookies.<\/span><\/p>\n<p>&nbsp;<\/p>\n<h3><b>Licencia<\/b><\/h3>\n<p><span style=\"font-weight: 400;\">A menos que se indique lo contrario, Bioral Dental Group y \/ o sus licenciatarios poseen los derechos de propiedad intelectual de todo el material en el sitio web Bioral. Todos los derechos de propiedad intelectual est\u00e1n reservados. Es posible acceder a esta p\u00e1gina web desde Bioral para su propio uso personal sometido a las restricciones establecidas en estos t\u00e9rminos y condiciones.<\/span><\/p>\n<p><span style=\"font-weight: 400;\">No debes:<\/span><\/p>\n<ul>\n<li><span style=\"font-weight: 400;\"> \u00a0\u00a0\u00a0\u00a0\u00a0Volver a publicar material de la p\u00e1gina web Bioral<\/span><\/li>\n<li><span style=\"font-weight: 400;\"> \u00a0\u00a0\u00a0\u00a0\u00a0Vender, alquilar o sublicenciar el material de la p\u00e1gina web Bioral<\/span><\/li>\n<li><span style=\"font-weight: 400;\"> \u00a0\u00a0\u00a0\u00a0\u00a0Reproducir, duplicar o copiar el material de la p\u00e1gina web Bioral<\/span><\/li>\n<li><span style=\"font-weight: 400;\"> \u00a0\u00a0\u00a0\u00a0\u00a0Redistribuir el contenido de la p\u00e1gina web Bioral<\/span><\/li>\n<\/ul>\n<p><span style=\"font-weight: 400;\">Este Acuerdo comenzar\u00e1 en la fecha del presente.<\/span><\/p>\n<p><span style=\"font-weight: 400;\">Partes de este sitio web ofrecen una oportunidad para que los usuarios publiquen e intercambiar opiniones e informaci\u00f3n en ciertas \u00e1reas del sitio web. Bioral Dental Group no filtra, editar, publicar o revisar los comentarios antes de su presencia en el sitio web. Los comentarios no reflejan los puntos de vista y opiniones de los Bioral Dental Group, sus agentes y \/ o afiliados. Comentarios reflejan los puntos de vista y opiniones de la persona que publican sus puntos de vista y opiniones. En la medida permitida por las leyes aplicables, Bioral Dental Group no se hace responsable de los comentarios o por cualquier responsabilidad, da\u00f1os o gastos causados \u200b\u200by \/ o sufrieron como resultado de cualquier uso y \/ o la publicaci\u00f3n de y \/ o la apariencia de los Comentarios en este sitio web.<\/span><\/p>\n<p><span style=\"font-weight: 400;\">Bioral Dental Group se reserva el derecho de supervisar todos los comentarios y de quitar cualquier comentario que pueden ser considerados inapropiados, ofensivos o que cause el incumplimiento de estos T\u00e9rminos y Condiciones.<\/span><\/p>\n<p><span style=\"font-weight: 400;\">Usted manifiesta y garantiza que:<\/span><\/p>\n<ul>\n<li><span style=\"font-weight: 400;\"> \u00a0\u00a0\u00a0\u00a0\u00a0Usted tiene derecho a publicar los comentarios en nuestro sitio web y tienen todas las licencias y autorizaciones necesarias para ello;<\/span><\/li>\n<li><span style=\"font-weight: 400;\"> \u00a0\u00a0\u00a0\u00a0\u00a0Los comentarios no invaden cualquier derecho de propiedad intelectual, incluyendo sin limitaci\u00f3n los derechos de autor, patentes o marcas comerciales de terceros;<\/span><\/li>\n<li><span style=\"font-weight: 400;\"> \u00a0\u00a0\u00a0\u00a0\u00a0Los comentarios no contienen ning\u00fan material difamatorio, injurioso, ofensivo, indecente o de otra manera ilegal, que es una invasi\u00f3n de la privacidad<\/span><\/li>\n<li><span style=\"font-weight: 400;\"> \u00a0\u00a0\u00a0\u00a0\u00a0Los comentarios no ser\u00e1n utilizados para solicitar o promover las actividades comerciales o de negocios personalizados o presentes o actividad ilegal.<\/span><\/li>\n<\/ul>\n<p><span style=\"font-weight: 400;\">Usted otorga Bioral Dental Group una licencia no exclusiva para usar, reproducir, editar y autorizar a otros a utilizar, reproducir y editar cualquiera de sus comentarios en cualquiera y todas las formas, formatos o medios de comunicaci\u00f3n.<\/span><\/p>\n<p>&nbsp;<\/p>\n<h3><b>Hiperenlaces a nuestro contenido<\/b><\/h3>\n<p><span style=\"font-weight: 400;\">Las siguientes organizaciones pueden enlazar a nuestra web sin el consentimiento previo por escrito:<\/span><\/p>\n<ul>\n<li><span style=\"font-weight: 400;\"> \u00a0\u00a0\u00a0\u00a0\u00a0Agencias gubernamentales;<\/span><\/li>\n<li><span style=\"font-weight: 400;\"> \u00a0\u00a0\u00a0\u00a0\u00a0Los motores de b\u00fasqueda;<\/span><\/li>\n<li><span style=\"font-weight: 400;\"> \u00a0\u00a0\u00a0\u00a0\u00a0Las organizaciones de noticias;<\/span><\/li>\n<li><span style=\"font-weight: 400;\"> \u00a0\u00a0\u00a0\u00a0\u00a0distribuidores de directorio en l\u00ednea puede tener un enlace a nuestro sitio web de la misma manera como lo hiperv\u00ednculo a los sitios web de otras empresas que aparecen; y<\/span><\/li>\n<li><span style=\"font-weight: 400;\"> \u00a0\u00a0\u00a0\u00a0\u00a0Sistema ampl\u00eda Negocios Acreditados excepto solicitando organizaciones sin \u00e1nimo de lucro, centros comerciales, la caridad y grupos de caridad de recaudaci\u00f3n de fondos que puede no hiperv\u00ednculo a nuestro sitio Web.<\/span><\/li>\n<\/ul>\n<p><span style=\"font-weight: 400;\">Estas organizaciones pueden enlazar a nuestra p\u00e1gina de inicio, a las publicaciones o para otra informaci\u00f3n Sitio Web siempre y cuando el enlace: (a) no es de ninguna manera enga\u00f1osa; (B) no implicar falsamente patrocinio, respaldo o la aprobaci\u00f3n de la parte de enlace y sus productos y \/ o servicios; y (c) se inscribe en el contexto de la p\u00e1gina web de la parte que une.<\/span><\/p>\n<p><span style=\"font-weight: 400;\">Podemos considerar y aprobar otras solicitudes de enlace de los siguientes tipos de organizaciones:<\/span><\/p>\n<ul>\n<li><span style=\"font-weight: 400;\"> \u00a0\u00a0\u00a0\u00a0\u00a0las fuentes de consumo y \/ o de informaci\u00f3n comercial com\u00fanmente conocido;<\/span><\/li>\n<li><span style=\"font-weight: 400;\"> \u00a0\u00a0\u00a0\u00a0\u00a0sitios de la comunidad dot.com;<\/span><\/li>\n<li><span style=\"font-weight: 400;\"> \u00a0\u00a0\u00a0\u00a0\u00a0asociaciones u otros grupos que representan a organizaciones ben\u00e9ficas;<\/span><\/li>\n<li><span style=\"font-weight: 400;\"> \u00a0\u00a0\u00a0\u00a0\u00a0distribuidores de directorio en l\u00ednea;<\/span><\/li>\n<li><span style=\"font-weight: 400;\"> \u00a0\u00a0\u00a0\u00a0\u00a0portales de Internet;<\/span><\/li>\n<li><span style=\"font-weight: 400;\"> \u00a0\u00a0\u00a0\u00a0\u00a0contabilidad, derecho y las consultor\u00edas tecnol\u00f3gicas; y<\/span><\/li>\n<li><span style=\"font-weight: 400;\"> \u00a0\u00a0\u00a0\u00a0\u00a0instituciones educativas y asociaciones comerciales.<\/span><\/li>\n<\/ul>\n<p><span style=\"font-weight: 400;\">Vamos a aprobar solicitudes de enlace de estas organizaciones si decidimos que: (a) el enlace no ser\u00eda hacernos parecer desfavorable a nosotros mismos oa nuestros negocios acreditados; (B) la organizaci\u00f3n no tiene ning\u00fan registros negativos con nosotros; (C) el beneficio para nosotros desde la visibilidad del hiperv\u00ednculo compensa la ausencia de Bioral Dental Group; y (d) el enlace est\u00e1 en el contexto de la informaci\u00f3n general de recursos.<\/span><\/p>\n<p><span style=\"font-weight: 400;\">Estas organizaciones pueden enlazar a nuestra p\u00e1gina de inicio, siempre y cuando el enlace: (a) no es de ninguna manera enga\u00f1osa; (B) no implicar falsamente patrocinio, respaldo o aprobaci\u00f3n de la parte que une y sus productos o servicios; y (c) se inscribe en el contexto de la p\u00e1gina web de la parte que une.<\/span><\/p>\n<p><span style=\"font-weight: 400;\">Si usted es una de las organizaciones enumeradas en el p\u00e1rrafo 2 anterior y est\u00e1 interesado en vincular a nuestro sitio Web, deber\u00e1 informarnos mediante el env\u00edo de un correo electr\u00f3nico a Bioral Dental Group. Por favor incluya su nombre, el nombre de organizaci\u00f3n, informaci\u00f3n de contacto, as\u00ed como la URL de su sitio, una lista de las direcciones URL de la que tiene la intenci\u00f3n de vincularse a nuestro sitio Web, y una lista de las URL de nuestro sitio al que le gustar\u00eda enlazar. Esperar 2-3 semanas para obtener una respuesta.<\/span><\/p>\n<p><span style=\"font-weight: 400;\">organizaciones aprobadas pueden hiperv\u00ednculo a nuestro sitio Web de la siguiente manera:<\/span><\/p>\n<ul>\n<li><span style=\"font-weight: 400;\"> \u00a0\u00a0\u00a0\u00a0\u00a0Mediante el uso de nuestra raz\u00f3n social; o<\/span><\/li>\n<li><span style=\"font-weight: 400;\"> \u00a0\u00a0\u00a0\u00a0\u00a0Mediante el uso del localizador uniforme de recursos est\u00e1 vinculado a; o<\/span><\/li>\n<li><span style=\"font-weight: 400;\"> \u00a0\u00a0\u00a0\u00a0\u00a0Mediante el uso de cualquier otra descripci\u00f3n de nuestra p\u00e1gina web est\u00e1 vinculada a que tiene sentido en el contexto y el formato del contenido en el sitio de la fiesta que une.<\/span><\/li>\n<\/ul>\n<p><span style=\"font-weight: 400;\">No se permitir\u00e1 ning\u00fan uso del logotipo de Bioral Dental Group u otra obra para vincular ausente un acuerdo de licencia de marca.<\/span><\/p>\n<p>&nbsp;<\/p>\n<h3><b>iFrames<\/b><\/h3>\n<p><span style=\"font-weight: 400;\">Sin previa autorizaci\u00f3n y permiso por escrito, no podr\u00e1 crear marcos alrededor de nuestras p\u00e1ginas web para modificar de ning\u00fan modo la presentaci\u00f3n o aspecto visual de nuestro sitio Web.<\/span><\/p>\n<p>&nbsp;<\/p>\n<h3><b>Responsabilidad de contenido<\/b><\/h3>\n<p><span style=\"font-weight: 400;\">No seremos responsabilidad ninguna contenido que aparece en su sitio web. Usted se compromete a proteger y defendernos contra todas las reclamaciones que se est\u00e1 levantando en su sitio web. No hay enlace (s) debe aparecer en cualquier sitio web que puede ser interpretado como calumnioso, obsceno o criminal, o que infrinja, viole de otro modo, o aboga por la infracci\u00f3n u otra violaci\u00f3n de cualquier derecho de terceros.<\/span><\/p>\n<p>&nbsp;<\/p>\n<h3><b>Reserva de derechos<\/b><\/h3>\n<p><span style=\"font-weight: 400;\">Nos reservamos el derecho a solicitar que eliminen todos los v\u00ednculos o cualquier enlace en particular en nuestro sitio web. Usted aprueba eliminar de inmediato todos los enlaces a nuestro sitio web a petici\u00f3n. Tambi\u00e9n nos reservamos el derecho de modificar estos t\u00e9rminos y condiciones y es vincular la pol\u00edtica en cualquier momento. Al vincular de forma continua a nuestro sitio Web, usted acepta que quedar\u00e1 vinculado a seguir y estos t\u00e9rminos y condiciones de enlace.<\/span><\/p>\n<p>&nbsp;<\/p>\n<h3><b>La eliminaci\u00f3n de los enlaces de nuestra p\u00e1gina web<\/b><\/h3>\n<p><span style=\"font-weight: 400;\">Si encuentra alg\u00fan enlace en nuestra p\u00e1gina web que es ofensivo por cualquier raz\u00f3n, usted es libre de ponerse en contacto y nos informe cualquier momento. Vamos a considerar solicitudes para retirar enlaces, pero no estamos obligados a m\u00e1s o menos o para responder a usted directamente.<\/span><\/p>\n<p><span style=\"font-weight: 400;\">No nos aseguramos de que la informaci\u00f3n en este sitio web es correcta, no garantizamos su integridad o exactitud; ni nos comprometemos a garantizar que el sitio web sigue estando disponible o que el material en el sitio web se mantiene hasta la fecha.<\/span><\/p>\n<p>&nbsp;<\/p>\n<h3><b>Renuncia<\/b><\/h3>\n<p><span style=\"font-weight: 400;\">En la medida m\u00e1xima permitida por la ley aplicable, excluimos todas las representaciones, garant\u00edas y condiciones relacionados con nuestra p\u00e1gina web y el uso de este sitio web. Nada en la presente se renuncia:<\/span><\/p>\n<ul>\n<li><span style=\"font-weight: 400;\"> \u00a0\u00a0\u00a0\u00a0\u00a0limitar o excluir nuestra o su responsabilidad por muerte o lesiones personales;<\/span><\/li>\n<li><span style=\"font-weight: 400;\"> \u00a0\u00a0\u00a0\u00a0\u00a0limitar o excluir nuestra o su responsabilidad por fraude o tergiversaci\u00f3n fraudulenta;<\/span><\/li>\n<li><span style=\"font-weight: 400;\"> \u00a0\u00a0\u00a0\u00a0\u00a0limitar cualquiera de nuestros o sus pasivos en forma alguna que no est\u00e9 permitida por la ley aplicable; o<\/span><\/li>\n<li><span style=\"font-weight: 400;\"> \u00a0\u00a0\u00a0\u00a0\u00a0excluir cualquiera de nuestros o sus pasivos que no pueden ser excluidos por la ley aplicable.<\/span><\/li>\n<\/ul>\n<p><span style=\"font-weight: 400;\">Las limitaciones y prohibiciones de conjunto responsabilidad en esta secci\u00f3n y en esta exenci\u00f3n de responsabilidad en otras partes: (a) est\u00e1n sujetos al p\u00e1rrafo anterior; y (b) gobiernan todas las responsabilidades que se derivan del descargo de responsabilidad, incluidos los pasivos que surgen en el contrato, en agravio y en caso de incumplimiento de una obligaci\u00f3n legal.<\/span><\/p>\n<p><span style=\"font-weight: 400;\">Mientras el sitio web y la informaci\u00f3n y los servicios en el sitio web se proporcionan de forma gratuita, no seremos responsables por cualquier p\u00e9rdida o da\u00f1o de cualquier naturaleza.<\/span><\/p>\n<p>&nbsp;[\/vc_column_text][\/vc_column][\/vc_row]<\/p>\n","protected":false},"excerpt":{"rendered":"<p>[vc_row][vc_column][vc_column_text] T\u00e9rminos y Condiciones &nbsp; Bienvenido a la p\u00e1gina web Bioral! Estos t\u00e9rminos y condiciones se describen las normas y reglamentos para el uso de la p\u00e1gina web de Bioral Dental Group, ubicado en http:\/\/bioraldentalgroup.com. Al acceder a este sitio web se supone que acepta estos t\u00e9rminos y condiciones. No vuelva a usar sitio web&hellip;<\/p>\n","protected":false},"author":1,"featured_media":0,"parent":0,"menu_order":0,"comment_status":"closed","ping_status":"closed","template":"","meta":{"footnotes":""},"class_list":["post-634","page","type-page","status-publish","hentry","description-off"],"yoast_head":"<!-- This site is optimized with the Yoast SEO plugin v27.5 - https:\/\/yoast.com\/product\/yoast-seo-wordpress\/ -->\n<title>T\u00e9rminos y Condiciones - BiOral Dental Group<\/title>\n<meta name=\"robots\" content=\"index, follow, max-snippet:-1, max-image-preview:large, max-video-preview:-1\" \/>\n<link rel=\"canonical\" href=\"https:\/\/bioraldentalgroup.com\/es\/terminos-y-condiciones\/\" \/>\n<meta property=\"og:locale\" content=\"es_ES\" \/>\n<meta property=\"og:type\" content=\"article\" \/>\n<meta property=\"og:title\" content=\"T\u00e9rminos y Condiciones - BiOral Dental Group\" \/>\n<meta property=\"og:description\" content=\"[vc_row][vc_column][vc_column_text] T\u00e9rminos y Condiciones &nbsp; Bienvenido a la p\u00e1gina web Bioral! Estos t\u00e9rminos y condiciones se describen las normas y reglamentos para el uso de la p\u00e1gina web de Bioral Dental Group, ubicado en http:\/\/bioraldentalgroup.com. Al acceder a este sitio web se supone que acepta estos t\u00e9rminos y condiciones. No vuelva a usar sitio web&hellip;\" \/>\n<meta property=\"og:url\" content=\"https:\/\/bioraldentalgroup.com\/es\/terminos-y-condiciones\/\" \/>\n<meta property=\"og:site_name\" content=\"BiOral Dental Group\" \/>\n<meta property=\"article:modified_time\" content=\"2018-12-19T18:18:44+00:00\" \/>\n<meta name=\"twitter:card\" content=\"summary_large_image\" \/>\n<meta name=\"twitter:label1\" content=\"Tiempo de lectura\" \/>\n\t<meta name=\"twitter:data1\" content=\"9 minutos\" \/>\n<script type=\"application\/ld+json\" class=\"yoast-schema-graph\">{\"@context\":\"https:\\\/\\\/schema.org\",\"@graph\":[{\"@type\":\"WebPage\",\"@id\":\"https:\\\/\\\/bioraldentalgroup.com\\\/es\\\/terminos-y-condiciones\\\/\",\"url\":\"https:\\\/\\\/bioraldentalgroup.com\\\/es\\\/terminos-y-condiciones\\\/\",\"name\":\"T\u00e9rminos y Condiciones - BiOral Dental Group\",\"isPartOf\":{\"@id\":\"https:\\\/\\\/bioraldentalgroup.com\\\/#website\"},\"datePublished\":\"2018-12-11T20:34:50+00:00\",\"dateModified\":\"2018-12-19T18:18:44+00:00\",\"breadcrumb\":{\"@id\":\"https:\\\/\\\/bioraldentalgroup.com\\\/es\\\/terminos-y-condiciones\\\/#breadcrumb\"},\"inLanguage\":\"es\",\"potentialAction\":[{\"@type\":\"ReadAction\",\"target\":[\"https:\\\/\\\/bioraldentalgroup.com\\\/es\\\/terminos-y-condiciones\\\/\"]}]},{\"@type\":\"BreadcrumbList\",\"@id\":\"https:\\\/\\\/bioraldentalgroup.com\\\/es\\\/terminos-y-condiciones\\\/#breadcrumb\",\"itemListElement\":[{\"@type\":\"ListItem\",\"position\":1,\"name\":\"Home\",\"item\":\"https:\\\/\\\/bioraldentalgroup.com\\\/es\\\/\"},{\"@type\":\"ListItem\",\"position\":2,\"name\":\"T\u00e9rminos y Condiciones\"}]},{\"@type\":\"WebSite\",\"@id\":\"https:\\\/\\\/bioraldentalgroup.com\\\/#website\",\"url\":\"https:\\\/\\\/bioraldentalgroup.com\\\/\",\"name\":\"BiOral Dental Group\",\"description\":\"Dental Specialists\",\"potentialAction\":[{\"@type\":\"SearchAction\",\"target\":{\"@type\":\"EntryPoint\",\"urlTemplate\":\"https:\\\/\\\/bioraldentalgroup.com\\\/?s={search_term_string}\"},\"query-input\":{\"@type\":\"PropertyValueSpecification\",\"valueRequired\":true,\"valueName\":\"search_term_string\"}}],\"inLanguage\":\"es\"}]}<\/script>\n<!-- \/ Yoast SEO plugin. -->","yoast_head_json":{"title":"T\u00e9rminos y Condiciones - BiOral Dental Group","robots":{"index":"index","follow":"follow","max-snippet":"max-snippet:-1","max-image-preview":"max-image-preview:large","max-video-preview":"max-video-preview:-1"},"canonical":"https:\/\/bioraldentalgroup.com\/es\/terminos-y-condiciones\/","og_locale":"es_ES","og_type":"article","og_title":"T\u00e9rminos y Condiciones - BiOral Dental Group","og_description":"[vc_row][vc_column][vc_column_text] T\u00e9rminos y Condiciones &nbsp; Bienvenido a la p\u00e1gina web Bioral! Estos t\u00e9rminos y condiciones se describen las normas y reglamentos para el uso de la p\u00e1gina web de Bioral Dental Group, ubicado en http:\/\/bioraldentalgroup.com. Al acceder a este sitio web se supone que acepta estos t\u00e9rminos y condiciones. No vuelva a usar sitio web&hellip;","og_url":"https:\/\/bioraldentalgroup.com\/es\/terminos-y-condiciones\/","og_site_name":"BiOral Dental Group","article_modified_time":"2018-12-19T18:18:44+00:00","twitter_card":"summary_large_image","twitter_misc":{"Tiempo de lectura":"9 minutos"},"schema":{"@context":"https:\/\/schema.org","@graph":[{"@type":"WebPage","@id":"https:\/\/bioraldentalgroup.com\/es\/terminos-y-condiciones\/","url":"https:\/\/bioraldentalgroup.com\/es\/terminos-y-condiciones\/","name":"T\u00e9rminos y Condiciones - BiOral Dental Group","isPartOf":{"@id":"https:\/\/bioraldentalgroup.com\/#website"},"datePublished":"2018-12-11T20:34:50+00:00","dateModified":"2018-12-19T18:18:44+00:00","breadcrumb":{"@id":"https:\/\/bioraldentalgroup.com\/es\/terminos-y-condiciones\/#breadcrumb"},"inLanguage":"es","potentialAction":[{"@type":"ReadAction","target":["https:\/\/bioraldentalgroup.com\/es\/terminos-y-condiciones\/"]}]},{"@type":"BreadcrumbList","@id":"https:\/\/bioraldentalgroup.com\/es\/terminos-y-condiciones\/#breadcrumb","itemListElement":[{"@type":"ListItem","position":1,"name":"Home","item":"https:\/\/bioraldentalgroup.com\/es\/"},{"@type":"ListItem","position":2,"name":"T\u00e9rminos y Condiciones"}]},{"@type":"WebSite","@id":"https:\/\/bioraldentalgroup.com\/#website","url":"https:\/\/bioraldentalgroup.com\/","name":"BiOral Dental Group","description":"Dental Specialists","potentialAction":[{"@type":"SearchAction","target":{"@type":"EntryPoint","urlTemplate":"https:\/\/bioraldentalgroup.com\/?s={search_term_string}"},"query-input":{"@type":"PropertyValueSpecification","valueRequired":true,"valueName":"search_term_string"}}],"inLanguage":"es"}]}},"_links":{"self":[{"href":"https:\/\/bioraldentalgroup.com\/es\/wp-json\/wp\/v2\/pages\/634","targetHints":{"allow":["GET"]}}],"collection":[{"href":"https:\/\/bioraldentalgroup.com\/es\/wp-json\/wp\/v2\/pages"}],"about":[{"href":"https:\/\/bioraldentalgroup.com\/es\/wp-json\/wp\/v2\/types\/page"}],"author":[{"embeddable":true,"href":"https:\/\/bioraldentalgroup.com\/es\/wp-json\/wp\/v2\/users\/1"}],"replies":[{"embeddable":true,"href":"https:\/\/bioraldentalgroup.com\/es\/wp-json\/wp\/v2\/comments?post=634"}],"version-history":[{"count":2,"href":"https:\/\/bioraldentalgroup.com\/es\/wp-json\/wp\/v2\/pages\/634\/revisions"}],"predecessor-version":[{"id":644,"href":"https:\/\/bioraldentalgroup.com\/es\/wp-json\/wp\/v2\/pages\/634\/revisions\/644"}],"wp:attachment":[{"href":"https:\/\/bioraldentalgroup.com\/es\/wp-json\/wp\/v2\/media?parent=634"}],"curies":[{"name":"wp","href":"https:\/\/api.w.org\/{rel}","templated":true}]}}