{"id":472,"date":"2018-02-12T14:58:26","date_gmt":"2018-02-12T22:58:26","guid":{"rendered":"http:\/\/bioraldentalgroup.com\/frequently-asked-questions\/"},"modified":"2022-07-07T09:46:28","modified_gmt":"2022-07-07T17:46:28","slug":"preguntas-frecuentes","status":"publish","type":"page","link":"https:\/\/bioraldentalgroup.com\/es\/preguntas-frecuentes\/","title":{"rendered":"Preguntas Frecuentes"},"content":{"rendered":"<p>[vc_row][vc_column css=\u00bb.vc_custom_1559317243850{padding-bottom: 50px !important;}\u00bb][vc_column_text]<\/p>\n<h3><span style=\"color: #35b3c9;\">\u00bfCon qu\u00e9 frecuencia debo obtener un chequeo y limpieza dental?<\/span><\/h3>\n<p>La Asociaci\u00f3n Dental Americana recomienda que se haga una limpieza dental profesional al menos una vez cada seis meses, pero cambia cuando usted es un paciente que tuvo una enfermedad periodontal y \/ o una enfermedad sist\u00e9mica como la diabetes.<\/p>\n<p>&nbsp;<\/p>\n<h3><span style=\"color: #35b3c9;\">\u00bfCu\u00e1ndo debo llevar a mi hijo al dentista para el primer chequeo?<\/span><\/h3>\n<p>Se recomienda llevar a los ni\u00f1os al dentista por primera vez despu\u00e9s de la erupci\u00f3n de su primer diente, normalmente entre los 6 meses y un a\u00f1o.<br \/>\nLa higiene dental y el cuidado oral son importantes y esenciales para evitar y prevenir las caries, la gingivitis, la enfermedad de las enc\u00edas, la p\u00e9rdida \u00f3sea, la movilidad dental y el mal aliento.<\/p>\n<ul>\n<li>Para anticipar y prevenir estas condiciones, tenemos diferentes servicios.<\/li>\n<li>Limpieza regular de los dientes<\/li>\n<li>T\u00e9cnica de cepillado dental<\/li>\n<li>Control de placa<\/li>\n<li>Selladores dentales (fisura)<\/li>\n<\/ul>\n<p>Los ni\u00f1os en particular se benefician con la odontolog\u00eda preventiva porque les permite a sus dientes adultos en desarrollo volverse fuertes y sanos.<\/p>\n<p>&nbsp;<\/p>\n<h3><span style=\"color: #35b3c9;\">\u00bfOfrecen empastes del color de los dientes? \u00bfPueden reemplazar mis viejos empastes de metal?<\/span><\/h3>\n<p>S\u00ed, se llaman rellenos de resina o compuestos. Se realizan en solo un d\u00eda!<\/p>\n<p>&nbsp;<\/p>\n<h3><span style=\"color: #35b3c9;\">\u00bfQu\u00e9 es la enfermedad periodontal?<\/span><\/h3>\n<p>La enfermedad periodontal, tambi\u00e9n conocida como enfermedad de las enc\u00edas, es un trastorno inflamatorio grave que, si no se trata, puede ocasionar la p\u00e9rdida de los dientes. La palabra periodontal literalmente significa \u00abalrededor del diente\u00bb. La enfermedad periodontal es una enfermedad inflamatoria cr\u00f3nica que afecta las enc\u00edas y el hueso que sostiene los dientes. La enfermedad periodontal puede afectar un diente o muchos dientes. Comienza cuando las bacterias en la placa (la pel\u00edcula pegajosa e incolora que se forma constantemente en los dientes) hace que las enc\u00edas se inflamen.<\/p>\n<p>&nbsp;<\/p>\n<h3><span style=\"color: #35b3c9;\">\u00bfQu\u00e9 puedo hacer en casa para prevenir la enfermedad periodontal?<\/span><\/h3>\n<p>La mejor manera de prevenir la enfermedad periodontal es cuidando bien sus dientes y enc\u00edas en casa. Esto incluye cepillarse los dientes despu\u00e9s de cada comida y antes de acostarse, usar hilo dental por lo menos una vez al d\u00eda y visitar a su dentista o periodoncista para ex\u00e1menes regulares dos veces al a\u00f1o. \u00a1Dedicar unos minutos al d\u00eda a medidas preventivas puede ahorrarle tiempo y dinero en el tratamiento de la enfermedad periodontal!<\/p>\n<p>&nbsp;<\/p>\n<h3><span style=\"color: #35b3c9;\">\u00bfCu\u00e1les son mis opciones para reemplazar un diente perdido?<\/span><\/h3>\n<p>Los implantes dentales son la mejor alternativa posible para reemplazar un diente perdido. Los implantes dentales son ra\u00edces artificiales para los dientes, que se unen a la mand\u00edbula antes de agregar coronas. Los implantes de titanio se fusionan biol\u00f3gicamente con el cuerpo humano. El titanio es el metal en el que los dentistas conf\u00edan debido a la compatibilidad con huesos y tejidos humanos. Los implantes dentales se ajustan a las posiciones de los dientes que faltan y no provocan el rechinar de los dientes vecinos. Se pueden usar como reemplazo de m\u00faltiples dientes y no est\u00e1n limitados en la vida \u00fatil. Los implantes tambi\u00e9n se reparan y se sienten como los dientes normales.<\/p>\n<p>&nbsp;<\/p>\n<h3><span style=\"color: #35b3c9;\">\u00bfQu\u00e9 es un implante dental?<\/span><\/h3>\n<p>T\u00e9cnicamente, un implante dental es una publicaci\u00f3n peque\u00f1a pero muy fuerte hecha de metales o cer\u00e1micas biocompatibles. Bajo anestesia local, se inserta en el hueso de la mand\u00edbula en lugar de la ra\u00edz del diente faltante y act\u00faa como un soporte para el diente. La terapia de implantes dentales es hoy en d\u00eda una t\u00e9cnica de restauraci\u00f3n de \u00faltima generaci\u00f3n que puede cubrir todas las indicaciones. Ha sido cient\u00edficamente probado y utilizado en las \u00faltimas tres d\u00e9cadas por dentistas y cirujanos calificados en todo el mundo.<\/p>\n<p>&nbsp;<\/p>\n<h3><span style=\"color: #35b3c9;\">\u00bfSon costosos los implantes dentales?<\/span><\/h3>\n<p>Contrariamente a lo que pueda pensar, las dentaduras convencionales no son siempre rentables. El dise\u00f1o inicial para el tratamiento con implantes dentales var\u00eda seg\u00fan la cantidad de implantes necesarios y si se requiere un aumento \u00f3seo. Otros factores incluyen la cirug\u00eda misma, el trabajo de laboratorio, la pr\u00f3tesis y los honorarios del dentista y del t\u00e9cnico dental. Se desarrollar\u00e1 un plan de costos solo cuando se hayan abordado todos estos aspectos, y en algunos casos, los implantes dentales pueden ser m\u00e1s econ\u00f3micos a largo plazo.<\/p>\n<p>&nbsp;<\/p>\n<h3><span style=\"color: #35b3c9;\">\u00bfHay alg\u00fan riesgo al colocar implantes dentales?<\/span><\/h3>\n<p>La terapia de implantes no es un enfoque experimental; m\u00e1s bien es una t\u00e9cnica dental m\u00e9dica de probada eficacia que ha sido probada cient\u00edficamente y utilizada durante d\u00e9cadas por dentistas y cirujanos de todo el mundo. Dependiendo de la condici\u00f3n de cada paciente, los factores de riesgo potenciales pueden variar. La mala higiene oral o la cicatrizaci\u00f3n limitada de la herida debido a condiciones m\u00e9dicas preexistentes (por ejemplo, diabetes y osteoporosis) pueden reducir las probabilidades de que el implante permanezca en su lugar. Dado que cada procedimiento quir\u00fargico conlleva riesgos potenciales, su dentista evaluar\u00e1 si los implantes dentales son la opci\u00f3n para usted.<\/p>\n<p>&nbsp;<\/p>\n<h3><span style=\"color: #35b3c9;\">\u00bfHay alguna limitaci\u00f3n de edad para la terapia de implantes dentales?<\/span><\/h3>\n<p>Es posible insertar implantes tan pronto como la mand\u00edbula deje de crecer. Por lo tanto, en pacientes j\u00f3venes, los implantes dentales solo se pueden colocar una vez que sus huesos de la mand\u00edbula est\u00e9n completamente desarrollados. En el otro extremo del espectro, no hay l\u00edmite de edad, dado por supuesto que el paciente no muestra ning\u00fan factor de riesgo m\u00e9dico significativo. Esto ser\u00e1 evaluado por el dentista.<\/p>\n<p>&nbsp;<\/p>\n<h3><span style=\"color: #35b3c9;\">\u00bfCu\u00e1nto tiempo tengo que esperar para mi restauraci\u00f3n final luego de la colocaci\u00f3n de un implante?<\/span><\/h3>\n<p>Despu\u00e9s de la inserci\u00f3n de su implante, el proceso de uni\u00f3n (oseointegraci\u00f3n) dura alrededor de 6-8 semanas. En este momento, el implante alcanza la estabilidad necesaria para soportar el peso como un diente natural. Como siempre, los tiempos de curaci\u00f3n pueden variar dependiendo de la condici\u00f3n e indicaci\u00f3n individual.<\/p>\n<p>&nbsp;<\/p>\n<h3><span style=\"color: #35b3c9;\">\u00bfSe requieren medidas especiales de postratamiento con los implantes?<\/span><\/h3>\n<p>La higiene oral impecable es vital antes de que se pueda colocar un implante. Despu\u00e9s de la inserci\u00f3n, los dientes deben ser cuidados cuidadosamente, independientemente de si son reales o artificiales. La higiene bucal diligente ayuda a asegurar resultados satisfactorios.<\/p>\n<p>&nbsp;<\/p>\n<h3><span style=\"color: #35b3c9;\">\u00bfPor qu\u00e9 necesito un protector bucal?<\/span><\/h3>\n<p>Los protectores bucales se usan para proteger sus dientes contra el bruxismo (rechinamiento de dientes) y son una excelente manera de proteger sus coronas e implantes al evitar una presi\u00f3n adicional sobre ellos.<\/p>\n<p>&nbsp;<\/p>\n<h3><span style=\"color: #35b3c9;\">\u00bfDebo decirle a mi dentista que tengo diabetes o alguna otra condici\u00f3n?<\/span><\/h3>\n<p>S\u00ed, las personas con diabetes y otras enfermedades sist\u00e9micas requieren atenci\u00f3n especial cuando se trata de procedimientos dentales. Incluso si lo anota en su archivo, es muy recomendable que informe a su m\u00e9dico en cada cita sobre su condici\u00f3n y los medicamentos que puede estar tomando.<\/p>\n<p>&nbsp;<\/p>\n<h3><span style=\"color: #35b3c9;\">\u00bfPuedo pagar en d\u00f3lares americanos?<\/span><\/h3>\n<p>S\u00ed, los d\u00f3lares estadounidenses son la moneda local en Tecate. No necesitar\u00e1 ning\u00fan otro tipo de moneda durante su visita.<\/p>\n<p>&nbsp;<\/p>\n<h3><span style=\"color: #35b3c9;\">\u00bfPuedo pagar con tarjeta de cr\u00e9dito o cheque?<\/span><\/h3>\n<p>Bioral Dental Group quiere hacerlo m\u00e1s f\u00e1cil para usted; Aceptamos efectivo, cheques y tarjetas de cr\u00e9dito. Se aplicar\u00e1 una tarifa del 4% en todos los pagos con tarjeta de cr\u00e9dito y d\u00e9bito.<\/p>\n<p>&nbsp;<\/p>\n<h3><span style=\"color: #35b3c9;\">\u00bfOfrecen sedaci\u00f3n?<\/span><\/h3>\n<p>S\u00ed, no necesitar\u00e1 sedaci\u00f3n para ning\u00fan tratamiento, se aplicar\u00e1 anestesia local. Sin embargo, si prefiere que lo sedaren, podemos organizarlo para usted. Tenemos un anestesi\u00f3logo en nuestro equipo. Sedaci\u00f3n intravenosa se puede utilizar a petici\u00f3n del paciente. Informe a nuestro personal si elige usar este servicio al momento de programar su cita.<\/p>\n<p>&nbsp;<\/p>\n<h3><span style=\"color: #35b3c9;\">Voy a Tecate, \u00bfd\u00f3nde puedo dejar mi auto?<\/span><\/h3>\n<p>Bioral Dental Group tiene su propio estacionamiento GRATUITO para nuestros pacientes.<br \/>\nSi lo prefiere, puede estacionar su autom\u00f3vil en el estacionamiento de los Estados Unidos y pedirle a nuestro personal que env\u00ede a alguien a recogerlo en la frontera de forma GRATUITA.<\/p>\n<p>&nbsp;<\/p>\n<h3><span style=\"color: #35b3c9;\">\u00bfD\u00f3nde puedo pasar la noche?<\/span><\/h3>\n<p>Recomendamos estos tres lugares para quedarse y relajarse durante la noche:<\/p>\n<ul>\n<li>Santuario Diegueno: <a href=\"http:\/\/www.santuariodiegueno.com\/\" target=\"_blank\" rel=\"noopener\">http:\/\/www.santuariodiegueno.com\/<\/a><\/li>\n<li>Estancia Inn: <a href=\"http:\/\/www.estanciainn.com.mx\/\" target=\"_blank\" rel=\"noopener\">http:\/\/www.estanciainn.com.mx\/<\/a><\/li>\n<li>Rancho Tecate: <a href=\"https:\/\/ranchotecate.mx\/\" target=\"_blank\" rel=\"noopener\">https:\/\/ranchotecate.mx\/<\/a><\/li>\n<li>Hotel Hacienda Santana: <a href=\"https:\/\/facebook.com\/Hacienda-Santana-137056983595102\/\" target=\"_blank\" rel=\"noopener\">https:\/\/facebook.com\/Hacienda-Santana-137056983595102\/<\/a><\/li>\n<\/ul>\n<p>&nbsp;<\/p>\n<h3><span style=\"color: #35b3c9;\">\u00bfD\u00f3nde puedo obtener una comida?<\/span><\/h3>\n<ul>\n<li>El Lugar de Nos: <a href=\"https:\/\/facebook.com\/LugarDeNos\/\" target=\"_blank\" rel=\"noopener\">https:\/\/facebook.com\/LugarDeNos\/<\/a><\/li>\n<li>La Cocina Que Canta (el cafecito 3 estrellas): <a href=\"https:\/\/www.facebook.com\/lacocinaquecanta\" target=\"_blank\" rel=\"noopener\">https:\/\/www.facebook.com\/lacocinaquecanta<\/a><\/li>\n<li>Asao Restaurant: <a href=\"http:\/\/www.santuariodiegueno.com\/\" target=\"_blank\" rel=\"noopener\">http:\/\/www.santuariodiegueno.com\/<\/a><\/li>\n<\/ul>\n<p>&nbsp;<\/p>\n<h3><span style=\"color: #35b3c9;\">\u00bfHay lugares cerca de la ciudad para visitar?<\/span><\/h3>\n<p>\u00a1S\u00ed! Tecate es el coraz\u00f3n de Baja California porque se encuentra cerca del Valle de Guadalupe (bodegas), Ensenada, Rosarito, Tijuana y Mexicali.[\/vc_column_text][\/vc_column][\/vc_row][vc_row][vc_column][\/vc_column][\/vc_row][vc_section full_width=\u00bbstretch_row\u00bb content_placement=\u00bbmiddle\u00bb css=\u00bb.vc_custom_1657215986258{margin-bottom: 0px !important;padding-top: 40px !important;padding-bottom: 30px !important;background-color: #35b3c9 !important;}\u00bb el_class=\u00bbcta-section\u00bb][vc_row][vc_column css_animation=\u00bbfadeInLeft\u00bb][vc_row_inner][vc_column_inner width=\u00bb2\/3&#8243;][vc_column_text]<\/p>\n<h3 style=\"text-align: center;\"><span style=\"color: #ffffff; font-size: 30px;\">\u201cLa est\u00e9tica es la expresi\u00f3n final de la integraci\u00f3n biol\u00f3gica, funcional y estructural de los diferentes componentes del aparato masticatorio\u201d<\/span><\/h3>\n<p style=\"text-align: center;\"><span style=\"color: #ffcc00;\">-Peter Dowson<\/span><\/p>\n<p>[\/vc_column_text][\/vc_column_inner][vc_column_inner width=\u00bb1\/3&#8243; css=\u00bb.vc_custom_1548786727651{padding-top: 20px !important;padding-bottom: 20px !important;}\u00bb][vc_column_text]<\/p>\n<p style=\"text-align: center;\"><a class=\"dark-button popmake-1483\" href=\"#\">Agendar Mi Cita<\/a><\/p>\n<p>[\/vc_column_text][\/vc_column_inner][\/vc_row_inner][\/vc_column][\/vc_row][\/vc_section]<\/p>\n","protected":false},"excerpt":{"rendered":"<p>[vc_row][vc_column css=\u00bb.vc_custom_1559317243850{padding-bottom: 50px !important;}\u00bb][vc_column_text] \u00bfCon qu\u00e9 frecuencia debo obtener un chequeo y limpieza dental? La Asociaci\u00f3n Dental Americana recomienda que se haga una limpieza dental profesional al menos una vez cada seis meses, pero cambia cuando usted es un paciente que tuvo una enfermedad periodontal y \/ o una enfermedad sist\u00e9mica como la diabetes. &nbsp;&hellip;<\/p>\n","protected":false},"author":1,"featured_media":0,"parent":0,"menu_order":0,"comment_status":"closed","ping_status":"closed","template":"","meta":{"footnotes":""},"class_list":["post-472","page","type-page","status-publish","hentry","description-off"],"yoast_head":"<!-- This site is optimized with the Yoast SEO plugin v27.4 - https:\/\/yoast.com\/product\/yoast-seo-wordpress\/ -->\n<title>Preguntas Frecuentes | BiOral Dental Group | Tecate, Mexico<\/title>\n<meta name=\"description\" content=\"\u00bfTienes alguna duda antes de tu cita ? Estas son las respuestas a las preguntas que nos hacen nuestros pacientes con frecuencia.\" \/>\n<meta name=\"robots\" content=\"index, follow, max-snippet:-1, max-image-preview:large, max-video-preview:-1\" \/>\n<link rel=\"canonical\" href=\"https:\/\/bioraldentalgroup.com\/es\/preguntas-frecuentes\/\" \/>\n<meta property=\"og:locale\" content=\"es_ES\" \/>\n<meta property=\"og:type\" content=\"article\" \/>\n<meta property=\"og:title\" content=\"Preguntas Frecuentes | BiOral Dental Group | Tecate, Mexico\" \/>\n<meta property=\"og:description\" content=\"\u00bfTienes alguna duda antes de tu cita ? Estas son las respuestas a las preguntas que nos hacen nuestros pacientes con frecuencia.\" \/>\n<meta property=\"og:url\" content=\"https:\/\/bioraldentalgroup.com\/es\/preguntas-frecuentes\/\" \/>\n<meta property=\"og:site_name\" content=\"BiOral Dental Group\" \/>\n<meta property=\"article:modified_time\" content=\"2022-07-07T17:46:28+00:00\" \/>\n<meta name=\"twitter:card\" content=\"summary_large_image\" \/>\n<meta name=\"twitter:label1\" content=\"Tiempo de lectura\" \/>\n\t<meta name=\"twitter:data1\" content=\"8 minutos\" \/>\n<script type=\"application\/ld+json\" class=\"yoast-schema-graph\">{\"@context\":\"https:\\\/\\\/schema.org\",\"@graph\":[{\"@type\":\"WebPage\",\"@id\":\"https:\\\/\\\/bioraldentalgroup.com\\\/es\\\/preguntas-frecuentes\\\/\",\"url\":\"https:\\\/\\\/bioraldentalgroup.com\\\/es\\\/preguntas-frecuentes\\\/\",\"name\":\"Preguntas Frecuentes | BiOral Dental Group | Tecate, Mexico\",\"isPartOf\":{\"@id\":\"https:\\\/\\\/bioraldentalgroup.com\\\/#website\"},\"datePublished\":\"2018-02-12T22:58:26+00:00\",\"dateModified\":\"2022-07-07T17:46:28+00:00\",\"description\":\"\u00bfTienes alguna duda antes de tu cita ? Estas son las respuestas a las preguntas que nos hacen nuestros pacientes con frecuencia.\",\"breadcrumb\":{\"@id\":\"https:\\\/\\\/bioraldentalgroup.com\\\/es\\\/preguntas-frecuentes\\\/#breadcrumb\"},\"inLanguage\":\"es\",\"potentialAction\":[{\"@type\":\"ReadAction\",\"target\":[\"https:\\\/\\\/bioraldentalgroup.com\\\/es\\\/preguntas-frecuentes\\\/\"]}]},{\"@type\":\"BreadcrumbList\",\"@id\":\"https:\\\/\\\/bioraldentalgroup.com\\\/es\\\/preguntas-frecuentes\\\/#breadcrumb\",\"itemListElement\":[{\"@type\":\"ListItem\",\"position\":1,\"name\":\"Home\",\"item\":\"https:\\\/\\\/bioraldentalgroup.com\\\/es\\\/\"},{\"@type\":\"ListItem\",\"position\":2,\"name\":\"Preguntas Frecuentes\"}]},{\"@type\":\"WebSite\",\"@id\":\"https:\\\/\\\/bioraldentalgroup.com\\\/#website\",\"url\":\"https:\\\/\\\/bioraldentalgroup.com\\\/\",\"name\":\"BiOral Dental Group\",\"description\":\"Dental Specialists\",\"potentialAction\":[{\"@type\":\"SearchAction\",\"target\":{\"@type\":\"EntryPoint\",\"urlTemplate\":\"https:\\\/\\\/bioraldentalgroup.com\\\/?s={search_term_string}\"},\"query-input\":{\"@type\":\"PropertyValueSpecification\",\"valueRequired\":true,\"valueName\":\"search_term_string\"}}],\"inLanguage\":\"es\"}]}<\/script>\n<!-- \/ Yoast SEO plugin. -->","yoast_head_json":{"title":"Preguntas Frecuentes | BiOral Dental Group | Tecate, Mexico","description":"\u00bfTienes alguna duda antes de tu cita ? Estas son las respuestas a las preguntas que nos hacen nuestros pacientes con frecuencia.","robots":{"index":"index","follow":"follow","max-snippet":"max-snippet:-1","max-image-preview":"max-image-preview:large","max-video-preview":"max-video-preview:-1"},"canonical":"https:\/\/bioraldentalgroup.com\/es\/preguntas-frecuentes\/","og_locale":"es_ES","og_type":"article","og_title":"Preguntas Frecuentes | BiOral Dental Group | Tecate, Mexico","og_description":"\u00bfTienes alguna duda antes de tu cita ? Estas son las respuestas a las preguntas que nos hacen nuestros pacientes con frecuencia.","og_url":"https:\/\/bioraldentalgroup.com\/es\/preguntas-frecuentes\/","og_site_name":"BiOral Dental Group","article_modified_time":"2022-07-07T17:46:28+00:00","twitter_card":"summary_large_image","twitter_misc":{"Tiempo de lectura":"8 minutos"},"schema":{"@context":"https:\/\/schema.org","@graph":[{"@type":"WebPage","@id":"https:\/\/bioraldentalgroup.com\/es\/preguntas-frecuentes\/","url":"https:\/\/bioraldentalgroup.com\/es\/preguntas-frecuentes\/","name":"Preguntas Frecuentes | BiOral Dental Group | Tecate, Mexico","isPartOf":{"@id":"https:\/\/bioraldentalgroup.com\/#website"},"datePublished":"2018-02-12T22:58:26+00:00","dateModified":"2022-07-07T17:46:28+00:00","description":"\u00bfTienes alguna duda antes de tu cita ? Estas son las respuestas a las preguntas que nos hacen nuestros pacientes con frecuencia.","breadcrumb":{"@id":"https:\/\/bioraldentalgroup.com\/es\/preguntas-frecuentes\/#breadcrumb"},"inLanguage":"es","potentialAction":[{"@type":"ReadAction","target":["https:\/\/bioraldentalgroup.com\/es\/preguntas-frecuentes\/"]}]},{"@type":"BreadcrumbList","@id":"https:\/\/bioraldentalgroup.com\/es\/preguntas-frecuentes\/#breadcrumb","itemListElement":[{"@type":"ListItem","position":1,"name":"Home","item":"https:\/\/bioraldentalgroup.com\/es\/"},{"@type":"ListItem","position":2,"name":"Preguntas Frecuentes"}]},{"@type":"WebSite","@id":"https:\/\/bioraldentalgroup.com\/#website","url":"https:\/\/bioraldentalgroup.com\/","name":"BiOral Dental Group","description":"Dental Specialists","potentialAction":[{"@type":"SearchAction","target":{"@type":"EntryPoint","urlTemplate":"https:\/\/bioraldentalgroup.com\/?s={search_term_string}"},"query-input":{"@type":"PropertyValueSpecification","valueRequired":true,"valueName":"search_term_string"}}],"inLanguage":"es"}]}},"_links":{"self":[{"href":"https:\/\/bioraldentalgroup.com\/es\/wp-json\/wp\/v2\/pages\/472","targetHints":{"allow":["GET"]}}],"collection":[{"href":"https:\/\/bioraldentalgroup.com\/es\/wp-json\/wp\/v2\/pages"}],"about":[{"href":"https:\/\/bioraldentalgroup.com\/es\/wp-json\/wp\/v2\/types\/page"}],"author":[{"embeddable":true,"href":"https:\/\/bioraldentalgroup.com\/es\/wp-json\/wp\/v2\/users\/1"}],"replies":[{"embeddable":true,"href":"https:\/\/bioraldentalgroup.com\/es\/wp-json\/wp\/v2\/comments?post=472"}],"version-history":[{"count":8,"href":"https:\/\/bioraldentalgroup.com\/es\/wp-json\/wp\/v2\/pages\/472\/revisions"}],"predecessor-version":[{"id":2015,"href":"https:\/\/bioraldentalgroup.com\/es\/wp-json\/wp\/v2\/pages\/472\/revisions\/2015"}],"wp:attachment":[{"href":"https:\/\/bioraldentalgroup.com\/es\/wp-json\/wp\/v2\/media?parent=472"}],"curies":[{"name":"wp","href":"https:\/\/api.w.org\/{rel}","templated":true}]}}