{"id":197,"date":"2017-08-01T18:53:40","date_gmt":"2017-08-02T02:53:40","guid":{"rendered":"http:\/\/bioraldentalgroup.com\/es\/?page_id=197"},"modified":"2022-07-07T09:49:27","modified_gmt":"2022-07-07T17:49:27","slug":"contacto","status":"publish","type":"page","link":"https:\/\/bioraldentalgroup.com\/es\/contacto\/","title":{"rendered":"Contacto"},"content":{"rendered":"<p>[vc_row margin_bottom=\u00bb50px\u00bb][vc_column width=\u00bb2\/3&#8243; css=\u00bb.vc_custom_1518600032755{padding-top: 20px !important;padding-bottom: 20px !important;}\u00bb][vc_column_text]<\/p>\n<h3><span style=\"color: #35b3c9;\">Env\u00ede un Mensaje<\/span><\/h3>\n<hr \/>\n<p>[\/vc_column_text][vc_column_text]Cont\u00e1ctenos si tiene alguna duda o quiere agendar una cita. Nuestro equipo estar\u00e1 feliz de atenderle.[\/vc_column_text][vc_empty_space]\n<div class=\"wpcf7 no-js\" id=\"wpcf7-f172-o1\" lang=\"en\" dir=\"ltr\" data-wpcf7-id=\"172\">\n<div class=\"screen-reader-response\"><p role=\"status\" aria-live=\"polite\" aria-atomic=\"true\"><\/p> <ul><\/ul><\/div>\n<form action=\"\/es\/wp-json\/wp\/v2\/pages\/197#wpcf7-f172-o1\" method=\"post\" class=\"wpcf7-form init\" aria-label=\"Formulario de contacto\" novalidate=\"novalidate\" data-status=\"init\">\n<fieldset class=\"hidden-fields-container\"><input type=\"hidden\" name=\"_wpcf7\" value=\"172\" \/><input type=\"hidden\" name=\"_wpcf7_version\" value=\"6.1.5\" \/><input type=\"hidden\" name=\"_wpcf7_locale\" value=\"en\" \/><input type=\"hidden\" name=\"_wpcf7_unit_tag\" value=\"wpcf7-f172-o1\" \/><input type=\"hidden\" name=\"_wpcf7_container_post\" value=\"0\" \/><input type=\"hidden\" name=\"_wpcf7_posted_data_hash\" value=\"\" \/>\n<\/fieldset>\n<p><label> Nombre<br \/>\n<span class=\"wpcf7-form-control-wrap\" data-name=\"your-name\"><input size=\"40\" maxlength=\"400\" class=\"wpcf7-form-control wpcf7-text wpcf7-validates-as-required\" aria-required=\"true\" aria-invalid=\"false\" value=\"\" type=\"text\" name=\"your-name\" \/><\/span> <\/label>\n<\/p>\n<p><label> Correo Electr\u00f3nico<br \/>\n<span class=\"wpcf7-form-control-wrap\" data-name=\"your-email\"><input size=\"40\" maxlength=\"400\" class=\"wpcf7-form-control wpcf7-email wpcf7-validates-as-required wpcf7-text wpcf7-validates-as-email\" aria-required=\"true\" aria-invalid=\"false\" value=\"\" type=\"email\" name=\"your-email\" \/><\/span> <\/label>\n<\/p>\n<p><label> Mensaje<br \/>\n<span class=\"wpcf7-form-control-wrap\" data-name=\"your-message\"><textarea cols=\"40\" rows=\"10\" maxlength=\"2000\" class=\"wpcf7-form-control wpcf7-textarea\" aria-invalid=\"false\" name=\"your-message\"><\/textarea><\/span> <\/label>\n<\/p>\n<p><input class=\"wpcf7-form-control wpcf7-submit has-spinner\" type=\"submit\" value=\"Enviar\" \/>\n<\/p><input type='hidden' class='wpcf7-pum' value='{\"closepopup\":false,\"closedelay\":0,\"openpopup\":false,\"openpopup_id\":0}' \/><div class=\"wpcf7-response-output\" aria-hidden=\"true\"><\/div>\n<\/form>\n<\/div>\n[\/vc_column][vc_column width=\u00bb1\/3&#8243; css=\u00bb.vc_custom_1549476591580{padding-top: 20px !important;padding-bottom: 50px !important;}\u00bb][vc_column_text el_id=\u00bbcontact-info\u00bb]<\/p>\n<h3><span style=\"color: #35b3c9;\">Informaci\u00f3n de Contacto<\/span><\/h3>\n<hr \/>\n<p>[\/vc_column_text][vc_column_text]<\/p>\n<h4 class=\"title\"><i class=\"fa fa-map-marker\"><\/i> Direcci\u00f3n<\/h4>\n<p>Presidente Emilio Portes Gil 92, Esteban Cant\u00fa, Esteban Cantu, 21420 Tecate, B.C.<\/p>\n<p>&nbsp;<\/p>\n<h4 class=\"title\"><i class=\"fa fa-phone-square\"><\/i> Tel\u00e9fonos<\/h4>\n<p class=\"title\"><span style=\"color: #808080;\">US<\/span>\u00a01 (619) 467 \u2013 4190<\/p>\n<p class=\"title\"><span style=\"color: #808080;\">Mexico\u00a0<\/span>01 (665) 122\u00a0\u2013 1513<\/p>\n<p>&nbsp;<\/p>\n<h4 class=\"title\"><i class=\"fa fa-envelope-square\"><\/i> Email<\/h4>\n<p>bioraldentalgroup@gmail.com[\/vc_column_text][\/vc_column][\/vc_row][vc_section full_width=\u00bbstretch_row_content\u00bb][vc_row][vc_column][vc_raw_html]JTNDaWZyYW1lJTIwc3JjJTNEJTIyaHR0cHMlM0ElMkYlMkZ3d3cuZ29vZ2xlLmNvbSUyRm1hcHMlMkZlbWJlZCUzRnBiJTNEJTIxMW0zNCUyMTFtMTIlMjExbTMlMjExZDIxNDk2NC42MjU1ODQ2MTE2NCUyMTJkLTExNy4wNTcwOTg5NzE4MTY1NyUyMTNkMzIuNjY0MTczMjkzMTMzNDUlMjEybTMlMjExZjAlMjEyZjAlMjEzZjAlMjEzbTIlMjExaTEwMjQlMjEyaTc2OCUyMTRmMTMuMSUyMTRtMTklMjEzZTAlMjE0bTUlMjExczB4ODBkZWFiMzk0NGYxZTZlZiUyNTNBMHhkYzJlNDZmOTU3NTUwYjZiJTIxMnNTYW4lMkJEaWVnbyUyQkFpcnBvcnQlMjUyQyUyQk5vcnRoJTJCSGFyYm9yJTJCRHJpdmUlMjUyQyUyQlNhbiUyQkRpZWdvJTI1MkMlMkJDQSUyNTJDJTJCVVNBJTIxM20yJTIxMWQzMi43MzM4MDA1OTk5OTk5OTUlMjEyZC0xMTcuMTkzMzAzOCUyMTRtNSUyMTFzMHg4MGQ5NWM5N2Q3YzhlODc1JTI1M0EweGIxOWRiMDYyYjU2MWJjMTYlMjEyc0phbXVsJTI1MkMlMkJDQSUyNTJDJTJCVVNBJTIxM20yJTIxMWQzMi43MTY5OTg4JTIxMmQtMTE2Ljg3NjEzNDclMjE0bTUlMjExczB4ODBkOTEyYmE1OTdlNjk0NSUyNTNBMHhjOTI2YTBmMWRkZDNjODJmJTIxMnNCaW9yYWwlMkJEZW50YWwlMkJHcm91cCUyNTJDJTJCUHJlc2lkZW50ZSUyQkVtaWxpbyUyQlBvcnRlcyUyQkdpbCUyQjkyJTI1MkMlMkJFc3RlYmFuJTJCQ2FudCUyNUMzJTI1QkElMjUyQyUyQkVzdGViYW4lMkJDYW50dSUyNTJDJTJCMjE0MjAlMkJUZWNhdGUlMjUyQyUyQkIuQy4lMjEzbTIlMjExZDMyLjU3NTA2ODUlMjEyZC0xMTYuNjIzMjYwNjk5OTk5OTklMjE1ZTAlMjEzbTIlMjExc2VuJTIxMnNteCUyMTR2MTU0OTQ3MDcyNzQyMCUyMiUyMHdpZHRoJTNEJTIyMTAwJTI1JTIyJTIwaGVpZ2h0JTNEJTIyNjUwJTIyJTIwZnJhbWVib3JkZXIlM0QlMjIwJTIyJTIwc3R5bGUlM0QlMjJib3JkZXIlM0EwJTIyJTIwYWxsb3dmdWxsc2NyZWVuJTNFJTNDJTJGaWZyYW1lJTNF[\/vc_raw_html][\/vc_column][\/vc_row][\/vc_section][vc_section full_width=\u00bbstretch_row_content\u00bb css=\u00bb.vc_custom_1549474416572{padding-top: 00px !important;padding-right: 20px !important;padding-bottom: 20px !important;padding-left: 20px !important;background-color: #0085a0 !important;}\u00bb][vc_row][vc_column width=\u00bb1\/3&#8243;][vc_icon icon_fontawesome=\u00bbfa fa-car\u00bb color=\u00bbgrey\u00bb align=\u00bbcenter\u00bb css=\u00bb.vc_custom_1549474811108{margin-top: 0px !important;margin-bottom: 0px !important;padding-top: 10px !important;padding-bottom: 0px !important;}\u00bb][vc_column_text css=\u00bb.vc_custom_1559318396636{padding-top: 0px !important;}\u00bb]<\/p>\n<p style=\"text-align: center;\"><span style=\"color: #ffffff;\">Tome I-5 S y despu\u00e9s CA- 94 E\/ Campo Rd<\/span><\/p>\n<p>[\/vc_column_text][\/vc_column][vc_column width=\u00bb1\/3&#8243;][vc_icon icon_fontawesome=\u00bbfa fa-chevron-circle-right\u00bb color=\u00bbgrey\u00bb align=\u00bbcenter\u00bb css=\u00bb.vc_custom_1549475328576{margin-top: 0px !important;margin-bottom: 0px !important;padding-top: 10px !important;padding-bottom: 0px !important;}\u00bb][vc_column_text css=\u00bb.vc_custom_1559318654017{padding-top: 0px !important;}\u00bb]<\/p>\n<p style=\"text-align: center;\"><span style=\"color: #ffffff;\">Derecha hacia CA-188 y cruce la garita a M\u00e9xico<\/span><\/p>\n<p>[\/vc_column_text][\/vc_column][vc_column width=\u00bb1\/3&#8243;][vc_icon icon_fontawesome=\u00bbfa fa-map-marker\u00bb color=\u00bbgrey\u00bb align=\u00bbcenter\u00bb css=\u00bb.vc_custom_1549475411184{margin-top: 0px !important;margin-bottom: 0px !important;padding-top: 10px !important;padding-bottom: 0px !important;}\u00bb][vc_column_text css=\u00bb.vc_custom_1559318676407{padding-top: 0px !important;}\u00bb]<\/p>\n<p style=\"text-align: center;\"><span style=\"color: #ffffff;\">Izquierda en Revoluci\u00f3n y derecha en Presidente Emilio Portes Gil <\/span><\/p>\n<p>[\/vc_column_text][\/vc_column][\/vc_row][\/vc_section][vc_section full_width=\u00bbstretch_row\u00bb content_placement=\u00bbmiddle\u00bb css=\u00bb.vc_custom_1657216165824{margin-bottom: 0px !important;padding-top: 40px !important;padding-bottom: 30px !important;background-color: #35b3c9 !important;}\u00bb el_class=\u00bbcta-section\u00bb][vc_row][vc_column css_animation=\u00bbfadeInLeft\u00bb][vc_row_inner][vc_column_inner width=\u00bb2\/3&#8243;][vc_column_text]<\/p>\n<h3 style=\"text-align: center;\"><span style=\"color: #ffffff; font-size: 30px;\">\u201cLa est\u00e9tica es la expresi\u00f3n final de la integraci\u00f3n biol\u00f3gica, funcional y estructural de los diferentes componentes del aparato masticatorio\u201d<\/span><\/h3>\n<p style=\"text-align: center;\"><span style=\"color: #ffcc00;\">-Peter Dowson<\/span><\/p>\n<p>[\/vc_column_text][\/vc_column_inner][vc_column_inner width=\u00bb1\/3&#8243; css=\u00bb.vc_custom_1548786727651{padding-top: 20px !important;padding-bottom: 20px !important;}\u00bb][vc_column_text]<\/p>\n<p style=\"text-align: center;\"><a class=\"dark-button popmake-1483\" href=\"#\">Agendar Mi Cita<\/a><\/p>\n<p>[\/vc_column_text][\/vc_column_inner][\/vc_row_inner][\/vc_column][\/vc_row][\/vc_section]<\/p>\n","protected":false},"excerpt":{"rendered":"<p>[vc_row margin_bottom=\u00bb50px\u00bb][vc_column width=\u00bb2\/3&#8243; css=\u00bb.vc_custom_1518600032755{padding-top: 20px !important;padding-bottom: 20px !important;}\u00bb][vc_column_text] Env\u00ede un Mensaje [\/vc_column_text][vc_column_text]Cont\u00e1ctenos si tiene alguna duda o quiere agendar una cita. Nuestro equipo estar\u00e1 feliz de atenderle.[\/vc_column_text][vc_empty_space][\/vc_column][vc_column width=\u00bb1\/3&#8243; css=\u00bb.vc_custom_1549476591580{padding-top: 20px !important;padding-bottom: 50px !important;}\u00bb][vc_column_text el_id=\u00bbcontact-info\u00bb] Informaci\u00f3n de Contacto [\/vc_column_text][vc_column_text] Direcci\u00f3n Presidente Emilio Portes Gil 92, Esteban Cant\u00fa, Esteban Cantu, 21420 Tecate, B.C. &nbsp; Tel\u00e9fonos US\u00a01 (619)&hellip;<\/p>\n","protected":false},"author":1,"featured_media":0,"parent":0,"menu_order":0,"comment_status":"closed","ping_status":"closed","template":"","meta":{"footnotes":""},"class_list":["post-197","page","type-page","status-publish","hentry","description-off"],"yoast_head":"<!-- This site is optimized with the Yoast SEO plugin v27.4 - https:\/\/yoast.com\/product\/yoast-seo-wordpress\/ -->\n<title>Send us a Message | BiOral Dental Group | Tecate, Mexico<\/title>\n<meta name=\"description\" content=\"Send us a message if you have any question about or services or want to book an appointment. Our team will be happy to help you!\" \/>\n<meta name=\"robots\" content=\"index, follow, max-snippet:-1, max-image-preview:large, max-video-preview:-1\" \/>\n<link rel=\"canonical\" href=\"https:\/\/bioraldentalgroup.com\/es\/contacto\/\" \/>\n<meta property=\"og:locale\" content=\"es_ES\" \/>\n<meta property=\"og:type\" content=\"article\" \/>\n<meta property=\"og:title\" content=\"Send us a Message | BiOral Dental Group | Tecate, Mexico\" \/>\n<meta property=\"og:description\" content=\"Send us a message if you have any question about or services or want to book an appointment. Our team will be happy to help you!\" \/>\n<meta property=\"og:url\" content=\"https:\/\/bioraldentalgroup.com\/es\/contacto\/\" \/>\n<meta property=\"og:site_name\" content=\"BiOral Dental Group\" \/>\n<meta property=\"article:modified_time\" content=\"2022-07-07T17:49:27+00:00\" \/>\n<meta name=\"twitter:card\" content=\"summary_large_image\" \/>\n<meta name=\"twitter:label1\" content=\"Tiempo de lectura\" \/>\n\t<meta name=\"twitter:data1\" content=\"1 minuto\" \/>\n<script type=\"application\/ld+json\" class=\"yoast-schema-graph\">{\"@context\":\"https:\\\/\\\/schema.org\",\"@graph\":[{\"@type\":\"WebPage\",\"@id\":\"https:\\\/\\\/bioraldentalgroup.com\\\/es\\\/contacto\\\/\",\"url\":\"https:\\\/\\\/bioraldentalgroup.com\\\/es\\\/contacto\\\/\",\"name\":\"Send us a Message | BiOral Dental Group | Tecate, Mexico\",\"isPartOf\":{\"@id\":\"https:\\\/\\\/bioraldentalgroup.com\\\/#website\"},\"datePublished\":\"2017-08-02T02:53:40+00:00\",\"dateModified\":\"2022-07-07T17:49:27+00:00\",\"description\":\"Send us a message if you have any question about or services or want to book an appointment. Our team will be happy to help you!\",\"breadcrumb\":{\"@id\":\"https:\\\/\\\/bioraldentalgroup.com\\\/es\\\/contacto\\\/#breadcrumb\"},\"inLanguage\":\"es\",\"potentialAction\":[{\"@type\":\"ReadAction\",\"target\":[\"https:\\\/\\\/bioraldentalgroup.com\\\/es\\\/contacto\\\/\"]}]},{\"@type\":\"BreadcrumbList\",\"@id\":\"https:\\\/\\\/bioraldentalgroup.com\\\/es\\\/contacto\\\/#breadcrumb\",\"itemListElement\":[{\"@type\":\"ListItem\",\"position\":1,\"name\":\"Home\",\"item\":\"https:\\\/\\\/bioraldentalgroup.com\\\/es\\\/\"},{\"@type\":\"ListItem\",\"position\":2,\"name\":\"Contacto\"}]},{\"@type\":\"WebSite\",\"@id\":\"https:\\\/\\\/bioraldentalgroup.com\\\/#website\",\"url\":\"https:\\\/\\\/bioraldentalgroup.com\\\/\",\"name\":\"BiOral Dental Group\",\"description\":\"Dental Specialists\",\"potentialAction\":[{\"@type\":\"SearchAction\",\"target\":{\"@type\":\"EntryPoint\",\"urlTemplate\":\"https:\\\/\\\/bioraldentalgroup.com\\\/?s={search_term_string}\"},\"query-input\":{\"@type\":\"PropertyValueSpecification\",\"valueRequired\":true,\"valueName\":\"search_term_string\"}}],\"inLanguage\":\"es\"}]}<\/script>\n<!-- \/ Yoast SEO plugin. -->","yoast_head_json":{"title":"Send us a Message | BiOral Dental Group | Tecate, Mexico","description":"Send us a message if you have any question about or services or want to book an appointment. Our team will be happy to help you!","robots":{"index":"index","follow":"follow","max-snippet":"max-snippet:-1","max-image-preview":"max-image-preview:large","max-video-preview":"max-video-preview:-1"},"canonical":"https:\/\/bioraldentalgroup.com\/es\/contacto\/","og_locale":"es_ES","og_type":"article","og_title":"Send us a Message | BiOral Dental Group | Tecate, Mexico","og_description":"Send us a message if you have any question about or services or want to book an appointment. Our team will be happy to help you!","og_url":"https:\/\/bioraldentalgroup.com\/es\/contacto\/","og_site_name":"BiOral Dental Group","article_modified_time":"2022-07-07T17:49:27+00:00","twitter_card":"summary_large_image","twitter_misc":{"Tiempo de lectura":"1 minuto"},"schema":{"@context":"https:\/\/schema.org","@graph":[{"@type":"WebPage","@id":"https:\/\/bioraldentalgroup.com\/es\/contacto\/","url":"https:\/\/bioraldentalgroup.com\/es\/contacto\/","name":"Send us a Message | BiOral Dental Group | Tecate, Mexico","isPartOf":{"@id":"https:\/\/bioraldentalgroup.com\/#website"},"datePublished":"2017-08-02T02:53:40+00:00","dateModified":"2022-07-07T17:49:27+00:00","description":"Send us a message if you have any question about or services or want to book an appointment. Our team will be happy to help you!","breadcrumb":{"@id":"https:\/\/bioraldentalgroup.com\/es\/contacto\/#breadcrumb"},"inLanguage":"es","potentialAction":[{"@type":"ReadAction","target":["https:\/\/bioraldentalgroup.com\/es\/contacto\/"]}]},{"@type":"BreadcrumbList","@id":"https:\/\/bioraldentalgroup.com\/es\/contacto\/#breadcrumb","itemListElement":[{"@type":"ListItem","position":1,"name":"Home","item":"https:\/\/bioraldentalgroup.com\/es\/"},{"@type":"ListItem","position":2,"name":"Contacto"}]},{"@type":"WebSite","@id":"https:\/\/bioraldentalgroup.com\/#website","url":"https:\/\/bioraldentalgroup.com\/","name":"BiOral Dental Group","description":"Dental Specialists","potentialAction":[{"@type":"SearchAction","target":{"@type":"EntryPoint","urlTemplate":"https:\/\/bioraldentalgroup.com\/?s={search_term_string}"},"query-input":{"@type":"PropertyValueSpecification","valueRequired":true,"valueName":"search_term_string"}}],"inLanguage":"es"}]}},"_links":{"self":[{"href":"https:\/\/bioraldentalgroup.com\/es\/wp-json\/wp\/v2\/pages\/197","targetHints":{"allow":["GET"]}}],"collection":[{"href":"https:\/\/bioraldentalgroup.com\/es\/wp-json\/wp\/v2\/pages"}],"about":[{"href":"https:\/\/bioraldentalgroup.com\/es\/wp-json\/wp\/v2\/types\/page"}],"author":[{"embeddable":true,"href":"https:\/\/bioraldentalgroup.com\/es\/wp-json\/wp\/v2\/users\/1"}],"replies":[{"embeddable":true,"href":"https:\/\/bioraldentalgroup.com\/es\/wp-json\/wp\/v2\/comments?post=197"}],"version-history":[{"count":17,"href":"https:\/\/bioraldentalgroup.com\/es\/wp-json\/wp\/v2\/pages\/197\/revisions"}],"predecessor-version":[{"id":2035,"href":"https:\/\/bioraldentalgroup.com\/es\/wp-json\/wp\/v2\/pages\/197\/revisions\/2035"}],"wp:attachment":[{"href":"https:\/\/bioraldentalgroup.com\/es\/wp-json\/wp\/v2\/media?parent=197"}],"curies":[{"name":"wp","href":"https:\/\/api.w.org\/{rel}","templated":true}]}}