{"id":1919,"date":"2022-06-23T15:16:58","date_gmt":"2022-06-23T23:16:58","guid":{"rendered":"https:\/\/bioraldentalgroup.com\/?page_id=1919"},"modified":"2022-07-28T10:00:31","modified_gmt":"2022-07-28T18:00:31","slug":"antes-y-despues","status":"publish","type":"page","link":"https:\/\/bioraldentalgroup.com\/es\/antes-y-despues\/","title":{"rendered":"Antes y Despu\u00e9s"},"content":{"rendered":"<p>[vc_section css=\u00bb.vc_custom_1655919776093{padding-bottom: 60px !important;}\u00bb][vc_row][vc_column width=\u00bb1\/3&#8243;][vc_raw_html]JTVCYmFmZyUyMGlkJTNEJTIyMTg0MiUyMiU1RA==[\/vc_raw_html][vc_empty_space height=\u00bb30px\u00bb][vc_raw_html]JTVCYmFmZyUyMGlkJTNEJTIyMTg2NCUyMiU1RA==[\/vc_raw_html][vc_empty_space height=\u00bb30px\u00bb][vc_raw_html]JTVCYmFmZyUyMGlkJTNEJTIyMTg4MiUyMiU1RA==[\/vc_raw_html][vc_empty_space height=\u00bb30px\u00bb][vc_raw_html]JTVCYmFmZyUyMGlkJTNEJTIyMTkwMSUyMiU1RA==[\/vc_raw_html][\/vc_column][vc_column width=\u00bb1\/3&#8243;][vc_raw_html]JTVCYmFmZyUyMGlkJTNEJTIyMTg0OSUyMiU1RA==[\/vc_raw_html][vc_empty_space height=\u00bb30px\u00bb][vc_raw_html]JTVCYmFmZyUyMGlkJTNEJTIyMTg4MCUyMiU1RA==[\/vc_raw_html][vc_empty_space height=\u00bb30px\u00bb][vc_raw_html]JTVCYmFmZyUyMGlkJTNEJTIyMTg5NSUyMiU1RA==[\/vc_raw_html][vc_empty_space height=\u00bb30px\u00bb][vc_raw_html]JTVCYmFmZyUyMGlkJTNEJTIyMTkxNCUyMiU1RA==[\/vc_raw_html][\/vc_column][vc_column width=\u00bb1\/3&#8243;][vc_raw_html]JTVCYmFmZyUyMGlkJTNEJTIyMTg3MCUyMiU1RA==[\/vc_raw_html][vc_empty_space height=\u00bb30px\u00bb][vc_raw_html]JTVCYmFmZyUyMGlkJTNEJTIyMTg2MiUyMiU1RA==[\/vc_raw_html][vc_empty_space height=\u00bb30px\u00bb][vc_raw_html]JTVCYmFmZyUyMGlkJTNEJTIyMTg5NiUyMiU1RA==[\/vc_raw_html][vc_empty_space height=\u00bb30px\u00bb][vc_raw_html]JTVCYmFmZyUyMGlkJTNEJTIyMTkxNSUyMiU1RA==[\/vc_raw_html][\/vc_column][\/vc_row][\/vc_section][vc_section css=\u00bb.vc_custom_1656016258185{padding-top: 30px !important;padding-bottom: 30px !important;}\u00bb][vc_row][vc_column width=\u00bb1\/2&#8243;][vc_single_image image=\u00bb1829&#8243; img_size=\u00bbfull\u00bb][\/vc_column][vc_column width=\u00bb1\/2&#8243;][vc_single_image image=\u00bb2137&#8243; img_size=\u00bbfull\u00bb][\/vc_column][\/vc_row][\/vc_section][vc_section full_width=\u00bbstretch_row\u00bb content_placement=\u00bbmiddle\u00bb css=\u00bb.vc_custom_1657216054516{margin-bottom: 0px !important;padding-top: 40px !important;padding-bottom: 30px !important;background-color: #35b3c9 !important;}\u00bb el_class=\u00bbcta-section\u00bb][vc_row][vc_column css_animation=\u00bbfadeInLeft\u00bb][vc_row_inner][vc_column_inner width=\u00bb2\/3&#8243;][vc_column_text]<\/p>\n<h3 style=\"text-align: center;\"><span style=\"color: #ffffff; font-size: 30px;\">\u201cLa est\u00e9tica es la expresi\u00f3n final de la integraci\u00f3n biol\u00f3gica, funcional y estructural de los diferentes componentes del aparato masticatorio\u201d<\/span><\/h3>\n<p style=\"text-align: center;\"><span style=\"color: #ffcc00;\">-Peter Dowson<\/span><\/p>\n<p>[\/vc_column_text][\/vc_column_inner][vc_column_inner width=\u00bb1\/3&#8243; css=\u00bb.vc_custom_1548786727651{padding-top: 20px !important;padding-bottom: 20px !important;}\u00bb][vc_column_text]<\/p>\n<p style=\"text-align: center;\"><a class=\"dark-button popmake-852\" href=\"#\">Book My Appointment<\/a><\/p>\n<p>[\/vc_column_text][\/vc_column_inner][\/vc_row_inner][\/vc_column][\/vc_row][\/vc_section]<\/p>\n","protected":false},"excerpt":{"rendered":"<p>[vc_section css=\u00bb.vc_custom_1655919776093{padding-bottom: 60px !important;}\u00bb][vc_row][vc_column width=\u00bb1\/3&#8243;][vc_raw_html]JTVCYmFmZyUyMGlkJTNEJTIyMTg0MiUyMiU1RA==[\/vc_raw_html][vc_empty_space height=\u00bb30px\u00bb][vc_raw_html]JTVCYmFmZyUyMGlkJTNEJTIyMTg2NCUyMiU1RA==[\/vc_raw_html][vc_empty_space height=\u00bb30px\u00bb][vc_raw_html]JTVCYmFmZyUyMGlkJTNEJTIyMTg4MiUyMiU1RA==[\/vc_raw_html][vc_empty_space height=\u00bb30px\u00bb][vc_raw_html]JTVCYmFmZyUyMGlkJTNEJTIyMTkwMSUyMiU1RA==[\/vc_raw_html][\/vc_column][vc_column width=\u00bb1\/3&#8243;][vc_raw_html]JTVCYmFmZyUyMGlkJTNEJTIyMTg0OSUyMiU1RA==[\/vc_raw_html][vc_empty_space height=\u00bb30px\u00bb][vc_raw_html]JTVCYmFmZyUyMGlkJTNEJTIyMTg4MCUyMiU1RA==[\/vc_raw_html][vc_empty_space height=\u00bb30px\u00bb][vc_raw_html]JTVCYmFmZyUyMGlkJTNEJTIyMTg5NSUyMiU1RA==[\/vc_raw_html][vc_empty_space height=\u00bb30px\u00bb][vc_raw_html]JTVCYmFmZyUyMGlkJTNEJTIyMTkxNCUyMiU1RA==[\/vc_raw_html][\/vc_column][vc_column width=\u00bb1\/3&#8243;][vc_raw_html]JTVCYmFmZyUyMGlkJTNEJTIyMTg3MCUyMiU1RA==[\/vc_raw_html][vc_empty_space height=\u00bb30px\u00bb][vc_raw_html]JTVCYmFmZyUyMGlkJTNEJTIyMTg2MiUyMiU1RA==[\/vc_raw_html][vc_empty_space height=\u00bb30px\u00bb][vc_raw_html]JTVCYmFmZyUyMGlkJTNEJTIyMTg5NiUyMiU1RA==[\/vc_raw_html][vc_empty_space height=\u00bb30px\u00bb][vc_raw_html]JTVCYmFmZyUyMGlkJTNEJTIyMTkxNSUyMiU1RA==[\/vc_raw_html][\/vc_column][\/vc_row][\/vc_section][vc_section css=\u00bb.vc_custom_1656016258185{padding-top: 30px !important;padding-bottom: 30px !important;}\u00bb][vc_row][vc_column width=\u00bb1\/2&#8243;][vc_single_image image=\u00bb1829&#8243; img_size=\u00bbfull\u00bb][\/vc_column][vc_column width=\u00bb1\/2&#8243;][vc_single_image image=\u00bb2137&#8243; img_size=\u00bbfull\u00bb][\/vc_column][\/vc_row][\/vc_section][vc_section full_width=\u00bbstretch_row\u00bb content_placement=\u00bbmiddle\u00bb css=\u00bb.vc_custom_1657216054516{margin-bottom: 0px !important;padding-top: 40px !important;padding-bottom: 30px !important;background-color: #35b3c9 !important;}\u00bb el_class=\u00bbcta-section\u00bb][vc_row][vc_column css_animation=\u00bbfadeInLeft\u00bb][vc_row_inner][vc_column_inner width=\u00bb2\/3&#8243;][vc_column_text] \u201cLa est\u00e9tica es la expresi\u00f3n final de la integraci\u00f3n biol\u00f3gica, funcional y estructural de&hellip;<\/p>\n","protected":false},"author":1,"featured_media":0,"parent":0,"menu_order":0,"comment_status":"closed","ping_status":"closed","template":"","meta":{"footnotes":""},"class_list":["post-1919","page","type-page","status-publish","hentry","description-off"],"yoast_head":"<!-- This site is optimized with the Yoast SEO plugin v27.4 - https:\/\/yoast.com\/product\/yoast-seo-wordpress\/ -->\n<title>Antes y Despu\u00e9s de Nuestro Trabajo - BiOral Dental Group<\/title>\n<meta name=\"description\" content=\"Te presentamos im\u00e1genes de antes y despu\u00e9s de trabajar en la hermosa sonrisa de algunos de nuestros pacientes.\" \/>\n<meta name=\"robots\" content=\"index, follow, max-snippet:-1, max-image-preview:large, max-video-preview:-1\" \/>\n<link rel=\"canonical\" href=\"https:\/\/bioraldentalgroup.com\/es\/antes-y-despues\/\" \/>\n<meta property=\"og:locale\" content=\"es_ES\" \/>\n<meta property=\"og:type\" content=\"article\" \/>\n<meta property=\"og:title\" content=\"Antes y Despu\u00e9s de Nuestro Trabajo - BiOral Dental Group\" \/>\n<meta property=\"og:description\" content=\"Te presentamos im\u00e1genes de antes y despu\u00e9s de trabajar en la hermosa sonrisa de algunos de nuestros pacientes.\" \/>\n<meta property=\"og:url\" content=\"https:\/\/bioraldentalgroup.com\/es\/antes-y-despues\/\" \/>\n<meta property=\"og:site_name\" content=\"BiOral Dental Group\" \/>\n<meta property=\"article:modified_time\" content=\"2022-07-28T18:00:31+00:00\" \/>\n<meta name=\"twitter:card\" content=\"summary_large_image\" \/>\n<meta name=\"twitter:label1\" content=\"Tiempo de lectura\" \/>\n\t<meta name=\"twitter:data1\" content=\"1 minuto\" \/>\n<script type=\"application\/ld+json\" class=\"yoast-schema-graph\">{\"@context\":\"https:\\\/\\\/schema.org\",\"@graph\":[{\"@type\":\"WebPage\",\"@id\":\"https:\\\/\\\/bioraldentalgroup.com\\\/es\\\/antes-y-despues\\\/\",\"url\":\"https:\\\/\\\/bioraldentalgroup.com\\\/es\\\/antes-y-despues\\\/\",\"name\":\"Antes y Despu\u00e9s de Nuestro Trabajo - BiOral Dental Group\",\"isPartOf\":{\"@id\":\"https:\\\/\\\/bioraldentalgroup.com\\\/#website\"},\"datePublished\":\"2022-06-23T23:16:58+00:00\",\"dateModified\":\"2022-07-28T18:00:31+00:00\",\"description\":\"Te presentamos im\u00e1genes de antes y despu\u00e9s de trabajar en la hermosa sonrisa de algunos de nuestros pacientes.\",\"breadcrumb\":{\"@id\":\"https:\\\/\\\/bioraldentalgroup.com\\\/es\\\/antes-y-despues\\\/#breadcrumb\"},\"inLanguage\":\"es\",\"potentialAction\":[{\"@type\":\"ReadAction\",\"target\":[\"https:\\\/\\\/bioraldentalgroup.com\\\/es\\\/antes-y-despues\\\/\"]}]},{\"@type\":\"BreadcrumbList\",\"@id\":\"https:\\\/\\\/bioraldentalgroup.com\\\/es\\\/antes-y-despues\\\/#breadcrumb\",\"itemListElement\":[{\"@type\":\"ListItem\",\"position\":1,\"name\":\"Home\",\"item\":\"https:\\\/\\\/bioraldentalgroup.com\\\/es\\\/\"},{\"@type\":\"ListItem\",\"position\":2,\"name\":\"Antes y Despu\u00e9s\"}]},{\"@type\":\"WebSite\",\"@id\":\"https:\\\/\\\/bioraldentalgroup.com\\\/#website\",\"url\":\"https:\\\/\\\/bioraldentalgroup.com\\\/\",\"name\":\"BiOral Dental Group\",\"description\":\"Dental Specialists\",\"potentialAction\":[{\"@type\":\"SearchAction\",\"target\":{\"@type\":\"EntryPoint\",\"urlTemplate\":\"https:\\\/\\\/bioraldentalgroup.com\\\/?s={search_term_string}\"},\"query-input\":{\"@type\":\"PropertyValueSpecification\",\"valueRequired\":true,\"valueName\":\"search_term_string\"}}],\"inLanguage\":\"es\"}]}<\/script>\n<!-- \/ Yoast SEO plugin. -->","yoast_head_json":{"title":"Antes y Despu\u00e9s de Nuestro Trabajo - BiOral Dental Group","description":"Te presentamos im\u00e1genes de antes y despu\u00e9s de trabajar en la hermosa sonrisa de algunos de nuestros pacientes.","robots":{"index":"index","follow":"follow","max-snippet":"max-snippet:-1","max-image-preview":"max-image-preview:large","max-video-preview":"max-video-preview:-1"},"canonical":"https:\/\/bioraldentalgroup.com\/es\/antes-y-despues\/","og_locale":"es_ES","og_type":"article","og_title":"Antes y Despu\u00e9s de Nuestro Trabajo - BiOral Dental Group","og_description":"Te presentamos im\u00e1genes de antes y despu\u00e9s de trabajar en la hermosa sonrisa de algunos de nuestros pacientes.","og_url":"https:\/\/bioraldentalgroup.com\/es\/antes-y-despues\/","og_site_name":"BiOral Dental Group","article_modified_time":"2022-07-28T18:00:31+00:00","twitter_card":"summary_large_image","twitter_misc":{"Tiempo de lectura":"1 minuto"},"schema":{"@context":"https:\/\/schema.org","@graph":[{"@type":"WebPage","@id":"https:\/\/bioraldentalgroup.com\/es\/antes-y-despues\/","url":"https:\/\/bioraldentalgroup.com\/es\/antes-y-despues\/","name":"Antes y Despu\u00e9s de Nuestro Trabajo - BiOral Dental Group","isPartOf":{"@id":"https:\/\/bioraldentalgroup.com\/#website"},"datePublished":"2022-06-23T23:16:58+00:00","dateModified":"2022-07-28T18:00:31+00:00","description":"Te presentamos im\u00e1genes de antes y despu\u00e9s de trabajar en la hermosa sonrisa de algunos de nuestros pacientes.","breadcrumb":{"@id":"https:\/\/bioraldentalgroup.com\/es\/antes-y-despues\/#breadcrumb"},"inLanguage":"es","potentialAction":[{"@type":"ReadAction","target":["https:\/\/bioraldentalgroup.com\/es\/antes-y-despues\/"]}]},{"@type":"BreadcrumbList","@id":"https:\/\/bioraldentalgroup.com\/es\/antes-y-despues\/#breadcrumb","itemListElement":[{"@type":"ListItem","position":1,"name":"Home","item":"https:\/\/bioraldentalgroup.com\/es\/"},{"@type":"ListItem","position":2,"name":"Antes y Despu\u00e9s"}]},{"@type":"WebSite","@id":"https:\/\/bioraldentalgroup.com\/#website","url":"https:\/\/bioraldentalgroup.com\/","name":"BiOral Dental Group","description":"Dental Specialists","potentialAction":[{"@type":"SearchAction","target":{"@type":"EntryPoint","urlTemplate":"https:\/\/bioraldentalgroup.com\/?s={search_term_string}"},"query-input":{"@type":"PropertyValueSpecification","valueRequired":true,"valueName":"search_term_string"}}],"inLanguage":"es"}]}},"_links":{"self":[{"href":"https:\/\/bioraldentalgroup.com\/es\/wp-json\/wp\/v2\/pages\/1919","targetHints":{"allow":["GET"]}}],"collection":[{"href":"https:\/\/bioraldentalgroup.com\/es\/wp-json\/wp\/v2\/pages"}],"about":[{"href":"https:\/\/bioraldentalgroup.com\/es\/wp-json\/wp\/v2\/types\/page"}],"author":[{"embeddable":true,"href":"https:\/\/bioraldentalgroup.com\/es\/wp-json\/wp\/v2\/users\/1"}],"replies":[{"embeddable":true,"href":"https:\/\/bioraldentalgroup.com\/es\/wp-json\/wp\/v2\/comments?post=1919"}],"version-history":[{"count":3,"href":"https:\/\/bioraldentalgroup.com\/es\/wp-json\/wp\/v2\/pages\/1919\/revisions"}],"predecessor-version":[{"id":2139,"href":"https:\/\/bioraldentalgroup.com\/es\/wp-json\/wp\/v2\/pages\/1919\/revisions\/2139"}],"wp:attachment":[{"href":"https:\/\/bioraldentalgroup.com\/es\/wp-json\/wp\/v2\/media?parent=1919"}],"curies":[{"name":"wp","href":"https:\/\/api.w.org\/{rel}","templated":true}]}}