{"id":1602,"date":"2019-02-07T10:29:16","date_gmt":"2019-02-07T18:29:16","guid":{"rendered":"http:\/\/bioraldentalgroup.com\/servicios\/oral-rehabilitation\/"},"modified":"2022-07-07T13:11:55","modified_gmt":"2022-07-07T21:11:55","slug":"rehabilitacion-oral","status":"publish","type":"page","link":"https:\/\/bioraldentalgroup.com\/es\/servicios-dentales\/rehabilitacion-oral\/","title":{"rendered":"Rehabilitaci\u00f3n Oral"},"content":{"rendered":"<p>[vc_section css=\u00bb.vc_custom_1549562891865{padding-bottom: 50px !important;}\u00bb][vc_row][vc_column width=\u00bb3\/4&#8243; css=\u00bb.vc_custom_1549562987324{padding-bottom: 30px !important;}\u00bb]<div class=\"dt-fancy-separator h2-size accent-title-color accent-border-color\" style=\"width: 100%;\"><div class=\"dt-fancy-title\"><span class=\"separator-holder separator-left\"><\/span>Rehabilitaci\u00f3n Oral<span class=\"separator-holder separator-right\"><\/span><\/div><\/div><div class=\"standard-arrow list-divider bullet-top\"><ul style=\"padding-top: 30px;\">\n<li>Pr\u00f3tesis fija (coronas, carillas)<\/li>\n<li>All on 4\/6<\/li>\n<li>ATM (articulaci\u00f3n temporomandibular)<\/li>\n<li>Implante est\u00e1ndar corona<\/li>\n<li>Pr\u00f3tesis dentales con implantes fijos<\/li>\n<li>Puentes de porcelana compatibles con implantes<\/li>\n<li>Sobredentaduras soportadas por implantes removibles<\/li>\n<li>Dentaduras completas, inmediatas o curativas<\/li>\n<li>Tratamiento del s\u00edndrome TMJ<\/li>\n<li>Guardia de noche<\/li>\n<\/ul>\n<\/div>[vc_column_text css=\u00bb.vc_custom_1559334183697{padding-top: 30px !important;}\u00bb]<\/p>\n<h2><span style=\"font-weight: 400;\">Pr\u00f3tesis Fijas<\/span><\/h2>\n<p>Las pr\u00f3tesis fijas son una rama de la Prostodoncia que se encarga de la restauraci\u00f3n de dientes usando coronas, puentes, empastes, recubrimientos y carillas. Todas estas restauraciones son hechas en el laboratorio dental mediante una impresi\u00f3n tomada por el prostodoncista. El prostodoncista prepara el diente o los dientes y hace la impresi\u00f3n para enviar al laboratorio junto a una prescripci\u00f3n detallada<span style=\"font-weight: 400;\">.El t\u00e9cnico dental entonces fabrica la restauraci\u00f3n solicitada. El producto final se fija en la boca del paciente.<\/span><\/p>\n<p>&nbsp;<\/p>\n<h2><span style=\"font-weight: 400;\">Coronas<\/span><\/h2>\n<p>Estas cubren una parte o el diente completo. Se pueden usar distintos materiales para elaborarlas seg\u00fan los requerimientos como funci\u00f3n\/est\u00e9tica, preferencia del paciente y la condici\u00f3n del diente.<\/p>\n<p>&nbsp;<\/p>\n<h2><span style=\"font-weight: 400;\">Puentes<\/span><\/h2>\n<p><span style=\"font-weight: 400;\">Esta restauraci\u00f3n se usa para reemplazar un espacio provocado por la falta de uno o m\u00e1s dientes. El diente o los dientes adyacentes se usan para sujetar el puente. Se utilizan muchos dise\u00f1os y materiales en su fabricaci\u00f3n seg\u00fan el tama\u00f1o del espacio, est\u00e9tica y funci\u00f3n.<\/span><\/p>\n<p>&nbsp;<\/p>\n<h2><span style=\"font-weight: 400;\">Tratamiento\u00a0<\/span><span style=\"font-weight: 400;\">TMJ<\/span><\/h2>\n<p>Problemas con la mand\u00edbula, m\u00fasculos o nervios pueden causar dolor. Un dolor prolongado en la mand\u00edbula puede indicar un desorden en la articulaci\u00f3n temporomandibular o TMD. El dolor por TMD puede afectar ambos lados de la cada. La\u00a0\u00a0articulaci\u00f3n temporomandibular esta formada por huesos, m\u00fasculos, ligamentos y discos. Es un sistema complejo que permite el habla, mastica y hasta bostezar. Si algo no funciona en el sistema puede provocar dolor.<\/p>\n<p>El dolor es el s\u00edntoma m\u00e1s com\u00fan, pero tambi\u00e9n en algunos casos la mand\u00edbula se traba o se dificulta abrir grande la boca. Otros s\u00edntomas pueden ser dolor de cabeza, rigid\u00e9z en los m\u00fasculos de la mand\u00edbula, hinchaz\u00f3n del rostro y dolor de cuello.<\/p>\n<p><span style=\"font-weight: 400;\">Los protectores bucales se dise\u00f1an para ir sobre los dientes superiores e inferiores y prevenir su contacto.\u00a0 Esto dificulta el desgastar o tensar los dientes.\u00a0 Estos dispositivos le reducen presi\u00f3n a las articulaciones de la mand\u00edbula y m\u00fasulos permitiendo que sanen. Un especialista determina cuando deben usarse y por cuanto tiempo.<\/span><\/p>\n<p>&nbsp;<\/p>\n<h2><span style=\"font-weight: 400;\">Implantes<\/span><\/h2>\n<p>Un implante dental es un dispositivo artificial usualmente hecho de titanio o aleaciones de titanio.<\/p>\n<p>Es un substituto de la ra\u00edz del diente y tiene forma de un tornillo o cilindro. Un implante existoso provee una estructura estable y r\u00edgida para retener o dar soporte a un puente, dentadura o pr\u00f3tesis.<\/p>\n<p><span style=\"font-weight: 400;\">Correctamente colocado, tienen un alto porcentaje de \u00e9xito y satisfacci\u00f3n del paciente. Tienen que ser colocados por un especialista. La planeaci\u00f3n para su colocaci\u00f3n es de vital importancia para que el implante sea exitoso.<\/span><\/p>\n<p>&nbsp;<\/p>\n<h2><span style=\"font-weight: 400;\">All on 4\/ All on 6<\/span><\/h2>\n<p>El tratamiento All-on-Four se desarroll\u00f3 para maximizar el uso de el hueso disponible y permite funcionamiento inmediato. Es especialmente efectivo para restaurar el arco superior.<\/p>\n<p>Este tratamiento es atractivo para quienes tienen dentaduras o necesitan restauraciones superiores o inferiores completas. Con All-on-Four\u00a0 los pacientes calificados pueden recibir un remplazo completo con cuatro implantes en una sola cita.<\/p>\n<p>El tratemiento All-on-6 es muy similar, son seis implantes que se colocan en el hueso mandibular. Cada implante esta dise\u00f1ado para integrarse org\u00e1nicamente con la boca, como una ra\u00edz natural de un diente. De esa manera la mordida permanece fuerte.<\/p>\n<p>Muchas veces, el proceso puede ser tedioso por la cantidad de pasos. Nuestros especialistas est\u00e1n preparados para darle el mejor cuidado. Todos estos pasos se pueden llevar a cabo en un mismo lugar, incluso en muchos casos en una sola visita. Durante el proceso recibira un examen y consulta con nuestros profesionales. Despu\u00e9s determinar\u00e1n el mejor tratemiento y el costo. Si decide trabajar con nosotros podemos evaluar el tener todo el tratemiento en un solo d\u00eda. Con ambos tratamientos puede ir a casa con unos temporales funcionales y est\u00e9ticos. Despu\u00e9s de 6-8 meses, tendr\u00e1 sus dientes permanentes.<\/p>\n<p>&nbsp;<\/p>\n<h2><span style=\"font-weight: 400;\">Carillas<\/span><\/h2>\n<p>Su sonrisa es vital para su rostro y presentaci\u00f3n. Tener dientes feos lo hace sentir inc\u00f3modo e inseguro. Este tipo de problemas causan que las personas no quieran sonre\u00edr y\/o hablar en p\u00fablico.<\/p>\n<p>Tristemente, algunos dientes pierden su apariencia natural por accidentes, enfermedades,\u00a0 alimentaci\u00f3n o mal cuidado dental. Mientras que las cuestiones de salud dental deben atenderse primero, algunas veces estos dientes est\u00e1n sanos, pero est\u00e9ticamente manchados, rotos o da\u00f1ados.<\/p>\n<p>Las Carillas son como fundas de porcelana u otros materiales, no invasivas y econ\u00f3micas. Lo mejor es que se ven y sienten como el diente natural.<\/p>\n<p>&nbsp;[\/vc_column_text][\/vc_column][vc_column width=\u00bb1\/4&#8243;][vc_single_image image=\u00bb88&#8243; img_size=\u00bbmedium\u00bb alignment=\u00bbcenter\u00bb style=\u00bbvc_box_shadow_circle\u00bb][\/vc_column][\/vc_row][\/vc_section][vc_section full_width=\u00bbstretch_row\u00bb content_placement=\u00bbmiddle\u00bb css=\u00bb.vc_custom_1657216300805{margin-bottom: 0px !important;padding-top: 40px !important;padding-bottom: 30px !important;background-color: #35b3c9 !important;}\u00bb el_class=\u00bbcta-section\u00bb][vc_row][vc_column css_animation=\u00bbfadeInLeft\u00bb][vc_row_inner][vc_column_inner width=\u00bb2\/3&#8243;][vc_column_text]<\/p>\n<h3 style=\"text-align: center;\"><span style=\"color: #ffffff; font-size: 30px;\">\u201cLa est\u00e9tica es la expresi\u00f3n final de la integraci\u00f3n biol\u00f3gica, funcional y estructural de los diferentes componentes del aparato masticatorio\u201d<\/span><\/h3>\n<p style=\"text-align: center;\"><span style=\"color: #ffcc00;\">-Peter Dowson<\/span><\/p>\n<p>[\/vc_column_text][\/vc_column_inner][vc_column_inner width=\u00bb1\/3&#8243; css=\u00bb.vc_custom_1548786727651{padding-top: 20px !important;padding-bottom: 20px !important;}\u00bb][vc_column_text]<\/p>\n<p style=\"text-align: center;\"><a class=\"dark-button popmake-1483\" href=\"#\">Agendar Mi Cita<\/a><\/p>\n<p>[\/vc_column_text][\/vc_column_inner][\/vc_row_inner][\/vc_column][\/vc_row][\/vc_section]<\/p>\n","protected":false},"excerpt":{"rendered":"<p>[vc_section css=\u00bb.vc_custom_1549562891865{padding-bottom: 50px !important;}\u00bb][vc_row][vc_column width=\u00bb3\/4&#8243; css=\u00bb.vc_custom_1549562987324{padding-bottom: 30px !important;}\u00bb][vc_column_text css=\u00bb.vc_custom_1559334183697{padding-top: 30px !important;}\u00bb] Pr\u00f3tesis Fijas Las pr\u00f3tesis fijas son una rama de la Prostodoncia que se encarga de la restauraci\u00f3n de dientes usando coronas, puentes, empastes, recubrimientos y carillas. Todas estas restauraciones son hechas en el laboratorio dental mediante una impresi\u00f3n tomada por el prostodoncista. El prostodoncista&hellip;<\/p>\n","protected":false},"author":1,"featured_media":0,"parent":1564,"menu_order":0,"comment_status":"closed","ping_status":"closed","template":"","meta":{"footnotes":""},"class_list":["post-1602","page","type-page","status-publish","hentry","description-off"],"yoast_head":"<!-- This site is optimized with the Yoast SEO plugin v27.4 - https:\/\/yoast.com\/product\/yoast-seo-wordpress\/ -->\n<title>Rehabilitaci\u00f3n Oral | BiOral Dental Group | Tecate, Mexico<\/title>\n<meta name=\"description\" content=\"La mejor calidad y los precios m\u00e1s accesibles en .Rehabilitaci\u00f3n Oral en Bioral Dental Group. A solo 5 minutos de la garita internacional de Tecate.\" \/>\n<meta name=\"robots\" content=\"index, follow, max-snippet:-1, max-image-preview:large, max-video-preview:-1\" \/>\n<link rel=\"canonical\" href=\"https:\/\/bioraldentalgroup.com\/es\/servicios-dentales\/rehabilitacion-oral\/\" \/>\n<meta property=\"og:locale\" content=\"es_ES\" \/>\n<meta property=\"og:type\" content=\"article\" \/>\n<meta property=\"og:title\" content=\"Rehabilitaci\u00f3n Oral | BiOral Dental Group | Tecate, Mexico\" \/>\n<meta property=\"og:description\" content=\"La mejor calidad y los precios m\u00e1s accesibles en .Rehabilitaci\u00f3n Oral en Bioral Dental Group. A solo 5 minutos de la garita internacional de Tecate.\" \/>\n<meta property=\"og:url\" content=\"https:\/\/bioraldentalgroup.com\/es\/servicios-dentales\/rehabilitacion-oral\/\" \/>\n<meta property=\"og:site_name\" content=\"BiOral Dental Group\" \/>\n<meta property=\"article:modified_time\" content=\"2022-07-07T21:11:55+00:00\" \/>\n<meta name=\"twitter:card\" content=\"summary_large_image\" \/>\n<meta name=\"twitter:label1\" content=\"Tiempo de lectura\" \/>\n\t<meta name=\"twitter:data1\" content=\"5 minutos\" \/>\n<script type=\"application\/ld+json\" class=\"yoast-schema-graph\">{\"@context\":\"https:\\\/\\\/schema.org\",\"@graph\":[{\"@type\":\"WebPage\",\"@id\":\"https:\\\/\\\/bioraldentalgroup.com\\\/es\\\/servicios-dentales\\\/rehabilitacion-oral\\\/\",\"url\":\"https:\\\/\\\/bioraldentalgroup.com\\\/es\\\/servicios-dentales\\\/rehabilitacion-oral\\\/\",\"name\":\"Rehabilitaci\u00f3n Oral | BiOral Dental Group | Tecate, Mexico\",\"isPartOf\":{\"@id\":\"https:\\\/\\\/bioraldentalgroup.com\\\/#website\"},\"datePublished\":\"2019-02-07T18:29:16+00:00\",\"dateModified\":\"2022-07-07T21:11:55+00:00\",\"description\":\"La mejor calidad y los precios m\u00e1s accesibles en .Rehabilitaci\u00f3n Oral en Bioral Dental Group. A solo 5 minutos de la garita internacional de Tecate.\",\"breadcrumb\":{\"@id\":\"https:\\\/\\\/bioraldentalgroup.com\\\/es\\\/servicios-dentales\\\/rehabilitacion-oral\\\/#breadcrumb\"},\"inLanguage\":\"es\",\"potentialAction\":[{\"@type\":\"ReadAction\",\"target\":[\"https:\\\/\\\/bioraldentalgroup.com\\\/es\\\/servicios-dentales\\\/rehabilitacion-oral\\\/\"]}]},{\"@type\":\"BreadcrumbList\",\"@id\":\"https:\\\/\\\/bioraldentalgroup.com\\\/es\\\/servicios-dentales\\\/rehabilitacion-oral\\\/#breadcrumb\",\"itemListElement\":[{\"@type\":\"ListItem\",\"position\":1,\"name\":\"Home\",\"item\":\"https:\\\/\\\/bioraldentalgroup.com\\\/es\\\/\"},{\"@type\":\"ListItem\",\"position\":2,\"name\":\"Servicios\",\"item\":\"https:\\\/\\\/bioraldentalgroup.com\\\/es\\\/servicios-dentales\\\/\"},{\"@type\":\"ListItem\",\"position\":3,\"name\":\"Rehabilitaci\u00f3n Oral\"}]},{\"@type\":\"WebSite\",\"@id\":\"https:\\\/\\\/bioraldentalgroup.com\\\/#website\",\"url\":\"https:\\\/\\\/bioraldentalgroup.com\\\/\",\"name\":\"BiOral Dental Group\",\"description\":\"Dental Specialists\",\"potentialAction\":[{\"@type\":\"SearchAction\",\"target\":{\"@type\":\"EntryPoint\",\"urlTemplate\":\"https:\\\/\\\/bioraldentalgroup.com\\\/?s={search_term_string}\"},\"query-input\":{\"@type\":\"PropertyValueSpecification\",\"valueRequired\":true,\"valueName\":\"search_term_string\"}}],\"inLanguage\":\"es\"}]}<\/script>\n<!-- \/ Yoast SEO plugin. -->","yoast_head_json":{"title":"Rehabilitaci\u00f3n Oral | BiOral Dental Group | Tecate, Mexico","description":"La mejor calidad y los precios m\u00e1s accesibles en .Rehabilitaci\u00f3n Oral en Bioral Dental Group. A solo 5 minutos de la garita internacional de Tecate.","robots":{"index":"index","follow":"follow","max-snippet":"max-snippet:-1","max-image-preview":"max-image-preview:large","max-video-preview":"max-video-preview:-1"},"canonical":"https:\/\/bioraldentalgroup.com\/es\/servicios-dentales\/rehabilitacion-oral\/","og_locale":"es_ES","og_type":"article","og_title":"Rehabilitaci\u00f3n Oral | BiOral Dental Group | Tecate, Mexico","og_description":"La mejor calidad y los precios m\u00e1s accesibles en .Rehabilitaci\u00f3n Oral en Bioral Dental Group. A solo 5 minutos de la garita internacional de Tecate.","og_url":"https:\/\/bioraldentalgroup.com\/es\/servicios-dentales\/rehabilitacion-oral\/","og_site_name":"BiOral Dental Group","article_modified_time":"2022-07-07T21:11:55+00:00","twitter_card":"summary_large_image","twitter_misc":{"Tiempo de lectura":"5 minutos"},"schema":{"@context":"https:\/\/schema.org","@graph":[{"@type":"WebPage","@id":"https:\/\/bioraldentalgroup.com\/es\/servicios-dentales\/rehabilitacion-oral\/","url":"https:\/\/bioraldentalgroup.com\/es\/servicios-dentales\/rehabilitacion-oral\/","name":"Rehabilitaci\u00f3n Oral | BiOral Dental Group | Tecate, Mexico","isPartOf":{"@id":"https:\/\/bioraldentalgroup.com\/#website"},"datePublished":"2019-02-07T18:29:16+00:00","dateModified":"2022-07-07T21:11:55+00:00","description":"La mejor calidad y los precios m\u00e1s accesibles en .Rehabilitaci\u00f3n Oral en Bioral Dental Group. A solo 5 minutos de la garita internacional de Tecate.","breadcrumb":{"@id":"https:\/\/bioraldentalgroup.com\/es\/servicios-dentales\/rehabilitacion-oral\/#breadcrumb"},"inLanguage":"es","potentialAction":[{"@type":"ReadAction","target":["https:\/\/bioraldentalgroup.com\/es\/servicios-dentales\/rehabilitacion-oral\/"]}]},{"@type":"BreadcrumbList","@id":"https:\/\/bioraldentalgroup.com\/es\/servicios-dentales\/rehabilitacion-oral\/#breadcrumb","itemListElement":[{"@type":"ListItem","position":1,"name":"Home","item":"https:\/\/bioraldentalgroup.com\/es\/"},{"@type":"ListItem","position":2,"name":"Servicios","item":"https:\/\/bioraldentalgroup.com\/es\/servicios-dentales\/"},{"@type":"ListItem","position":3,"name":"Rehabilitaci\u00f3n Oral"}]},{"@type":"WebSite","@id":"https:\/\/bioraldentalgroup.com\/#website","url":"https:\/\/bioraldentalgroup.com\/","name":"BiOral Dental Group","description":"Dental Specialists","potentialAction":[{"@type":"SearchAction","target":{"@type":"EntryPoint","urlTemplate":"https:\/\/bioraldentalgroup.com\/?s={search_term_string}"},"query-input":{"@type":"PropertyValueSpecification","valueRequired":true,"valueName":"search_term_string"}}],"inLanguage":"es"}]}},"_links":{"self":[{"href":"https:\/\/bioraldentalgroup.com\/es\/wp-json\/wp\/v2\/pages\/1602","targetHints":{"allow":["GET"]}}],"collection":[{"href":"https:\/\/bioraldentalgroup.com\/es\/wp-json\/wp\/v2\/pages"}],"about":[{"href":"https:\/\/bioraldentalgroup.com\/es\/wp-json\/wp\/v2\/types\/page"}],"author":[{"embeddable":true,"href":"https:\/\/bioraldentalgroup.com\/es\/wp-json\/wp\/v2\/users\/1"}],"replies":[{"embeddable":true,"href":"https:\/\/bioraldentalgroup.com\/es\/wp-json\/wp\/v2\/comments?post=1602"}],"version-history":[{"count":10,"href":"https:\/\/bioraldentalgroup.com\/es\/wp-json\/wp\/v2\/pages\/1602\/revisions"}],"predecessor-version":[{"id":2102,"href":"https:\/\/bioraldentalgroup.com\/es\/wp-json\/wp\/v2\/pages\/1602\/revisions\/2102"}],"up":[{"embeddable":true,"href":"https:\/\/bioraldentalgroup.com\/es\/wp-json\/wp\/v2\/pages\/1564"}],"wp:attachment":[{"href":"https:\/\/bioraldentalgroup.com\/es\/wp-json\/wp\/v2\/media?parent=1602"}],"curies":[{"name":"wp","href":"https:\/\/api.w.org\/{rel}","templated":true}]}}