{"id":1583,"date":"2019-02-07T09:58:28","date_gmt":"2019-02-07T17:58:28","guid":{"rendered":"http:\/\/bioraldentalgroup.com\/servicios\/dental-implant\/"},"modified":"2022-07-07T09:51:08","modified_gmt":"2022-07-07T17:51:08","slug":"implantes","status":"publish","type":"page","link":"https:\/\/bioraldentalgroup.com\/es\/servicios-dentales\/implantes\/","title":{"rendered":"Implantes Dentales"},"content":{"rendered":"<p>[vc_section css=\u00bb.vc_custom_1549562891865{padding-bottom: 50px !important;}\u00bb][vc_row][vc_column width=\u00bb3\/4&#8243; css=\u00bb.vc_custom_1549562987324{padding-bottom: 30px !important;}\u00bb]<div class=\"dt-fancy-separator h2-size accent-title-color accent-border-color\" style=\"width: 100%;\"><div class=\"dt-fancy-title\"><span class=\"separator-holder separator-left\"><\/span>Implantes Dentales<span class=\"separator-holder separator-right\"><\/span><\/div><\/div>[vc_column_text css=\u00bb.vc_custom_1559329671822{padding-top: 35px !important;padding-bottom: 35px !important;}\u00bb]Los implantes dentales son los mejores reemplazos para los dientes perdidos. Los implantes dentales se componen de tres partes: un poste de titanio quir\u00fargico especial que se inserta quir\u00fargicamente en la mand\u00edbula, una corona cer\u00e1mica fuerte en las dimensiones exactas, funcionalidad y est\u00e9tica de su diente, y un pilar que se conecta debajo del poste de la superficie al corona.<\/p>\n<p>Este tratamiento consiste en una fase preliminar de diagn\u00f3stico donde el prostodoncista dise\u00f1a cuidadosamente el tipo de pr\u00f3tesis que se realizar\u00e1, una vez determinada, una gu\u00eda precisa donde se prescribe al cirujano cu\u00e1l es la posici\u00f3n \u00f3ptima del implante.[\/vc_column_text]<div class=\"standard-arrow list-divider bullet-top\"><ul>\n<li style=\"font-weight: 400;\">Implante \u00fanico est\u00e1ndar<\/li>\n<li>Implante soportado sobre dentaduras postizas<\/li>\n<li>Elevaci\u00f3n sinusal<\/li>\n<\/ul>\n<\/div>[\/vc_column][vc_column width=\u00bb1\/4&#8243;][vc_single_image image=\u00bb1459&#8243; img_size=\u00bbmedium\u00bb alignment=\u00bbcenter\u00bb style=\u00bbvc_box_shadow_circle_2&#8243;][\/vc_column][\/vc_row][\/vc_section][vc_section full_width=\u00bbstretch_row\u00bb content_placement=\u00bbmiddle\u00bb css=\u00bb.vc_custom_1657216260965{margin-bottom: 0px !important;padding-top: 40px !important;padding-bottom: 30px !important;background-color: #35b3c9 !important;}\u00bb el_class=\u00bbcta-section\u00bb][vc_row][vc_column css_animation=\u00bbfadeInLeft\u00bb][vc_row_inner][vc_column_inner width=\u00bb2\/3&#8243;][vc_column_text]<\/p>\n<h3 style=\"text-align: center;\"><span style=\"color: #ffffff; font-size: 30px;\">\u201cLa est\u00e9tica es la expresi\u00f3n final de la integraci\u00f3n biol\u00f3gica, funcional y estructural de los diferentes componentes del aparato masticatorio\u201d<\/span><\/h3>\n<p style=\"text-align: center;\"><span style=\"color: #ffcc00;\">-Peter Dowson<\/span><\/p>\n<p>[\/vc_column_text][\/vc_column_inner][vc_column_inner width=\u00bb1\/3&#8243; css=\u00bb.vc_custom_1548786727651{padding-top: 20px !important;padding-bottom: 20px !important;}\u00bb][vc_column_text]<\/p>\n<p style=\"text-align: center;\"><a class=\"dark-button popmake-1483\" href=\"#\">Agendar Mi Cita<\/a><\/p>\n<p>[\/vc_column_text][\/vc_column_inner][\/vc_row_inner][\/vc_column][\/vc_row][\/vc_section]<\/p>\n","protected":false},"excerpt":{"rendered":"<p>[vc_section css=\u00bb.vc_custom_1549562891865{padding-bottom: 50px !important;}\u00bb][vc_row][vc_column width=\u00bb3\/4&#8243; css=\u00bb.vc_custom_1549562987324{padding-bottom: 30px !important;}\u00bb][vc_column_text css=\u00bb.vc_custom_1559329671822{padding-top: 35px !important;padding-bottom: 35px !important;}\u00bb]Los implantes dentales son los mejores reemplazos para los dientes perdidos. Los implantes dentales se componen de tres partes: un poste de titanio quir\u00fargico especial que se inserta quir\u00fargicamente en la mand\u00edbula, una corona cer\u00e1mica fuerte en las dimensiones exactas, funcionalidad y est\u00e9tica&hellip;<\/p>\n","protected":false},"author":1,"featured_media":0,"parent":1564,"menu_order":0,"comment_status":"closed","ping_status":"closed","template":"","meta":{"footnotes":""},"class_list":["post-1583","page","type-page","status-publish","hentry","description-off"],"yoast_head":"<!-- This site is optimized with the Yoast SEO plugin v27.4 - https:\/\/yoast.com\/product\/yoast-seo-wordpress\/ -->\n<title>Implantes Dentales | BiOral Dental Group | Tecate, Mexico<\/title>\n<meta name=\"description\" content=\"Los materiales de mejor calidad en implantes dentales en Bioral Dental Group. A solo 5 minutos de la garita internacional de Tecate.\" \/>\n<meta name=\"robots\" content=\"index, follow, max-snippet:-1, max-image-preview:large, max-video-preview:-1\" \/>\n<link rel=\"canonical\" href=\"https:\/\/bioraldentalgroup.com\/es\/servicios-dentales\/implantes\/\" \/>\n<meta property=\"og:locale\" content=\"es_ES\" \/>\n<meta property=\"og:type\" content=\"article\" \/>\n<meta property=\"og:title\" content=\"Implantes Dentales | BiOral Dental Group | Tecate, Mexico\" \/>\n<meta property=\"og:description\" content=\"Los materiales de mejor calidad en implantes dentales en Bioral Dental Group. A solo 5 minutos de la garita internacional de Tecate.\" \/>\n<meta property=\"og:url\" content=\"https:\/\/bioraldentalgroup.com\/es\/servicios-dentales\/implantes\/\" \/>\n<meta property=\"og:site_name\" content=\"BiOral Dental Group\" \/>\n<meta property=\"article:modified_time\" content=\"2022-07-07T17:51:08+00:00\" \/>\n<meta name=\"twitter:card\" content=\"summary_large_image\" \/>\n<meta name=\"twitter:label1\" content=\"Tiempo de lectura\" \/>\n\t<meta name=\"twitter:data1\" content=\"2 minutos\" \/>\n<script type=\"application\/ld+json\" class=\"yoast-schema-graph\">{\"@context\":\"https:\\\/\\\/schema.org\",\"@graph\":[{\"@type\":\"WebPage\",\"@id\":\"https:\\\/\\\/bioraldentalgroup.com\\\/es\\\/servicios-dentales\\\/implantes\\\/\",\"url\":\"https:\\\/\\\/bioraldentalgroup.com\\\/es\\\/servicios-dentales\\\/implantes\\\/\",\"name\":\"Implantes Dentales | BiOral Dental Group | Tecate, Mexico\",\"isPartOf\":{\"@id\":\"https:\\\/\\\/bioraldentalgroup.com\\\/#website\"},\"datePublished\":\"2019-02-07T17:58:28+00:00\",\"dateModified\":\"2022-07-07T17:51:08+00:00\",\"description\":\"Los materiales de mejor calidad en implantes dentales en Bioral Dental Group. A solo 5 minutos de la garita internacional de Tecate.\",\"breadcrumb\":{\"@id\":\"https:\\\/\\\/bioraldentalgroup.com\\\/es\\\/servicios-dentales\\\/implantes\\\/#breadcrumb\"},\"inLanguage\":\"es\",\"potentialAction\":[{\"@type\":\"ReadAction\",\"target\":[\"https:\\\/\\\/bioraldentalgroup.com\\\/es\\\/servicios-dentales\\\/implantes\\\/\"]}]},{\"@type\":\"BreadcrumbList\",\"@id\":\"https:\\\/\\\/bioraldentalgroup.com\\\/es\\\/servicios-dentales\\\/implantes\\\/#breadcrumb\",\"itemListElement\":[{\"@type\":\"ListItem\",\"position\":1,\"name\":\"Home\",\"item\":\"https:\\\/\\\/bioraldentalgroup.com\\\/es\\\/\"},{\"@type\":\"ListItem\",\"position\":2,\"name\":\"Servicios\",\"item\":\"https:\\\/\\\/bioraldentalgroup.com\\\/es\\\/servicios-dentales\\\/\"},{\"@type\":\"ListItem\",\"position\":3,\"name\":\"Implantes Dentales\"}]},{\"@type\":\"WebSite\",\"@id\":\"https:\\\/\\\/bioraldentalgroup.com\\\/#website\",\"url\":\"https:\\\/\\\/bioraldentalgroup.com\\\/\",\"name\":\"BiOral Dental Group\",\"description\":\"Dental Specialists\",\"potentialAction\":[{\"@type\":\"SearchAction\",\"target\":{\"@type\":\"EntryPoint\",\"urlTemplate\":\"https:\\\/\\\/bioraldentalgroup.com\\\/?s={search_term_string}\"},\"query-input\":{\"@type\":\"PropertyValueSpecification\",\"valueRequired\":true,\"valueName\":\"search_term_string\"}}],\"inLanguage\":\"es\"}]}<\/script>\n<!-- \/ Yoast SEO plugin. -->","yoast_head_json":{"title":"Implantes Dentales | BiOral Dental Group | Tecate, Mexico","description":"Los materiales de mejor calidad en implantes dentales en Bioral Dental Group. A solo 5 minutos de la garita internacional de Tecate.","robots":{"index":"index","follow":"follow","max-snippet":"max-snippet:-1","max-image-preview":"max-image-preview:large","max-video-preview":"max-video-preview:-1"},"canonical":"https:\/\/bioraldentalgroup.com\/es\/servicios-dentales\/implantes\/","og_locale":"es_ES","og_type":"article","og_title":"Implantes Dentales | BiOral Dental Group | Tecate, Mexico","og_description":"Los materiales de mejor calidad en implantes dentales en Bioral Dental Group. A solo 5 minutos de la garita internacional de Tecate.","og_url":"https:\/\/bioraldentalgroup.com\/es\/servicios-dentales\/implantes\/","og_site_name":"BiOral Dental Group","article_modified_time":"2022-07-07T17:51:08+00:00","twitter_card":"summary_large_image","twitter_misc":{"Tiempo de lectura":"2 minutos"},"schema":{"@context":"https:\/\/schema.org","@graph":[{"@type":"WebPage","@id":"https:\/\/bioraldentalgroup.com\/es\/servicios-dentales\/implantes\/","url":"https:\/\/bioraldentalgroup.com\/es\/servicios-dentales\/implantes\/","name":"Implantes Dentales | BiOral Dental Group | Tecate, Mexico","isPartOf":{"@id":"https:\/\/bioraldentalgroup.com\/#website"},"datePublished":"2019-02-07T17:58:28+00:00","dateModified":"2022-07-07T17:51:08+00:00","description":"Los materiales de mejor calidad en implantes dentales en Bioral Dental Group. A solo 5 minutos de la garita internacional de Tecate.","breadcrumb":{"@id":"https:\/\/bioraldentalgroup.com\/es\/servicios-dentales\/implantes\/#breadcrumb"},"inLanguage":"es","potentialAction":[{"@type":"ReadAction","target":["https:\/\/bioraldentalgroup.com\/es\/servicios-dentales\/implantes\/"]}]},{"@type":"BreadcrumbList","@id":"https:\/\/bioraldentalgroup.com\/es\/servicios-dentales\/implantes\/#breadcrumb","itemListElement":[{"@type":"ListItem","position":1,"name":"Home","item":"https:\/\/bioraldentalgroup.com\/es\/"},{"@type":"ListItem","position":2,"name":"Servicios","item":"https:\/\/bioraldentalgroup.com\/es\/servicios-dentales\/"},{"@type":"ListItem","position":3,"name":"Implantes Dentales"}]},{"@type":"WebSite","@id":"https:\/\/bioraldentalgroup.com\/#website","url":"https:\/\/bioraldentalgroup.com\/","name":"BiOral Dental Group","description":"Dental Specialists","potentialAction":[{"@type":"SearchAction","target":{"@type":"EntryPoint","urlTemplate":"https:\/\/bioraldentalgroup.com\/?s={search_term_string}"},"query-input":{"@type":"PropertyValueSpecification","valueRequired":true,"valueName":"search_term_string"}}],"inLanguage":"es"}]}},"_links":{"self":[{"href":"https:\/\/bioraldentalgroup.com\/es\/wp-json\/wp\/v2\/pages\/1583","targetHints":{"allow":["GET"]}}],"collection":[{"href":"https:\/\/bioraldentalgroup.com\/es\/wp-json\/wp\/v2\/pages"}],"about":[{"href":"https:\/\/bioraldentalgroup.com\/es\/wp-json\/wp\/v2\/types\/page"}],"author":[{"embeddable":true,"href":"https:\/\/bioraldentalgroup.com\/es\/wp-json\/wp\/v2\/users\/1"}],"replies":[{"embeddable":true,"href":"https:\/\/bioraldentalgroup.com\/es\/wp-json\/wp\/v2\/comments?post=1583"}],"version-history":[{"count":4,"href":"https:\/\/bioraldentalgroup.com\/es\/wp-json\/wp\/v2\/pages\/1583\/revisions"}],"predecessor-version":[{"id":2037,"href":"https:\/\/bioraldentalgroup.com\/es\/wp-json\/wp\/v2\/pages\/1583\/revisions\/2037"}],"up":[{"embeddable":true,"href":"https:\/\/bioraldentalgroup.com\/es\/wp-json\/wp\/v2\/pages\/1564"}],"wp:attachment":[{"href":"https:\/\/bioraldentalgroup.com\/es\/wp-json\/wp\/v2\/media?parent=1583"}],"curies":[{"name":"wp","href":"https:\/\/api.w.org\/{rel}","templated":true}]}}