{"id":1564,"date":"2019-03-22T07:38:29","date_gmt":"2019-03-22T15:38:29","guid":{"rendered":"http:\/\/bioraldentalgroup.com\/dental-services\/"},"modified":"2022-07-07T13:10:41","modified_gmt":"2022-07-07T21:10:41","slug":"servicios-dentales","status":"publish","type":"page","link":"https:\/\/bioraldentalgroup.com\/es\/servicios-dentales\/","title":{"rendered":"Servicios"},"content":{"rendered":"<p>[vc_section css=\u00bb.vc_custom_1553271892132{padding-bottom: 80px !important;}\u00bb][vc_row][vc_column width=\u00bb1\/4&#8243; css=\u00bb.vc_custom_1553271760729{border-top-width: 1px !important;border-right-width: 1px !important;border-bottom-width: 1px !important;border-left-width: 1px !important;padding-top: 0px !important;padding-right: 0px !important;padding-bottom: 25px !important;padding-left: 0px !important;border-left-color: #cccccc !important;border-right-color: #cccccc !important;border-top-color: #cccccc !important;border-bottom-color: #cccccc !important;}\u00bb]<section class=\"shortcode-teaser img-full frame-fancy frame-on\"><div class=\"shortcode-teaser-img\"><a class=\"rollover\" href=\"http:\/\/bioraldentalgroup.com\/es\/servicios-dentales\/implantes\/\"><img decoding=\"async\" data-src=\"https:\/\/bioraldentalgroup.com\/wp-content\/uploads\/2022\/07\/implants.jpg\" alt=\"Dental Implants\" width=\"300\" height=\"168\" src=\"data:image\/svg+xml;base64,PHN2ZyB3aWR0aD0iMSIgaGVpZ2h0PSIxIiB4bWxucz0iaHR0cDovL3d3dy53My5vcmcvMjAwMC9zdmciPjwvc3ZnPg==\" class=\"lazyload\" style=\"--smush-placeholder-width: 300px; --smush-placeholder-aspect-ratio: 300\/168;\" \/><\/a><\/div><div class=\"shortcode-teaser-content text-small\"><h2 class=\"title-service\"><span style=\"color: #35b3c9;\">Implantes Dentales<\/span><\/h2>\n<p style=\"text-align: center;\">Los implantes dentales son los mejores reemplazos para los dientes perdidos<\/p>\n<\/div><\/section>[\/vc_column][vc_column width=\u00bb1\/4&#8243; css=\u00bb.vc_custom_1553271777380{padding-top: 0px !important;padding-right: 0px !important;padding-bottom: 25px !important;padding-left: 0px !important;}\u00bb]<section class=\"shortcode-teaser img-full frame-fancy frame-on\"><div class=\"shortcode-teaser-img\"><a class=\"rollover\" href=\"http:\/\/bioraldentalgroup.com\/es\/servicios-dentales\/rehabilitacion-oral\/\"><img decoding=\"async\" data-src=\"https:\/\/bioraldentalgroup.com\/wp-content\/uploads\/2022\/07\/allon4.jpg\" alt=\"Oral Rehabilitation\" width=\"300\" height=\"168\" src=\"data:image\/svg+xml;base64,PHN2ZyB3aWR0aD0iMSIgaGVpZ2h0PSIxIiB4bWxucz0iaHR0cDovL3d3dy53My5vcmcvMjAwMC9zdmciPjwvc3ZnPg==\" class=\"lazyload\" style=\"--smush-placeholder-width: 300px; --smush-placeholder-aspect-ratio: 300\/168;\" \/><\/a><\/div><div class=\"shortcode-teaser-content text-small\"><h2 class=\"title-service\"><span style=\"color: #35b3c9;\">Rehabilitaci\u00f3n Oral<\/span><\/h2>\n<p style=\"text-align: center;\">Rehabilitaci\u00f3n Oral completa para una sonrisa hermosa<\/p>\n<\/div><\/section>[\/vc_column][vc_column width=\u00bb1\/4&#8243; css=\u00bb.vc_custom_1553271799100{padding-top: 0px !important;padding-right: 0px !important;padding-bottom: 25px !important;padding-left: 0px !important;}\u00bb]<section class=\"shortcode-teaser img-full frame-fancy frame-on\"><div class=\"shortcode-teaser-img\"><a class=\"rollover\" href=\"http:\/\/bioraldentalgroup.com\/es\/servicios-dentales\/restauradora\/\"><img decoding=\"async\" data-src=\"https:\/\/bioraldentalgroup.com\/wp-content\/uploads\/2022\/07\/veneers.jpg\" alt=\"Restorative Dentistry\" width=\"300\" height=\"168\" src=\"data:image\/svg+xml;base64,PHN2ZyB3aWR0aD0iMSIgaGVpZ2h0PSIxIiB4bWxucz0iaHR0cDovL3d3dy53My5vcmcvMjAwMC9zdmciPjwvc3ZnPg==\" class=\"lazyload\" style=\"--smush-placeholder-width: 300px; --smush-placeholder-aspect-ratio: 300\/168;\" \/><\/a><\/div><div class=\"shortcode-teaser-content text-small\"><h2 class=\"title-service\"><span style=\"color: #35b3c9;\">Odontolog\u00eda Restauradora<\/span><\/h2>\n<p style=\"text-align: center;\">Reparar el da\u00f1o de la estructura dental previene problemas futuros<\/p>\n<\/div><\/section>[\/vc_column][vc_column width=\u00bb1\/4&#8243; css=\u00bb.vc_custom_1553271809366{padding-top: 0px !important;padding-right: 0px !important;padding-bottom: 25px !important;padding-left: 0px !important;}\u00bb]<section class=\"shortcode-teaser img-full frame-fancy frame-on\"><div class=\"shortcode-teaser-img\"><a class=\"rollover\" href=\"http:\/\/bioraldentalgroup.com\/es\/servicios-dentales\/odontologia-estetica\/\"><img decoding=\"async\" data-src=\"https:\/\/bioraldentalgroup.com\/wp-content\/uploads\/2022\/07\/clean.jpg\" alt=\"Aesthetic Dentistry\" width=\"300\" height=\"168\" src=\"data:image\/svg+xml;base64,PHN2ZyB3aWR0aD0iMSIgaGVpZ2h0PSIxIiB4bWxucz0iaHR0cDovL3d3dy53My5vcmcvMjAwMC9zdmciPjwvc3ZnPg==\" class=\"lazyload\" style=\"--smush-placeholder-width: 300px; --smush-placeholder-aspect-ratio: 300\/168;\" \/><\/a><\/div><div class=\"shortcode-teaser-content text-small\"><h2 class=\"title-service\"><span style=\"color: #35b3c9;\">Odontolog\u00eda Est\u00e9tica<\/span><\/h2>\n<p style=\"text-align: center;\">Mejora su apariencia, sonrisa y confianza<\/p>\n<\/div><\/section>[\/vc_column][\/vc_row][vc_row][vc_column width=\u00bb1\/4&#8243; css=\u00bb.vc_custom_1553271760729{border-top-width: 1px !important;border-right-width: 1px !important;border-bottom-width: 1px !important;border-left-width: 1px !important;padding-top: 0px !important;padding-right: 0px !important;padding-bottom: 25px !important;padding-left: 0px !important;border-left-color: #cccccc !important;border-right-color: #cccccc !important;border-top-color: #cccccc !important;border-bottom-color: #cccccc !important;}\u00bb]<section class=\"shortcode-teaser img-full frame-fancy frame-on\"><div class=\"shortcode-teaser-img\"><a class=\"rollover\" href=\"http:\/\/bioraldentalgroup.com\/es\/servicios-dentales\/maxilofacial\/\"><img decoding=\"async\" data-src=\"https:\/\/bioraldentalgroup.com\/wp-content\/uploads\/2022\/07\/oral.jpg\" alt=\"Oral Surgery\" width=\"300\" height=\"168\" src=\"data:image\/svg+xml;base64,PHN2ZyB3aWR0aD0iMSIgaGVpZ2h0PSIxIiB4bWxucz0iaHR0cDovL3d3dy53My5vcmcvMjAwMC9zdmciPjwvc3ZnPg==\" class=\"lazyload\" style=\"--smush-placeholder-width: 300px; --smush-placeholder-aspect-ratio: 300\/168;\" \/><\/a><\/div><div class=\"shortcode-teaser-content text-small\"><h2 class=\"title-service\"><span style=\"color: #35b3c9;\">Cirug\u00eda Oral<\/span><\/h2>\n<p style=\"text-align: center;\">Atiende lesiones y problemas de boca y mand\u00edbula<\/p>\n<\/div><\/section>[\/vc_column][vc_column width=\u00bb1\/4&#8243; css=\u00bb.vc_custom_1553271777380{padding-top: 0px !important;padding-right: 0px !important;padding-bottom: 25px !important;padding-left: 0px !important;}\u00bb]<section class=\"shortcode-teaser img-full frame-fancy frame-on\"><div class=\"shortcode-teaser-img\"><a class=\"rollover\" href=\"http:\/\/bioraldentalgroup.com\/es\/servicios-dentales\/ortodoncia\/\"><img decoding=\"async\" data-src=\"https:\/\/bioraldentalgroup.com\/wp-content\/uploads\/2022\/07\/ortho.jpg\" alt=\"Orthodontics\" width=\"300\" height=\"168\" src=\"data:image\/svg+xml;base64,PHN2ZyB3aWR0aD0iMSIgaGVpZ2h0PSIxIiB4bWxucz0iaHR0cDovL3d3dy53My5vcmcvMjAwMC9zdmciPjwvc3ZnPg==\" class=\"lazyload\" style=\"--smush-placeholder-width: 300px; --smush-placeholder-aspect-ratio: 300\/168;\" \/><\/a><\/div><div class=\"shortcode-teaser-content text-small\"><h2 class=\"title-service\"><span style=\"color: #35b3c9;\">Ortodoncia<\/span><\/h2>\n<p style=\"text-align: center;\">Corrige la posici\u00f3n de dientes y mand\u00edbula<\/p>\n<\/div><\/section>[\/vc_column][vc_column width=\u00bb1\/4&#8243; css=\u00bb.vc_custom_1553271799100{padding-top: 0px !important;padding-right: 0px !important;padding-bottom: 25px !important;padding-left: 0px !important;}\u00bb]<section class=\"shortcode-teaser img-full frame-fancy frame-on\"><div class=\"shortcode-teaser-img\"><a class=\"rollover\" href=\"http:\/\/bioraldentalgroup.com\/es\/servicios-dentales\/periodoncia\/\"><img decoding=\"async\" data-src=\"https:\/\/bioraldentalgroup.com\/wp-content\/uploads\/2022\/07\/perio.jpg\" alt=\"Periodontics\" width=\"300\" height=\"168\" src=\"data:image\/svg+xml;base64,PHN2ZyB3aWR0aD0iMSIgaGVpZ2h0PSIxIiB4bWxucz0iaHR0cDovL3d3dy53My5vcmcvMjAwMC9zdmciPjwvc3ZnPg==\" class=\"lazyload\" style=\"--smush-placeholder-width: 300px; --smush-placeholder-aspect-ratio: 300\/168;\" \/><\/a><\/div><div class=\"shortcode-teaser-content text-small\"><h2 class=\"title-service\"><span style=\"color: #35b3c9;\">Periodoncia<\/span><\/h2>\n<p style=\"text-align: center;\">Las enfermedades periodontales son infecciones alrededor de los dientes<\/p>\n<\/div><\/section>[\/vc_column][vc_column width=\u00bb1\/4&#8243; css=\u00bb.vc_custom_1553271809366{padding-top: 0px !important;padding-right: 0px !important;padding-bottom: 25px !important;padding-left: 0px !important;}\u00bb]<section class=\"shortcode-teaser img-full frame-fancy frame-on\"><div class=\"shortcode-teaser-img\"><a class=\"rollover\" href=\"http:\/\/bioraldentalgroup.com\/es\/servicios-dentales\/odontopediatria\/\"><img decoding=\"async\" data-src=\"https:\/\/bioraldentalgroup.com\/wp-content\/uploads\/2022\/07\/pediatric.jpg\" alt=\"Pediatric Dentistry\" width=\"300\" height=\"168\" src=\"data:image\/svg+xml;base64,PHN2ZyB3aWR0aD0iMSIgaGVpZ2h0PSIxIiB4bWxucz0iaHR0cDovL3d3dy53My5vcmcvMjAwMC9zdmciPjwvc3ZnPg==\" class=\"lazyload\" style=\"--smush-placeholder-width: 300px; --smush-placeholder-aspect-ratio: 300\/168;\" \/><\/a><\/div><div class=\"shortcode-teaser-content text-small\"><h2 class=\"title-service\"><span style=\"color: #35b3c9;\">Odontolog\u00eda Pedi\u00e1trica<\/span><\/h2>\n<p style=\"text-align: center;\">El mejor cuidado dental para sus peque\u00f1os<\/p>\n<\/div><\/section>[\/vc_column][\/vc_row][vc_row][vc_column width=\u00bb1\/4&#8243; css=\u00bb.vc_custom_1553271760729{border-top-width: 1px !important;border-right-width: 1px !important;border-bottom-width: 1px !important;border-left-width: 1px !important;padding-top: 0px !important;padding-right: 0px !important;padding-bottom: 25px !important;padding-left: 0px !important;border-left-color: #cccccc !important;border-right-color: #cccccc !important;border-top-color: #cccccc !important;border-bottom-color: #cccccc !important;}\u00bb]<section class=\"shortcode-teaser img-full frame-fancy frame-on\"><div class=\"shortcode-teaser-img\"><a class=\"rollover\" href=\"http:\/\/bioraldentalgroup.com\/es\/servicios-dentales\/endodoncia\/\"><img decoding=\"async\" data-src=\"https:\/\/bioraldentalgroup.com\/wp-content\/uploads\/2022\/07\/endo.jpg\" alt=\"Endodontics\" width=\"300\" height=\"168\" src=\"data:image\/svg+xml;base64,PHN2ZyB3aWR0aD0iMSIgaGVpZ2h0PSIxIiB4bWxucz0iaHR0cDovL3d3dy53My5vcmcvMjAwMC9zdmciPjwvc3ZnPg==\" class=\"lazyload\" style=\"--smush-placeholder-width: 300px; --smush-placeholder-aspect-ratio: 300\/168;\" \/><\/a><\/div><div class=\"shortcode-teaser-content text-small\"><h2 class=\"title-service\"><span style=\"color: #35b3c9;\">Endodoncia<\/span><\/h2>\n<p style=\"text-align: center;\">El tratamiento del conducto radicular puede salvar dientes<\/p>\n<\/div><\/section>[\/vc_column][vc_column width=\u00bb1\/4&#8243; css=\u00bb.vc_custom_1553271777380{padding-top: 0px !important;padding-right: 0px !important;padding-bottom: 25px !important;padding-left: 0px !important;}\u00bb]<section class=\"shortcode-teaser img-full frame-fancy frame-on\"><div class=\"shortcode-teaser-img\"><a class=\"rollover\" href=\"http:\/\/bioraldentalgroup.com\/es\/servicios-dentales\/preventiva\/\"><img decoding=\"async\" data-src=\"https:\/\/bioraldentalgroup.com\/wp-content\/uploads\/2022\/07\/preventive.jpg\" alt=\"Preventive Dentistry\" width=\"300\" height=\"168\" src=\"data:image\/svg+xml;base64,PHN2ZyB3aWR0aD0iMSIgaGVpZ2h0PSIxIiB4bWxucz0iaHR0cDovL3d3dy53My5vcmcvMjAwMC9zdmciPjwvc3ZnPg==\" class=\"lazyload\" style=\"--smush-placeholder-width: 300px; --smush-placeholder-aspect-ratio: 300\/168;\" \/><\/a><\/div><div class=\"shortcode-teaser-content text-small\"><h2 class=\"title-service\"><span style=\"color: #35b3c9;\">Preventiva<\/span><\/h2>\n<p style=\"text-align: center;\">Prevenci\u00f3n con higiene y cuidado dental<\/p>\n<\/div><\/section>[\/vc_column][vc_column width=\u00bb1\/4&#8243;][\/vc_column][vc_column width=\u00bb1\/4&#8243;][\/vc_column][\/vc_row][\/vc_section][vc_section full_width=\u00bbstretch_row\u00bb content_placement=\u00bbmiddle\u00bb css=\u00bb.vc_custom_1657216040952{margin-bottom: 0px !important;padding-top: 40px !important;padding-bottom: 30px !important;background-color: #35b3c9 !important;}\u00bb el_class=\u00bbcta-section\u00bb][vc_row][vc_column css_animation=\u00bbfadeInLeft\u00bb][vc_row_inner][vc_column_inner width=\u00bb2\/3&#8243;][vc_column_text]<\/p>\n<h3 style=\"text-align: center;\"><span style=\"color: #ffffff; font-size: 30px;\">\u201cLa est\u00e9tica es la expresi\u00f3n final de la integraci\u00f3n biol\u00f3gica, funcional y estructural de los diferentes componentes del aparato masticatorio\u201d<\/span><\/h3>\n<p style=\"text-align: center;\"><span style=\"color: #ffcc00;\">-Peter Dowson<\/span><\/p>\n<p>[\/vc_column_text][\/vc_column_inner][vc_column_inner width=\u00bb1\/3&#8243; css=\u00bb.vc_custom_1548786727651{padding-top: 20px !important;padding-bottom: 20px !important;}\u00bb][vc_column_text]<\/p>\n<p style=\"text-align: center;\"><a class=\"dark-button popmake-1483\" href=\"#\">Agendar Mi Cita<\/a><\/p>\n<p>[\/vc_column_text][\/vc_column_inner][\/vc_row_inner][\/vc_column][\/vc_row][\/vc_section]<\/p>\n","protected":false},"excerpt":{"rendered":"<p>[vc_section css=\u00bb.vc_custom_1553271892132{padding-bottom: 80px !important;}\u00bb][vc_row][vc_column width=\u00bb1\/4&#8243; css=\u00bb.vc_custom_1553271760729{border-top-width: 1px !important;border-right-width: 1px !important;border-bottom-width: 1px !important;border-left-width: 1px !important;padding-top: 0px !important;padding-right: 0px !important;padding-bottom: 25px !important;padding-left: 0px !important;border-left-color: #cccccc !important;border-right-color: #cccccc !important;border-top-color: #cccccc !important;border-bottom-color: #cccccc !important;}\u00bb][\/vc_column][vc_column width=\u00bb1\/4&#8243; css=\u00bb.vc_custom_1553271777380{padding-top: 0px !important;padding-right: 0px !important;padding-bottom: 25px !important;padding-left: 0px !important;}\u00bb][\/vc_column][vc_column width=\u00bb1\/4&#8243; css=\u00bb.vc_custom_1553271799100{padding-top: 0px !important;padding-right: 0px !important;padding-bottom: 25px !important;padding-left: 0px !important;}\u00bb][\/vc_column][vc_column width=\u00bb1\/4&#8243; css=\u00bb.vc_custom_1553271809366{padding-top: 0px !important;padding-right: 0px&hellip;<\/p>\n","protected":false},"author":1,"featured_media":0,"parent":0,"menu_order":0,"comment_status":"closed","ping_status":"closed","template":"","meta":{"footnotes":""},"class_list":["post-1564","page","type-page","status-publish","hentry","description-off"],"yoast_head":"<!-- This site is optimized with the Yoast SEO plugin v27.4 - https:\/\/yoast.com\/product\/yoast-seo-wordpress\/ -->\n<title>Dental Services | BiOral Dental Group | Tecate, Mexico<\/title>\n<meta name=\"description\" content=\"Top quality dental services at Bioral Dental Group. Visit us at Tecate, Mexico. We have dental implants, crows, veneers, cosmetic dentistry and more.\" \/>\n<meta name=\"robots\" content=\"index, follow, max-snippet:-1, max-image-preview:large, max-video-preview:-1\" \/>\n<link rel=\"canonical\" href=\"https:\/\/bioraldentalgroup.com\/es\/servicios-dentales\/\" \/>\n<meta property=\"og:locale\" content=\"es_ES\" \/>\n<meta property=\"og:type\" content=\"article\" \/>\n<meta property=\"og:title\" content=\"Dental Services | BiOral Dental Group | Tecate, Mexico\" \/>\n<meta property=\"og:description\" content=\"Top quality dental services at Bioral Dental Group. Visit us at Tecate, Mexico. We have dental implants, crows, veneers, cosmetic dentistry and more.\" \/>\n<meta property=\"og:url\" content=\"https:\/\/bioraldentalgroup.com\/es\/servicios-dentales\/\" \/>\n<meta property=\"og:site_name\" content=\"BiOral Dental Group\" \/>\n<meta property=\"article:modified_time\" content=\"2022-07-07T21:10:41+00:00\" \/>\n<meta name=\"twitter:card\" content=\"summary_large_image\" \/>\n<meta name=\"twitter:label1\" content=\"Tiempo de lectura\" \/>\n\t<meta name=\"twitter:data1\" content=\"4 minutos\" \/>\n<script type=\"application\/ld+json\" class=\"yoast-schema-graph\">{\"@context\":\"https:\\\/\\\/schema.org\",\"@graph\":[{\"@type\":\"WebPage\",\"@id\":\"https:\\\/\\\/bioraldentalgroup.com\\\/es\\\/servicios-dentales\\\/\",\"url\":\"https:\\\/\\\/bioraldentalgroup.com\\\/es\\\/servicios-dentales\\\/\",\"name\":\"Dental Services | BiOral Dental Group | Tecate, Mexico\",\"isPartOf\":{\"@id\":\"https:\\\/\\\/bioraldentalgroup.com\\\/#website\"},\"datePublished\":\"2019-03-22T15:38:29+00:00\",\"dateModified\":\"2022-07-07T21:10:41+00:00\",\"description\":\"Top quality dental services at Bioral Dental Group. Visit us at Tecate, Mexico. We have dental implants, crows, veneers, cosmetic dentistry and more.\",\"breadcrumb\":{\"@id\":\"https:\\\/\\\/bioraldentalgroup.com\\\/es\\\/servicios-dentales\\\/#breadcrumb\"},\"inLanguage\":\"es\",\"potentialAction\":[{\"@type\":\"ReadAction\",\"target\":[\"https:\\\/\\\/bioraldentalgroup.com\\\/es\\\/servicios-dentales\\\/\"]}]},{\"@type\":\"BreadcrumbList\",\"@id\":\"https:\\\/\\\/bioraldentalgroup.com\\\/es\\\/servicios-dentales\\\/#breadcrumb\",\"itemListElement\":[{\"@type\":\"ListItem\",\"position\":1,\"name\":\"Home\",\"item\":\"https:\\\/\\\/bioraldentalgroup.com\\\/es\\\/\"},{\"@type\":\"ListItem\",\"position\":2,\"name\":\"Servicios\"}]},{\"@type\":\"WebSite\",\"@id\":\"https:\\\/\\\/bioraldentalgroup.com\\\/#website\",\"url\":\"https:\\\/\\\/bioraldentalgroup.com\\\/\",\"name\":\"BiOral Dental Group\",\"description\":\"Dental Specialists\",\"potentialAction\":[{\"@type\":\"SearchAction\",\"target\":{\"@type\":\"EntryPoint\",\"urlTemplate\":\"https:\\\/\\\/bioraldentalgroup.com\\\/?s={search_term_string}\"},\"query-input\":{\"@type\":\"PropertyValueSpecification\",\"valueRequired\":true,\"valueName\":\"search_term_string\"}}],\"inLanguage\":\"es\"}]}<\/script>\n<!-- \/ Yoast SEO plugin. -->","yoast_head_json":{"title":"Dental Services | BiOral Dental Group | Tecate, Mexico","description":"Top quality dental services at Bioral Dental Group. Visit us at Tecate, Mexico. We have dental implants, crows, veneers, cosmetic dentistry and more.","robots":{"index":"index","follow":"follow","max-snippet":"max-snippet:-1","max-image-preview":"max-image-preview:large","max-video-preview":"max-video-preview:-1"},"canonical":"https:\/\/bioraldentalgroup.com\/es\/servicios-dentales\/","og_locale":"es_ES","og_type":"article","og_title":"Dental Services | BiOral Dental Group | Tecate, Mexico","og_description":"Top quality dental services at Bioral Dental Group. Visit us at Tecate, Mexico. We have dental implants, crows, veneers, cosmetic dentistry and more.","og_url":"https:\/\/bioraldentalgroup.com\/es\/servicios-dentales\/","og_site_name":"BiOral Dental Group","article_modified_time":"2022-07-07T21:10:41+00:00","twitter_card":"summary_large_image","twitter_misc":{"Tiempo de lectura":"4 minutos"},"schema":{"@context":"https:\/\/schema.org","@graph":[{"@type":"WebPage","@id":"https:\/\/bioraldentalgroup.com\/es\/servicios-dentales\/","url":"https:\/\/bioraldentalgroup.com\/es\/servicios-dentales\/","name":"Dental Services | BiOral Dental Group | Tecate, Mexico","isPartOf":{"@id":"https:\/\/bioraldentalgroup.com\/#website"},"datePublished":"2019-03-22T15:38:29+00:00","dateModified":"2022-07-07T21:10:41+00:00","description":"Top quality dental services at Bioral Dental Group. Visit us at Tecate, Mexico. We have dental implants, crows, veneers, cosmetic dentistry and more.","breadcrumb":{"@id":"https:\/\/bioraldentalgroup.com\/es\/servicios-dentales\/#breadcrumb"},"inLanguage":"es","potentialAction":[{"@type":"ReadAction","target":["https:\/\/bioraldentalgroup.com\/es\/servicios-dentales\/"]}]},{"@type":"BreadcrumbList","@id":"https:\/\/bioraldentalgroup.com\/es\/servicios-dentales\/#breadcrumb","itemListElement":[{"@type":"ListItem","position":1,"name":"Home","item":"https:\/\/bioraldentalgroup.com\/es\/"},{"@type":"ListItem","position":2,"name":"Servicios"}]},{"@type":"WebSite","@id":"https:\/\/bioraldentalgroup.com\/#website","url":"https:\/\/bioraldentalgroup.com\/","name":"BiOral Dental Group","description":"Dental Specialists","potentialAction":[{"@type":"SearchAction","target":{"@type":"EntryPoint","urlTemplate":"https:\/\/bioraldentalgroup.com\/?s={search_term_string}"},"query-input":{"@type":"PropertyValueSpecification","valueRequired":true,"valueName":"search_term_string"}}],"inLanguage":"es"}]}},"_links":{"self":[{"href":"https:\/\/bioraldentalgroup.com\/es\/wp-json\/wp\/v2\/pages\/1564","targetHints":{"allow":["GET"]}}],"collection":[{"href":"https:\/\/bioraldentalgroup.com\/es\/wp-json\/wp\/v2\/pages"}],"about":[{"href":"https:\/\/bioraldentalgroup.com\/es\/wp-json\/wp\/v2\/types\/page"}],"author":[{"embeddable":true,"href":"https:\/\/bioraldentalgroup.com\/es\/wp-json\/wp\/v2\/users\/1"}],"replies":[{"embeddable":true,"href":"https:\/\/bioraldentalgroup.com\/es\/wp-json\/wp\/v2\/comments?post=1564"}],"version-history":[{"count":42,"href":"https:\/\/bioraldentalgroup.com\/es\/wp-json\/wp\/v2\/pages\/1564\/revisions"}],"predecessor-version":[{"id":2101,"href":"https:\/\/bioraldentalgroup.com\/es\/wp-json\/wp\/v2\/pages\/1564\/revisions\/2101"}],"wp:attachment":[{"href":"https:\/\/bioraldentalgroup.com\/es\/wp-json\/wp\/v2\/media?parent=1564"}],"curies":[{"name":"wp","href":"https:\/\/api.w.org\/{rel}","templated":true}]}}