{"id":1541,"date":"2019-02-07T11:59:53","date_gmt":"2019-02-07T19:59:53","guid":{"rendered":"http:\/\/bioraldentalgroup.com\/enjoy-tecate\/"},"modified":"2022-07-07T09:49:09","modified_gmt":"2022-07-07T17:49:09","slug":"enjoy-tecate","status":"publish","type":"page","link":"https:\/\/bioraldentalgroup.com\/es\/enjoy-tecate\/","title":{"rendered":"Disfrute Tecate"},"content":{"rendered":"<p>[vc_section full_width=\u00bbstretch_row_content\u00bb el_class=\u00bbmain-tecate\u00bb css=\u00bb.vc_custom_1650490606455{background-image: url(https:\/\/bioraldentalgroup.com\/wp-content\/uploads\/2022\/04\/tecate-banner-1024&#215;342-1.jpg?id=1796) !important;background-position: center !important;background-repeat: no-repeat !important;background-size: cover !important;}\u00bb][\/vc_section][vc_section css=\u00bb.vc_custom_1553532685258{margin-bottom: 0px !important;padding-top: 55px !important;padding-bottom: 0px !important;}\u00bb][vc_row][vc_column][vc_column_text css=\u00bb.vc_custom_1559281926111{padding-top: 50px !important;padding-bottom: 50px !important;}\u00bb]<\/p>\n<p style=\"text-align: center;\">La ciudad de Tecate en Baja California es una ciudad que cuenta con una ubicaci\u00f3n estrat\u00e9gica pues se encuentra localizada en el punto medio entre Tijuana, Rosarito, Mexicali y Ensenada. Cuenta con una cantidad total de aproximadamente 100,000 habitantes (2017) y se reconoce principalmente por ser un pueblo tranquilo, relajado y con un clima mediterraneo, aunque en los \u00faltimos a\u00f1os el clima se ha visto incrementado.<\/p>\n<p>[\/vc_column_text][\/vc_column][\/vc_row][vc_row][vc_column width=\u00bb2\/3&#8243;][vc_media_grid element_width=\u00bb6&#8243; initial_loading_animation=\u00bbzoomInUp\u00bb grid_id=\u00bbvc_gid:1657216098978-18d30ddd351798c44783ec6863103681-6&#8243; include=\u00bb1759,1757,1755,1753,1751,1749,1747&#8243; css=\u00bb.vc_custom_1650414986559{padding-top: 0px !important;padding-right: 0px !important;padding-bottom: 0px !important;padding-left: 0px !important;}\u00bb][\/vc_column][vc_column width=\u00bb1\/3&#8243;][vc_column_text css=\u00bb.vc_custom_1559281974194{padding-top: 20px !important;padding-bottom: 50px !important;}\u00bb]<\/p>\n<p style=\"text-align: center;\">En esta ciudad es producida la tan tradicionalmente conocida Cerveza Tecate, esto gracias a la calidad del agua, pero tambi\u00e9n es muy reconocida por\u00a0la calidad en el sabor del pan que es elaborado en hornos artesanales.<\/p>\n<p>&nbsp;<\/p>\n<p style=\"text-align: center;\">Y sin duda una de las caracter\u00edsticas que resaltan en esta ciudad es la cantidad incomparable de ranchos y balnearios que se encuentran en todos sus alrededores, a tal grado que la revista internacional National Greographic Traveler ha recomendado dos de los mejores ranchos para venir a visitar: Rancho La Puerta y Rancho Los Chabacanos.<\/p>\n<p>[\/vc_column_text]<div class=\"standard-arrow list-divider bullet-top\"><ul>\n<li>\n<h4>40 minutos de Tijuana<\/h4>\n<\/li>\n<li>\n<h4>60 minutos de San Diego<\/h4>\n<\/li>\n<li>\n<h4>90\u00a0minutos de\u00a0Mexicali<\/h4>\n<\/li>\n<li>\n<h4>3 horas de Los Angeles<\/h4>\n<\/li>\n<\/ul>\n<\/div>[\/vc_column][\/vc_row][\/vc_section][vc_section full_width=\u00bbstretch_row_content\u00bb css=\u00bb.vc_custom_1553537973467{margin-top: 0px !important;margin-bottom: 0px !important;padding-top: 50px !important;padding-bottom: 0px !important;}\u00bb][vc_row][vc_column css=\u00bb.vc_custom_1553537739917{padding-top: 0px !important;padding-bottom: 0px !important;}\u00bb]<div class=\"dt-fancy-separator h2-size accent-title-color accent-border-color\" style=\"width: 80%;\"><div class=\"dt-fancy-title\"><span class=\"separator-holder separator-left\"><\/span>Nuestra cl\u00ednica se encuentra a 5 minutos caminando de la garita internacional<span class=\"separator-holder separator-right\"><\/span><\/div><\/div>[\/vc_column][\/vc_row][vc_row][vc_column][\/vc_column][\/vc_row][\/vc_section][vc_section full_width=\u00bbstretch_row_content\u00bb css=\u00bb.vc_custom_1554925849711{margin-top: 0px !important;padding-top: 80px !important;padding-right: 0px !important;padding-left: 0px !important;}\u00bb][vc_row][vc_column][\/vc_column][\/vc_row][\/vc_section][vc_section full_width=\u00bbstretch_row\u00bb css=\u00bb.vc_custom_1553539363915{margin-top: 5px !important;margin-bottom: 5px !important;background-color: #707070 !important;}\u00bb][vc_row margin_top=\u00bb50&#8243; margin_bottom=\u00bb50&#8243;][vc_column][vc_icon type=\u00bbopeniconic\u00bb icon_openiconic=\u00bbvc-oi vc-oi-location\u00bb color=\u00bbturquoise\u00bb background_style=\u00bbrounded-outline\u00bb background_color=\u00bbwhite\u00bb size=\u00bblg\u00bb align=\u00bbcenter\u00bb][vc_column_text css=\u00bb.vc_custom_1559281765587{padding-bottom: 30px !important;}\u00bb]<\/p>\n<h2 style=\"text-align: center;\"><span style=\"color: #ffffff;\">Visita los 5 lugares recomendados por la revista National Geographic Traveler en Tecate, Mexico<\/span><\/h2>\n<p>&nbsp;<\/p>\n<p style=\"text-align: center;\"><span class=\"links-visit\"><a href=\"https:\/\/tecate.com\/\">La Cervercer\u00eda Tecate<\/a>, <a href=\"https:\/\/rancholapuerta.com\/\">Rancho La Puerta<\/a>, <a href=\"http:\/\/elmejorpandetecate.com\/\">El Mejor Pan de Tecate<\/a>, <a href=\"https:\/\/rancholoschabacanos.com\/\">Rancho Los Chabacanos<\/a> y\u00a0<a href=\"http:\/\/rancho-ojai.com\/\">Rancho Ojai<\/a><\/span><\/p>\n<p>[\/vc_column_text][\/vc_column][\/vc_row][\/vc_section][vc_row type=\u00bb1&#8243;][vc_column][\/vc_column][\/vc_row][vc_section full_width=\u00bbstretch_row\u00bb content_placement=\u00bbmiddle\u00bb css=\u00bb.vc_custom_1657216147673{margin-bottom: 0px !important;padding-top: 40px !important;padding-bottom: 30px !important;background-color: #35b3c9 !important;}\u00bb el_class=\u00bbcta-section\u00bb][vc_row][vc_column css_animation=\u00bbfadeInLeft\u00bb][vc_row_inner][vc_column_inner width=\u00bb2\/3&#8243;][vc_column_text]<\/p>\n<h3 style=\"text-align: center;\"><span style=\"color: #ffffff; font-size: 30px;\">\u201cLa est\u00e9tica es la expresi\u00f3n final de la integraci\u00f3n biol\u00f3gica, funcional y estructural de los diferentes componentes del aparato masticatorio\u201d<\/span><\/h3>\n<p style=\"text-align: center;\"><span style=\"color: #ffcc00;\">-Peter Dowson<\/span><\/p>\n<p>[\/vc_column_text][\/vc_column_inner][vc_column_inner width=\u00bb1\/3&#8243; css=\u00bb.vc_custom_1548786727651{padding-top: 20px !important;padding-bottom: 20px !important;}\u00bb][vc_column_text]<\/p>\n<p style=\"text-align: center;\"><a class=\"dark-button popmake-1483\" href=\"#\">Agendar Mi Cita<\/a><\/p>\n<p>[\/vc_column_text][\/vc_column_inner][\/vc_row_inner][\/vc_column][\/vc_row][\/vc_section]<\/p>\n","protected":false},"excerpt":{"rendered":"<p>[vc_section full_width=\u00bbstretch_row_content\u00bb el_class=\u00bbmain-tecate\u00bb css=\u00bb.vc_custom_1650490606455{background-image: url(https:\/\/bioraldentalgroup.com\/wp-content\/uploads\/2022\/04\/tecate-banner-1024&#215;342-1.jpg?id=1796) !important;background-position: center !important;background-repeat: no-repeat !important;background-size: cover !important;}\u00bb][\/vc_section][vc_section css=\u00bb.vc_custom_1553532685258{margin-bottom: 0px !important;padding-top: 55px !important;padding-bottom: 0px !important;}\u00bb][vc_row][vc_column][vc_column_text css=\u00bb.vc_custom_1559281926111{padding-top: 50px !important;padding-bottom: 50px !important;}\u00bb] La ciudad de Tecate en Baja California es una ciudad que cuenta con una ubicaci\u00f3n estrat\u00e9gica pues se encuentra localizada en el punto medio entre Tijuana, Rosarito, Mexicali y Ensenada. Cuenta&hellip;<\/p>\n","protected":false},"author":1,"featured_media":0,"parent":0,"menu_order":0,"comment_status":"closed","ping_status":"closed","template":"","meta":{"footnotes":""},"class_list":["post-1541","page","type-page","status-publish","hentry","description-off"],"yoast_head":"<!-- This site is optimized with the Yoast SEO plugin v27.4 - https:\/\/yoast.com\/product\/yoast-seo-wordpress\/ -->\n<title>Disfrute Tecate | BiOral Dental Group | Los Mejores Dentistas en M\u00e9xico<\/title>\n<meta name=\"description\" content=\"Disfrute su visita al pueblo m\u00e1gico de Tecate in Mexico. Si esta planeando vistar nuestra cl\u00ednica esta informaci\u00f3n pudiera ser de su inter\u00e9s.\" \/>\n<meta name=\"robots\" content=\"index, follow, max-snippet:-1, max-image-preview:large, max-video-preview:-1\" \/>\n<link rel=\"canonical\" href=\"https:\/\/bioraldentalgroup.com\/es\/enjoy-tecate\/\" \/>\n<meta property=\"og:locale\" content=\"es_ES\" \/>\n<meta property=\"og:type\" content=\"article\" \/>\n<meta property=\"og:title\" content=\"Disfrute Tecate | BiOral Dental Group | Los Mejores Dentistas en M\u00e9xico\" \/>\n<meta property=\"og:description\" content=\"Disfrute su visita al pueblo m\u00e1gico de Tecate in Mexico. Si esta planeando vistar nuestra cl\u00ednica esta informaci\u00f3n pudiera ser de su inter\u00e9s.\" \/>\n<meta property=\"og:url\" content=\"https:\/\/bioraldentalgroup.com\/es\/enjoy-tecate\/\" \/>\n<meta property=\"og:site_name\" content=\"BiOral Dental Group\" \/>\n<meta property=\"article:modified_time\" content=\"2022-07-07T17:49:09+00:00\" \/>\n<meta name=\"twitter:card\" content=\"summary_large_image\" \/>\n<meta name=\"twitter:label1\" content=\"Tiempo de lectura\" \/>\n\t<meta name=\"twitter:data1\" content=\"2 minutos\" \/>\n<script type=\"application\/ld+json\" class=\"yoast-schema-graph\">{\"@context\":\"https:\\\/\\\/schema.org\",\"@graph\":[{\"@type\":\"WebPage\",\"@id\":\"https:\\\/\\\/bioraldentalgroup.com\\\/es\\\/enjoy-tecate\\\/\",\"url\":\"https:\\\/\\\/bioraldentalgroup.com\\\/es\\\/enjoy-tecate\\\/\",\"name\":\"Disfrute Tecate | BiOral Dental Group | Los Mejores Dentistas en M\u00e9xico\",\"isPartOf\":{\"@id\":\"https:\\\/\\\/bioraldentalgroup.com\\\/#website\"},\"datePublished\":\"2019-02-07T19:59:53+00:00\",\"dateModified\":\"2022-07-07T17:49:09+00:00\",\"description\":\"Disfrute su visita al pueblo m\u00e1gico de Tecate in Mexico. Si esta planeando vistar nuestra cl\u00ednica esta informaci\u00f3n pudiera ser de su inter\u00e9s.\",\"breadcrumb\":{\"@id\":\"https:\\\/\\\/bioraldentalgroup.com\\\/es\\\/enjoy-tecate\\\/#breadcrumb\"},\"inLanguage\":\"es\",\"potentialAction\":[{\"@type\":\"ReadAction\",\"target\":[\"https:\\\/\\\/bioraldentalgroup.com\\\/es\\\/enjoy-tecate\\\/\"]}]},{\"@type\":\"BreadcrumbList\",\"@id\":\"https:\\\/\\\/bioraldentalgroup.com\\\/es\\\/enjoy-tecate\\\/#breadcrumb\",\"itemListElement\":[{\"@type\":\"ListItem\",\"position\":1,\"name\":\"Home\",\"item\":\"https:\\\/\\\/bioraldentalgroup.com\\\/es\\\/\"},{\"@type\":\"ListItem\",\"position\":2,\"name\":\"Disfrute Tecate\"}]},{\"@type\":\"WebSite\",\"@id\":\"https:\\\/\\\/bioraldentalgroup.com\\\/#website\",\"url\":\"https:\\\/\\\/bioraldentalgroup.com\\\/\",\"name\":\"BiOral Dental Group\",\"description\":\"Dental Specialists\",\"potentialAction\":[{\"@type\":\"SearchAction\",\"target\":{\"@type\":\"EntryPoint\",\"urlTemplate\":\"https:\\\/\\\/bioraldentalgroup.com\\\/?s={search_term_string}\"},\"query-input\":{\"@type\":\"PropertyValueSpecification\",\"valueRequired\":true,\"valueName\":\"search_term_string\"}}],\"inLanguage\":\"es\"}]}<\/script>\n<!-- \/ Yoast SEO plugin. -->","yoast_head_json":{"title":"Disfrute Tecate | BiOral Dental Group | Los Mejores Dentistas en M\u00e9xico","description":"Disfrute su visita al pueblo m\u00e1gico de Tecate in Mexico. Si esta planeando vistar nuestra cl\u00ednica esta informaci\u00f3n pudiera ser de su inter\u00e9s.","robots":{"index":"index","follow":"follow","max-snippet":"max-snippet:-1","max-image-preview":"max-image-preview:large","max-video-preview":"max-video-preview:-1"},"canonical":"https:\/\/bioraldentalgroup.com\/es\/enjoy-tecate\/","og_locale":"es_ES","og_type":"article","og_title":"Disfrute Tecate | BiOral Dental Group | Los Mejores Dentistas en M\u00e9xico","og_description":"Disfrute su visita al pueblo m\u00e1gico de Tecate in Mexico. Si esta planeando vistar nuestra cl\u00ednica esta informaci\u00f3n pudiera ser de su inter\u00e9s.","og_url":"https:\/\/bioraldentalgroup.com\/es\/enjoy-tecate\/","og_site_name":"BiOral Dental Group","article_modified_time":"2022-07-07T17:49:09+00:00","twitter_card":"summary_large_image","twitter_misc":{"Tiempo de lectura":"2 minutos"},"schema":{"@context":"https:\/\/schema.org","@graph":[{"@type":"WebPage","@id":"https:\/\/bioraldentalgroup.com\/es\/enjoy-tecate\/","url":"https:\/\/bioraldentalgroup.com\/es\/enjoy-tecate\/","name":"Disfrute Tecate | BiOral Dental Group | Los Mejores Dentistas en M\u00e9xico","isPartOf":{"@id":"https:\/\/bioraldentalgroup.com\/#website"},"datePublished":"2019-02-07T19:59:53+00:00","dateModified":"2022-07-07T17:49:09+00:00","description":"Disfrute su visita al pueblo m\u00e1gico de Tecate in Mexico. Si esta planeando vistar nuestra cl\u00ednica esta informaci\u00f3n pudiera ser de su inter\u00e9s.","breadcrumb":{"@id":"https:\/\/bioraldentalgroup.com\/es\/enjoy-tecate\/#breadcrumb"},"inLanguage":"es","potentialAction":[{"@type":"ReadAction","target":["https:\/\/bioraldentalgroup.com\/es\/enjoy-tecate\/"]}]},{"@type":"BreadcrumbList","@id":"https:\/\/bioraldentalgroup.com\/es\/enjoy-tecate\/#breadcrumb","itemListElement":[{"@type":"ListItem","position":1,"name":"Home","item":"https:\/\/bioraldentalgroup.com\/es\/"},{"@type":"ListItem","position":2,"name":"Disfrute Tecate"}]},{"@type":"WebSite","@id":"https:\/\/bioraldentalgroup.com\/#website","url":"https:\/\/bioraldentalgroup.com\/","name":"BiOral Dental Group","description":"Dental Specialists","potentialAction":[{"@type":"SearchAction","target":{"@type":"EntryPoint","urlTemplate":"https:\/\/bioraldentalgroup.com\/?s={search_term_string}"},"query-input":{"@type":"PropertyValueSpecification","valueRequired":true,"valueName":"search_term_string"}}],"inLanguage":"es"}]}},"_links":{"self":[{"href":"https:\/\/bioraldentalgroup.com\/es\/wp-json\/wp\/v2\/pages\/1541","targetHints":{"allow":["GET"]}}],"collection":[{"href":"https:\/\/bioraldentalgroup.com\/es\/wp-json\/wp\/v2\/pages"}],"about":[{"href":"https:\/\/bioraldentalgroup.com\/es\/wp-json\/wp\/v2\/types\/page"}],"author":[{"embeddable":true,"href":"https:\/\/bioraldentalgroup.com\/es\/wp-json\/wp\/v2\/users\/1"}],"replies":[{"embeddable":true,"href":"https:\/\/bioraldentalgroup.com\/es\/wp-json\/wp\/v2\/comments?post=1541"}],"version-history":[{"count":20,"href":"https:\/\/bioraldentalgroup.com\/es\/wp-json\/wp\/v2\/pages\/1541\/revisions"}],"predecessor-version":[{"id":2034,"href":"https:\/\/bioraldentalgroup.com\/es\/wp-json\/wp\/v2\/pages\/1541\/revisions\/2034"}],"wp:attachment":[{"href":"https:\/\/bioraldentalgroup.com\/es\/wp-json\/wp\/v2\/media?parent=1541"}],"curies":[{"name":"wp","href":"https:\/\/api.w.org\/{rel}","templated":true}]}}