{"id":1532,"date":"2019-04-03T09:20:37","date_gmt":"2019-04-03T17:20:37","guid":{"rendered":"http:\/\/bioraldentalgroup.com\/testimonial\/"},"modified":"2022-07-07T09:46:10","modified_gmt":"2022-07-07T17:46:10","slug":"testimonial","status":"publish","type":"page","link":"https:\/\/bioraldentalgroup.com\/es\/testimonial\/","title":{"rendered":"Testimoniales"},"content":{"rendered":"<p>[vc_section][vc_row][vc_column][vc_raw_html]JTVCdGVzdGltb25pYWxfdmlldyUyMGlkJTNEJTIyMyUyMiU1RA==[\/vc_raw_html][\/vc_column][\/vc_row][\/vc_section][vc_row][vc_column css=\u00bb.vc_custom_1554315419667{padding-top: 80px !important;padding-right: 30px !important;padding-bottom: 150px !important;padding-left: 30px !important;}\u00bb]<div class=\"dt-fancy-separator text-big accent-title-color accent-border-color\" style=\"width: 80%;\"><div class=\"dt-fancy-title\"><span class=\"separator-holder separator-left\"><\/span>Comparte tu Testimonio<span class=\"separator-holder separator-right\"><\/span><\/div><\/div>\n<div class=\"wpcf7 no-js\" id=\"wpcf7-f555-o1\" lang=\"en-US\" dir=\"ltr\" data-wpcf7-id=\"555\">\n<div class=\"screen-reader-response\"><p role=\"status\" aria-live=\"polite\" aria-atomic=\"true\"><\/p> <ul><\/ul><\/div>\n<form action=\"\/es\/wp-json\/wp\/v2\/pages\/1532#wpcf7-f555-o1\" method=\"post\" class=\"wpcf7-form init\" aria-label=\"Contact form\" novalidate=\"novalidate\" data-status=\"init\">\n<fieldset class=\"hidden-fields-container\"><input type=\"hidden\" name=\"_wpcf7\" value=\"555\" \/><input type=\"hidden\" name=\"_wpcf7_version\" value=\"6.1.5\" \/><input type=\"hidden\" name=\"_wpcf7_locale\" value=\"en_US\" \/><input type=\"hidden\" name=\"_wpcf7_unit_tag\" value=\"wpcf7-f555-o1\" \/><input type=\"hidden\" name=\"_wpcf7_container_post\" value=\"0\" \/><input type=\"hidden\" name=\"_wpcf7_posted_data_hash\" value=\"\" \/>\n<\/fieldset>\n<p><label> Nombre Completo <span class=\"wpcf7-form-control-wrap\" data-name=\"nombre-completo\"><input size=\"40\" maxlength=\"400\" class=\"wpcf7-form-control wpcf7-text wpcf7-validates-as-required\" aria-required=\"true\" aria-invalid=\"false\" value=\"\" type=\"text\" name=\"nombre-completo\" \/><\/span> <\/label>\n<\/p>\n<p><label> Ciudad <span class=\"wpcf7-form-control-wrap\" data-name=\"ciudad-viviendo\"><input size=\"40\" maxlength=\"400\" class=\"wpcf7-form-control wpcf7-text wpcf7-validates-as-required\" aria-required=\"true\" aria-invalid=\"false\" value=\"\" type=\"text\" name=\"ciudad-viviendo\" \/><\/span> <\/label>\n<\/p>\n<p><label> Correo Electr\u00f3nico <span class=\"wpcf7-form-control-wrap\" data-name=\"correo-electronico\"><input size=\"40\" maxlength=\"400\" class=\"wpcf7-form-control wpcf7-email wpcf7-validates-as-required wpcf7-text wpcf7-validates-as-email\" aria-required=\"true\" aria-invalid=\"false\" value=\"\" type=\"email\" name=\"correo-electronico\" \/><\/span> <\/label>\n<\/p>\n<p><label> Describa su testimonio <span class=\"wpcf7-form-control-wrap\" data-name=\"descripcion-testimonio\"><textarea cols=\"40\" rows=\"10\" maxlength=\"2000\" class=\"wpcf7-form-control wpcf7-textarea\" aria-invalid=\"false\" name=\"descripcion-testimonio\"><\/textarea><\/span> <\/label>\n<\/p>\n<p><input class=\"wpcf7-form-control wpcf7-submit has-spinner\" type=\"submit\" value=\"Enviar Testimonio\" \/>\n<\/p><input type='hidden' class='wpcf7-pum' value='{\"closepopup\":false,\"closedelay\":0,\"openpopup\":false,\"openpopup_id\":0}' \/><div class=\"wpcf7-response-output\" aria-hidden=\"true\"><\/div>\n<\/form>\n<\/div>\n[\/vc_column][\/vc_row][vc_section full_width=\u00bbstretch_row\u00bb content_placement=\u00bbmiddle\u00bb css=\u00bb.vc_custom_1657215968503{margin-bottom: 0px !important;padding-top: 40px !important;padding-bottom: 30px !important;background-color: #35b3c9 !important;}\u00bb el_class=\u00bbcta-section\u00bb][vc_row][vc_column css_animation=\u00bbfadeInLeft\u00bb][vc_row_inner][vc_column_inner width=\u00bb2\/3&#8243;][vc_column_text]<\/p>\n<h3 style=\"text-align: center;\"><span style=\"color: #ffffff; font-size: 30px;\">\u201cLa est\u00e9tica es la expresi\u00f3n final de la integraci\u00f3n biol\u00f3gica, funcional y estructural de los diferentes componentes del aparato masticatorio\u201d<\/span><\/h3>\n<p style=\"text-align: center;\"><span style=\"color: #ffcc00;\">-Peter Dowson<\/span><\/p>\n<p>[\/vc_column_text][\/vc_column_inner][vc_column_inner width=\u00bb1\/3&#8243; css=\u00bb.vc_custom_1548786727651{padding-top: 20px !important;padding-bottom: 20px !important;}\u00bb][vc_column_text]<\/p>\n<p style=\"text-align: center;\"><a class=\"dark-button popmake-1483\" href=\"#\">Agendar Mi Cita<\/a><\/p>\n<p>[\/vc_column_text][\/vc_column_inner][\/vc_row_inner][\/vc_column][\/vc_row][\/vc_section]<\/p>\n","protected":false},"excerpt":{"rendered":"<p>[vc_section][vc_row][vc_column][vc_raw_html]JTVCdGVzdGltb25pYWxfdmlldyUyMGlkJTNEJTIyMyUyMiU1RA==[\/vc_raw_html][\/vc_column][\/vc_row][\/vc_section][vc_row][vc_column css=\u00bb.vc_custom_1554315419667{padding-top: 80px !important;padding-right: 30px !important;padding-bottom: 150px !important;padding-left: 30px !important;}\u00bb][\/vc_column][\/vc_row][vc_section full_width=\u00bbstretch_row\u00bb content_placement=\u00bbmiddle\u00bb css=\u00bb.vc_custom_1657215968503{margin-bottom: 0px !important;padding-top: 40px !important;padding-bottom: 30px !important;background-color: #35b3c9 !important;}\u00bb el_class=\u00bbcta-section\u00bb][vc_row][vc_column css_animation=\u00bbfadeInLeft\u00bb][vc_row_inner][vc_column_inner width=\u00bb2\/3&#8243;][vc_column_text] \u201cLa est\u00e9tica es la expresi\u00f3n final de la integraci\u00f3n biol\u00f3gica, funcional y estructural de los diferentes componentes del aparato masticatorio\u201d -Peter Dowson [\/vc_column_text][\/vc_column_inner][vc_column_inner width=\u00bb1\/3&#8243; css=\u00bb.vc_custom_1548786727651{padding-top: 20px !important;padding-bottom: 20px !important;}\u00bb][vc_column_text] Agendar Mi&hellip;<\/p>\n","protected":false},"author":1,"featured_media":0,"parent":0,"menu_order":0,"comment_status":"closed","ping_status":"closed","template":"","meta":{"footnotes":""},"class_list":["post-1532","page","type-page","status-publish","hentry","description-off"],"yoast_head":"<!-- This site is optimized with the Yoast SEO plugin v27.4 - https:\/\/yoast.com\/product\/yoast-seo-wordpress\/ -->\n<title>Testimoniales | Nuestros Pacientes | BiOral Dental Group | Tecate, Mexico<\/title>\n<meta name=\"description\" content=\"Lea algunos testimoniales de nuestros clientes satisfechos, prueba del trabajo de calidad que ofrecemos con gusto en Bioral Dental Group.\" \/>\n<meta name=\"robots\" content=\"index, follow, max-snippet:-1, max-image-preview:large, max-video-preview:-1\" \/>\n<link rel=\"canonical\" href=\"https:\/\/bioraldentalgroup.com\/es\/testimonial\/\" \/>\n<meta property=\"og:locale\" content=\"es_ES\" \/>\n<meta property=\"og:type\" content=\"article\" \/>\n<meta property=\"og:title\" content=\"Testimoniales | Nuestros Pacientes | BiOral Dental Group | Tecate, Mexico\" \/>\n<meta property=\"og:description\" content=\"Lea algunos testimoniales de nuestros clientes satisfechos, prueba del trabajo de calidad que ofrecemos con gusto en Bioral Dental Group.\" \/>\n<meta property=\"og:url\" content=\"https:\/\/bioraldentalgroup.com\/es\/testimonial\/\" \/>\n<meta property=\"og:site_name\" content=\"BiOral Dental Group\" \/>\n<meta property=\"article:modified_time\" content=\"2022-07-07T17:46:10+00:00\" \/>\n<meta name=\"twitter:card\" content=\"summary_large_image\" \/>\n<meta name=\"twitter:label1\" content=\"Tiempo de lectura\" \/>\n\t<meta name=\"twitter:data1\" content=\"1 minuto\" \/>\n<script type=\"application\/ld+json\" class=\"yoast-schema-graph\">{\"@context\":\"https:\\\/\\\/schema.org\",\"@graph\":[{\"@type\":\"WebPage\",\"@id\":\"https:\\\/\\\/bioraldentalgroup.com\\\/es\\\/testimonial\\\/\",\"url\":\"https:\\\/\\\/bioraldentalgroup.com\\\/es\\\/testimonial\\\/\",\"name\":\"Testimoniales | Nuestros Pacientes | BiOral Dental Group | Tecate, Mexico\",\"isPartOf\":{\"@id\":\"https:\\\/\\\/bioraldentalgroup.com\\\/#website\"},\"datePublished\":\"2019-04-03T17:20:37+00:00\",\"dateModified\":\"2022-07-07T17:46:10+00:00\",\"description\":\"Lea algunos testimoniales de nuestros clientes satisfechos, prueba del trabajo de calidad que ofrecemos con gusto en Bioral Dental Group.\",\"breadcrumb\":{\"@id\":\"https:\\\/\\\/bioraldentalgroup.com\\\/es\\\/testimonial\\\/#breadcrumb\"},\"inLanguage\":\"es\",\"potentialAction\":[{\"@type\":\"ReadAction\",\"target\":[\"https:\\\/\\\/bioraldentalgroup.com\\\/es\\\/testimonial\\\/\"]}]},{\"@type\":\"BreadcrumbList\",\"@id\":\"https:\\\/\\\/bioraldentalgroup.com\\\/es\\\/testimonial\\\/#breadcrumb\",\"itemListElement\":[{\"@type\":\"ListItem\",\"position\":1,\"name\":\"Home\",\"item\":\"https:\\\/\\\/bioraldentalgroup.com\\\/es\\\/\"},{\"@type\":\"ListItem\",\"position\":2,\"name\":\"Testimoniales\"}]},{\"@type\":\"WebSite\",\"@id\":\"https:\\\/\\\/bioraldentalgroup.com\\\/#website\",\"url\":\"https:\\\/\\\/bioraldentalgroup.com\\\/\",\"name\":\"BiOral Dental Group\",\"description\":\"Dental Specialists\",\"potentialAction\":[{\"@type\":\"SearchAction\",\"target\":{\"@type\":\"EntryPoint\",\"urlTemplate\":\"https:\\\/\\\/bioraldentalgroup.com\\\/?s={search_term_string}\"},\"query-input\":{\"@type\":\"PropertyValueSpecification\",\"valueRequired\":true,\"valueName\":\"search_term_string\"}}],\"inLanguage\":\"es\"}]}<\/script>\n<!-- \/ Yoast SEO plugin. -->","yoast_head_json":{"title":"Testimoniales | Nuestros Pacientes | BiOral Dental Group | Tecate, Mexico","description":"Lea algunos testimoniales de nuestros clientes satisfechos, prueba del trabajo de calidad que ofrecemos con gusto en Bioral Dental Group.","robots":{"index":"index","follow":"follow","max-snippet":"max-snippet:-1","max-image-preview":"max-image-preview:large","max-video-preview":"max-video-preview:-1"},"canonical":"https:\/\/bioraldentalgroup.com\/es\/testimonial\/","og_locale":"es_ES","og_type":"article","og_title":"Testimoniales | Nuestros Pacientes | BiOral Dental Group | Tecate, Mexico","og_description":"Lea algunos testimoniales de nuestros clientes satisfechos, prueba del trabajo de calidad que ofrecemos con gusto en Bioral Dental Group.","og_url":"https:\/\/bioraldentalgroup.com\/es\/testimonial\/","og_site_name":"BiOral Dental Group","article_modified_time":"2022-07-07T17:46:10+00:00","twitter_card":"summary_large_image","twitter_misc":{"Tiempo de lectura":"1 minuto"},"schema":{"@context":"https:\/\/schema.org","@graph":[{"@type":"WebPage","@id":"https:\/\/bioraldentalgroup.com\/es\/testimonial\/","url":"https:\/\/bioraldentalgroup.com\/es\/testimonial\/","name":"Testimoniales | Nuestros Pacientes | BiOral Dental Group | Tecate, Mexico","isPartOf":{"@id":"https:\/\/bioraldentalgroup.com\/#website"},"datePublished":"2019-04-03T17:20:37+00:00","dateModified":"2022-07-07T17:46:10+00:00","description":"Lea algunos testimoniales de nuestros clientes satisfechos, prueba del trabajo de calidad que ofrecemos con gusto en Bioral Dental Group.","breadcrumb":{"@id":"https:\/\/bioraldentalgroup.com\/es\/testimonial\/#breadcrumb"},"inLanguage":"es","potentialAction":[{"@type":"ReadAction","target":["https:\/\/bioraldentalgroup.com\/es\/testimonial\/"]}]},{"@type":"BreadcrumbList","@id":"https:\/\/bioraldentalgroup.com\/es\/testimonial\/#breadcrumb","itemListElement":[{"@type":"ListItem","position":1,"name":"Home","item":"https:\/\/bioraldentalgroup.com\/es\/"},{"@type":"ListItem","position":2,"name":"Testimoniales"}]},{"@type":"WebSite","@id":"https:\/\/bioraldentalgroup.com\/#website","url":"https:\/\/bioraldentalgroup.com\/","name":"BiOral Dental Group","description":"Dental Specialists","potentialAction":[{"@type":"SearchAction","target":{"@type":"EntryPoint","urlTemplate":"https:\/\/bioraldentalgroup.com\/?s={search_term_string}"},"query-input":{"@type":"PropertyValueSpecification","valueRequired":true,"valueName":"search_term_string"}}],"inLanguage":"es"}]}},"_links":{"self":[{"href":"https:\/\/bioraldentalgroup.com\/es\/wp-json\/wp\/v2\/pages\/1532","targetHints":{"allow":["GET"]}}],"collection":[{"href":"https:\/\/bioraldentalgroup.com\/es\/wp-json\/wp\/v2\/pages"}],"about":[{"href":"https:\/\/bioraldentalgroup.com\/es\/wp-json\/wp\/v2\/types\/page"}],"author":[{"embeddable":true,"href":"https:\/\/bioraldentalgroup.com\/es\/wp-json\/wp\/v2\/users\/1"}],"replies":[{"embeddable":true,"href":"https:\/\/bioraldentalgroup.com\/es\/wp-json\/wp\/v2\/comments?post=1532"}],"version-history":[{"count":9,"href":"https:\/\/bioraldentalgroup.com\/es\/wp-json\/wp\/v2\/pages\/1532\/revisions"}],"predecessor-version":[{"id":2014,"href":"https:\/\/bioraldentalgroup.com\/es\/wp-json\/wp\/v2\/pages\/1532\/revisions\/2014"}],"wp:attachment":[{"href":"https:\/\/bioraldentalgroup.com\/es\/wp-json\/wp\/v2\/media?parent=1532"}],"curies":[{"name":"wp","href":"https:\/\/api.w.org\/{rel}","templated":true}]}}