{"id":1488,"date":"2019-05-30T20:08:31","date_gmt":"2019-05-31T04:08:31","guid":{"rendered":"http:\/\/bioraldentalgroup.com\/?page_id=1488"},"modified":"2022-07-13T10:28:07","modified_gmt":"2022-07-13T18:28:07","slug":"nuestro-equipo","status":"publish","type":"page","link":"https:\/\/bioraldentalgroup.com\/es\/nuestro-equipo\/","title":{"rendered":"Nuestro Equipo"},"content":{"rendered":"<p>[vc_section css=\u00bb.vc_custom_1553271892132{padding-bottom: 80px !important;}\u00bb][vc_row][vc_column width=\u00bb1\/4&#8243; css=\u00bb.vc_custom_1553271760729{border-top-width: 1px !important;border-right-width: 1px !important;border-bottom-width: 1px !important;border-left-width: 1px !important;padding-top: 0px !important;padding-right: 0px !important;padding-bottom: 25px !important;padding-left: 0px !important;border-left-color: #cccccc !important;border-right-color: #cccccc !important;border-top-color: #cccccc !important;border-bottom-color: #cccccc !important;}\u00bb]<section class=\"shortcode-teaser img-full frame-fancy frame-on\"><div class=\"shortcode-teaser-img\"><a class=\"rollover\" href=\"http:\/\/bioraldentalgroup.com\/es\/our-team\/dr-oscar-serna\/\"><img decoding=\"async\" data-src=\"https:\/\/bioraldentalgroup.com\/wp-content\/uploads\/2022\/07\/drserna1.jpg\" alt=\"CDEP Oscar Daniel Serna Cantu\" width=\"219\" height=\"311\" src=\"data:image\/svg+xml;base64,PHN2ZyB3aWR0aD0iMSIgaGVpZ2h0PSIxIiB4bWxucz0iaHR0cDovL3d3dy53My5vcmcvMjAwMC9zdmciPjwvc3ZnPg==\" class=\"lazyload\" style=\"--smush-placeholder-width: 219px; --smush-placeholder-aspect-ratio: 219\/311;\" \/><\/a><\/div><div class=\"shortcode-teaser-content text-small\"><h2 class=\"title-service\"><span style=\"color: #35b3c9;\">CDEP Oscar Daniel Serna Cant\u00fa<\/span><\/h2>\n<p style=\"text-align: center;\"><span style=\"font-weight: 400;\">Cirujano Dentista Especialista en Prostodoncia e Implantes<\/span><\/p>\n<\/div><\/section>[\/vc_column][vc_column width=\u00bb1\/4&#8243; css=\u00bb.vc_custom_1553271777380{padding-top: 0px !important;padding-right: 0px !important;padding-bottom: 25px !important;padding-left: 0px !important;}\u00bb]<section class=\"shortcode-teaser img-full frame-fancy frame-on\"><div class=\"shortcode-teaser-img\"><a class=\"rollover\" href=\"http:\/\/bioraldentalgroup.com\/es\/our-team\/cdep-angelica-e-rodriguez\/\"><img decoding=\"async\" data-src=\"https:\/\/bioraldentalgroup.com\/wp-content\/uploads\/2022\/07\/draangelica.jpg\" alt=\"CDEP Angelica E. Rodriguez\" width=\"219\" height=\"311\" src=\"data:image\/svg+xml;base64,PHN2ZyB3aWR0aD0iMSIgaGVpZ2h0PSIxIiB4bWxucz0iaHR0cDovL3d3dy53My5vcmcvMjAwMC9zdmciPjwvc3ZnPg==\" class=\"lazyload\" style=\"--smush-placeholder-width: 219px; --smush-placeholder-aspect-ratio: 219\/311;\" \/><\/a><\/div><div class=\"shortcode-teaser-content text-small\"><h2 class=\"title-service\"><span style=\"color: #35b3c9;\">CDEP Ang\u00e9lica E. Rodr\u00edguez<\/span><\/h2>\n<p style=\"text-align: center;\"><span style=\"font-weight: 400;\">Cirujano Dentista Especialista en Periodoncia e Implantes<\/span><\/p>\n<\/div><\/section>[\/vc_column][vc_column width=\u00bb1\/4&#8243; css=\u00bb.vc_custom_1553271799100{padding-top: 0px !important;padding-right: 0px !important;padding-bottom: 25px !important;padding-left: 0px !important;}\u00bb]<section class=\"shortcode-teaser img-full frame-fancy frame-on\"><div class=\"shortcode-teaser-img\"><a class=\"rollover\" href=\"http:\/\/bioraldentalgroup.com\/es\/our-team\/cdecom-miguel-a-mercado-m\/\"><img decoding=\"async\" data-src=\"https:\/\/bioraldentalgroup.com\/wp-content\/uploads\/2019\/02\/dr-mercado.jpg\" alt=\"CDECOM Miguel A. Mercado M.\" width=\"219\" height=\"311\" src=\"data:image\/svg+xml;base64,PHN2ZyB3aWR0aD0iMSIgaGVpZ2h0PSIxIiB4bWxucz0iaHR0cDovL3d3dy53My5vcmcvMjAwMC9zdmciPjwvc3ZnPg==\" class=\"lazyload\" style=\"--smush-placeholder-width: 219px; --smush-placeholder-aspect-ratio: 219\/311;\" \/><\/a><\/div><div class=\"shortcode-teaser-content text-small\"><h2 class=\"title-service\"><span style=\"color: #35b3c9;\">CDECOM Miguel A. Mercado M.<\/span><\/h2>\n<p style=\"text-align: center;\"><span style=\"font-weight: 400;\">Cirujano Dentista Especialista en Cirug\u00eda Oral y Maxilofacial<\/span><\/p>\n<\/div><\/section>[\/vc_column][vc_column width=\u00bb1\/4&#8243; css=\u00bb.vc_custom_1553271809366{padding-top: 0px !important;padding-right: 0px !important;padding-bottom: 25px !important;padding-left: 0px !important;}\u00bb]<section class=\"shortcode-teaser img-full frame-fancy frame-on\"><div class=\"shortcode-teaser-img\"><a class=\"rollover\" href=\"http:\/\/bioraldentalgroup.com\/es\/our-team\/cdeo-lucrecia-arzamendi\/\"><img decoding=\"async\" data-src=\"https:\/\/bioraldentalgroup.com\/wp-content\/uploads\/2019\/02\/dra-arizmendi.jpg\" alt=\"CDEO Lucrecia Arzamendi\" width=\"219\" height=\"311\" src=\"data:image\/svg+xml;base64,PHN2ZyB3aWR0aD0iMSIgaGVpZ2h0PSIxIiB4bWxucz0iaHR0cDovL3d3dy53My5vcmcvMjAwMC9zdmciPjwvc3ZnPg==\" class=\"lazyload\" style=\"--smush-placeholder-width: 219px; --smush-placeholder-aspect-ratio: 219\/311;\" \/><\/a><\/div><div class=\"shortcode-teaser-content text-small\"><h2 class=\"title-service\"><span style=\"color: #35b3c9;\">CDEO Lucrecia Arzamendi<\/span><\/h2>\n<p style=\"text-align: center;\"><span style=\"font-weight: 400;\">Cirujano Dentista Especialista en Odontopediatr\u00eda<\/span><\/p>\n<\/div><\/section>[\/vc_column][\/vc_row][vc_row][vc_column width=\u00bb1\/4&#8243; css=\u00bb.vc_custom_1553271760729{border-top-width: 1px !important;border-right-width: 1px !important;border-bottom-width: 1px !important;border-left-width: 1px !important;padding-top: 0px !important;padding-right: 0px !important;padding-bottom: 25px !important;padding-left: 0px !important;border-left-color: #cccccc !important;border-right-color: #cccccc !important;border-top-color: #cccccc !important;border-bottom-color: #cccccc !important;}\u00bb]<section class=\"shortcode-teaser img-full frame-fancy frame-on\"><div class=\"shortcode-teaser-img\"><a class=\"rollover\" href=\"http:\/\/bioraldentalgroup.com\/es\/our-team\/cdmo-jasiel-fernando-saborit-p\/\"><img decoding=\"async\" data-src=\"https:\/\/bioraldentalgroup.com\/wp-content\/uploads\/2019\/03\/dr-saboritt.jpg\" alt=\"CDMO Jasiel Fernando Saborit\" width=\"219\" height=\"311\" src=\"data:image\/svg+xml;base64,PHN2ZyB3aWR0aD0iMSIgaGVpZ2h0PSIxIiB4bWxucz0iaHR0cDovL3d3dy53My5vcmcvMjAwMC9zdmciPjwvc3ZnPg==\" class=\"lazyload\" style=\"--smush-placeholder-width: 219px; --smush-placeholder-aspect-ratio: 219\/311;\" \/><\/a><\/div><div class=\"shortcode-teaser-content text-small\"><h2 class=\"title-service\"><span style=\"color: #35b3c9;\">CDMO Jasiel Fernando Saborit<\/span><\/h2>\n<p style=\"text-align: center;\"><span style=\"font-weight: 400;\">Cirujano Dentista con Maestr\u00eda en Ortodoncia<\/span><\/p>\n<\/div><\/section>[\/vc_column][vc_column width=\u00bb1\/4&#8243; css=\u00bb.vc_custom_1553271777380{padding-top: 0px !important;padding-right: 0px !important;padding-bottom: 25px !important;padding-left: 0px !important;}\u00bb]<section class=\"shortcode-teaser img-full frame-fancy frame-on\"><div class=\"shortcode-teaser-img\"><a class=\"rollover\" href=\"http:\/\/bioraldentalgroup.com\/es\/our-team\/cdeo-david-ramirez-orendain\/\"><img decoding=\"async\" data-src=\"https:\/\/bioraldentalgroup.com\/wp-content\/uploads\/2019\/02\/dr-ramirez.jpg\" alt=\"CDEO David Ramirez Orendain\" width=\"219\" height=\"311\" src=\"data:image\/svg+xml;base64,PHN2ZyB3aWR0aD0iMSIgaGVpZ2h0PSIxIiB4bWxucz0iaHR0cDovL3d3dy53My5vcmcvMjAwMC9zdmciPjwvc3ZnPg==\" class=\"lazyload\" style=\"--smush-placeholder-width: 219px; --smush-placeholder-aspect-ratio: 219\/311;\" \/><\/a><\/div><div class=\"shortcode-teaser-content text-small\"><h2 class=\"title-service\"><span style=\"color: #35b3c9;\">CDEO David Ram\u00edrez Orendain<\/span><\/h2>\n<p style=\"text-align: center;\"><span style=\"font-weight: 400;\">Cirujano Dentista Especialista en\u00a0Ortodoncia y Ortopedia Maxilar<\/span><\/p>\n<\/div><\/section>[\/vc_column][vc_column width=\u00bb1\/4&#8243; css=\u00bb.vc_custom_1553271799100{padding-top: 0px !important;padding-right: 0px !important;padding-bottom: 25px !important;padding-left: 0px !important;}\u00bb]<section class=\"shortcode-teaser img-full frame-fancy frame-on\"><div class=\"shortcode-teaser-img\"><img decoding=\"async\" data-src=\"https:\/\/bioraldentalgroup.com\/wp-content\/uploads\/2022\/07\/drajimenez.jpg\" alt=\"DDS Rosa Elena Pacheco Romero\" width=\"219\" height=\"311\" src=\"data:image\/svg+xml;base64,PHN2ZyB3aWR0aD0iMSIgaGVpZ2h0PSIxIiB4bWxucz0iaHR0cDovL3d3dy53My5vcmcvMjAwMC9zdmciPjwvc3ZnPg==\" class=\"lazyload\" style=\"--smush-placeholder-width: 219px; --smush-placeholder-aspect-ratio: 219\/311;\" \/><\/div><div class=\"shortcode-teaser-content text-small\"><h2 class=\"title-service\"><span style=\"color: #35b3c9;\">DDS Rosa Elena Pacheco Romero<\/span><\/h2>\n<p style=\"text-align: center;\"><span style=\"font-weight: 400;\">Odontolog\u00eda Restauradora<\/span><\/p>\n<\/div><\/section>[\/vc_column][vc_column width=\u00bb1\/4&#8243; css=\u00bb.vc_custom_1553271809366{padding-top: 0px !important;padding-right: 0px !important;padding-bottom: 25px !important;padding-left: 0px !important;}\u00bb]<section class=\"shortcode-teaser img-full frame-fancy frame-on\"><div class=\"shortcode-teaser-img\"><img decoding=\"async\" data-src=\"https:\/\/bioraldentalgroup.com\/wp-content\/uploads\/2022\/07\/drpoblete.jpg\" alt=\"DDS Juan Pablo Poblete Araujo\" width=\"219\" height=\"311\" src=\"data:image\/svg+xml;base64,PHN2ZyB3aWR0aD0iMSIgaGVpZ2h0PSIxIiB4bWxucz0iaHR0cDovL3d3dy53My5vcmcvMjAwMC9zdmciPjwvc3ZnPg==\" class=\"lazyload\" style=\"--smush-placeholder-width: 219px; --smush-placeholder-aspect-ratio: 219\/311;\" \/><\/div><div class=\"shortcode-teaser-content text-small\"><h2 class=\"title-service\"><span style=\"color: #35b3c9;\">DDS Juan Pablo Poblete Araujo<\/span><\/h2>\n<p style=\"text-align: center;\"><span style=\"font-weight: 400;\">Odontolog\u00eda Restauradora<\/span><\/p>\n<\/div><\/section>[\/vc_column][\/vc_row][\/vc_section][vc_section full_width=\u00bbstretch_row\u00bb content_placement=\u00bbmiddle\u00bb css=\u00bb.vc_custom_1657214653646{margin-bottom: 0px !important;padding-top: 40px !important;padding-bottom: 30px !important;background-color: #35b3c9 !important;}\u00bb el_class=\u00bbcta-section\u00bb][vc_row][vc_column css_animation=\u00bbfadeInLeft\u00bb][vc_row_inner][vc_column_inner width=\u00bb2\/3&#8243;][vc_column_text]<\/p>\n<h3 style=\"text-align: center;\"><span style=\"color: #ffffff; font-size: 30px;\">\u201cLa est\u00e9tica es la expresi\u00f3n final de la integraci\u00f3n biol\u00f3gica, funcional y estructural de los diferentes componentes del aparato masticatorio\u201d<\/span><\/h3>\n<p style=\"text-align: center;\"><span style=\"color: #ffcc00;\">-Peter Dowson<\/span><\/p>\n<p>[\/vc_column_text][\/vc_column_inner][vc_column_inner width=\u00bb1\/3&#8243; css=\u00bb.vc_custom_1548786727651{padding-top: 20px !important;padding-bottom: 20px !important;}\u00bb][vc_column_text]<\/p>\n<p style=\"text-align: center;\"><a class=\"dark-button popmake-1483\" href=\"#\">Agendar Mi Cita<\/a><\/p>\n<p>[\/vc_column_text][\/vc_column_inner][\/vc_row_inner][\/vc_column][\/vc_row][\/vc_section]<\/p>\n","protected":false},"excerpt":{"rendered":"<p>[vc_section css=\u00bb.vc_custom_1553271892132{padding-bottom: 80px !important;}\u00bb][vc_row][vc_column width=\u00bb1\/4&#8243; css=\u00bb.vc_custom_1553271760729{border-top-width: 1px !important;border-right-width: 1px !important;border-bottom-width: 1px !important;border-left-width: 1px !important;padding-top: 0px !important;padding-right: 0px !important;padding-bottom: 25px !important;padding-left: 0px !important;border-left-color: #cccccc !important;border-right-color: #cccccc !important;border-top-color: #cccccc !important;border-bottom-color: #cccccc !important;}\u00bb][\/vc_column][vc_column width=\u00bb1\/4&#8243; css=\u00bb.vc_custom_1553271777380{padding-top: 0px !important;padding-right: 0px !important;padding-bottom: 25px !important;padding-left: 0px !important;}\u00bb][\/vc_column][vc_column width=\u00bb1\/4&#8243; css=\u00bb.vc_custom_1553271799100{padding-top: 0px !important;padding-right: 0px !important;padding-bottom: 25px !important;padding-left: 0px !important;}\u00bb][\/vc_column][vc_column width=\u00bb1\/4&#8243; css=\u00bb.vc_custom_1553271809366{padding-top: 0px !important;padding-right: 0px&hellip;<\/p>\n","protected":false},"author":1,"featured_media":0,"parent":0,"menu_order":0,"comment_status":"closed","ping_status":"closed","template":"","meta":{"footnotes":""},"class_list":["post-1488","page","type-page","status-publish","hentry","description-off"],"yoast_head":"<!-- This site is optimized with the Yoast SEO plugin v27.4 - https:\/\/yoast.com\/product\/yoast-seo-wordpress\/ -->\n<title>Nuestro Equipo | BiOral Dental Group | Tecate, Mexico<\/title>\n<meta name=\"description\" content=\"Conoce nuestro equipo de profesionales especializados. Estamos listos para crear tu nueva sonrisa. Visitanos en Tecate, Mexico.\" \/>\n<meta name=\"robots\" content=\"index, follow, max-snippet:-1, max-image-preview:large, max-video-preview:-1\" \/>\n<link rel=\"canonical\" href=\"https:\/\/bioraldentalgroup.com\/es\/nuestro-equipo\/\" \/>\n<meta property=\"og:locale\" content=\"es_ES\" \/>\n<meta property=\"og:type\" content=\"article\" \/>\n<meta property=\"og:title\" content=\"Nuestro Equipo | BiOral Dental Group | Tecate, Mexico\" \/>\n<meta property=\"og:description\" content=\"Conoce nuestro equipo de profesionales especializados. Estamos listos para crear tu nueva sonrisa. Visitanos en Tecate, Mexico.\" \/>\n<meta property=\"og:url\" content=\"https:\/\/bioraldentalgroup.com\/es\/nuestro-equipo\/\" \/>\n<meta property=\"og:site_name\" content=\"BiOral Dental Group\" \/>\n<meta property=\"article:modified_time\" content=\"2022-07-13T18:28:07+00:00\" \/>\n<meta name=\"twitter:card\" content=\"summary_large_image\" \/>\n<meta name=\"twitter:label1\" content=\"Tiempo de lectura\" \/>\n\t<meta name=\"twitter:data1\" content=\"3 minutos\" \/>\n<script type=\"application\/ld+json\" class=\"yoast-schema-graph\">{\"@context\":\"https:\\\/\\\/schema.org\",\"@graph\":[{\"@type\":\"WebPage\",\"@id\":\"https:\\\/\\\/bioraldentalgroup.com\\\/es\\\/nuestro-equipo\\\/\",\"url\":\"https:\\\/\\\/bioraldentalgroup.com\\\/es\\\/nuestro-equipo\\\/\",\"name\":\"Nuestro Equipo | BiOral Dental Group | Tecate, Mexico\",\"isPartOf\":{\"@id\":\"https:\\\/\\\/bioraldentalgroup.com\\\/#website\"},\"datePublished\":\"2019-05-31T04:08:31+00:00\",\"dateModified\":\"2022-07-13T18:28:07+00:00\",\"description\":\"Conoce nuestro equipo de profesionales especializados. Estamos listos para crear tu nueva sonrisa. Visitanos en Tecate, Mexico.\",\"breadcrumb\":{\"@id\":\"https:\\\/\\\/bioraldentalgroup.com\\\/es\\\/nuestro-equipo\\\/#breadcrumb\"},\"inLanguage\":\"es\",\"potentialAction\":[{\"@type\":\"ReadAction\",\"target\":[\"https:\\\/\\\/bioraldentalgroup.com\\\/es\\\/nuestro-equipo\\\/\"]}]},{\"@type\":\"BreadcrumbList\",\"@id\":\"https:\\\/\\\/bioraldentalgroup.com\\\/es\\\/nuestro-equipo\\\/#breadcrumb\",\"itemListElement\":[{\"@type\":\"ListItem\",\"position\":1,\"name\":\"Home\",\"item\":\"https:\\\/\\\/bioraldentalgroup.com\\\/es\\\/\"},{\"@type\":\"ListItem\",\"position\":2,\"name\":\"Nuestro Equipo\"}]},{\"@type\":\"WebSite\",\"@id\":\"https:\\\/\\\/bioraldentalgroup.com\\\/#website\",\"url\":\"https:\\\/\\\/bioraldentalgroup.com\\\/\",\"name\":\"BiOral Dental Group\",\"description\":\"Dental Specialists\",\"potentialAction\":[{\"@type\":\"SearchAction\",\"target\":{\"@type\":\"EntryPoint\",\"urlTemplate\":\"https:\\\/\\\/bioraldentalgroup.com\\\/?s={search_term_string}\"},\"query-input\":{\"@type\":\"PropertyValueSpecification\",\"valueRequired\":true,\"valueName\":\"search_term_string\"}}],\"inLanguage\":\"es\"}]}<\/script>\n<!-- \/ Yoast SEO plugin. -->","yoast_head_json":{"title":"Nuestro Equipo | BiOral Dental Group | Tecate, Mexico","description":"Conoce nuestro equipo de profesionales especializados. Estamos listos para crear tu nueva sonrisa. Visitanos en Tecate, Mexico.","robots":{"index":"index","follow":"follow","max-snippet":"max-snippet:-1","max-image-preview":"max-image-preview:large","max-video-preview":"max-video-preview:-1"},"canonical":"https:\/\/bioraldentalgroup.com\/es\/nuestro-equipo\/","og_locale":"es_ES","og_type":"article","og_title":"Nuestro Equipo | BiOral Dental Group | Tecate, Mexico","og_description":"Conoce nuestro equipo de profesionales especializados. Estamos listos para crear tu nueva sonrisa. Visitanos en Tecate, Mexico.","og_url":"https:\/\/bioraldentalgroup.com\/es\/nuestro-equipo\/","og_site_name":"BiOral Dental Group","article_modified_time":"2022-07-13T18:28:07+00:00","twitter_card":"summary_large_image","twitter_misc":{"Tiempo de lectura":"3 minutos"},"schema":{"@context":"https:\/\/schema.org","@graph":[{"@type":"WebPage","@id":"https:\/\/bioraldentalgroup.com\/es\/nuestro-equipo\/","url":"https:\/\/bioraldentalgroup.com\/es\/nuestro-equipo\/","name":"Nuestro Equipo | BiOral Dental Group | Tecate, Mexico","isPartOf":{"@id":"https:\/\/bioraldentalgroup.com\/#website"},"datePublished":"2019-05-31T04:08:31+00:00","dateModified":"2022-07-13T18:28:07+00:00","description":"Conoce nuestro equipo de profesionales especializados. Estamos listos para crear tu nueva sonrisa. Visitanos en Tecate, Mexico.","breadcrumb":{"@id":"https:\/\/bioraldentalgroup.com\/es\/nuestro-equipo\/#breadcrumb"},"inLanguage":"es","potentialAction":[{"@type":"ReadAction","target":["https:\/\/bioraldentalgroup.com\/es\/nuestro-equipo\/"]}]},{"@type":"BreadcrumbList","@id":"https:\/\/bioraldentalgroup.com\/es\/nuestro-equipo\/#breadcrumb","itemListElement":[{"@type":"ListItem","position":1,"name":"Home","item":"https:\/\/bioraldentalgroup.com\/es\/"},{"@type":"ListItem","position":2,"name":"Nuestro Equipo"}]},{"@type":"WebSite","@id":"https:\/\/bioraldentalgroup.com\/#website","url":"https:\/\/bioraldentalgroup.com\/","name":"BiOral Dental Group","description":"Dental Specialists","potentialAction":[{"@type":"SearchAction","target":{"@type":"EntryPoint","urlTemplate":"https:\/\/bioraldentalgroup.com\/?s={search_term_string}"},"query-input":{"@type":"PropertyValueSpecification","valueRequired":true,"valueName":"search_term_string"}}],"inLanguage":"es"}]}},"_links":{"self":[{"href":"https:\/\/bioraldentalgroup.com\/es\/wp-json\/wp\/v2\/pages\/1488","targetHints":{"allow":["GET"]}}],"collection":[{"href":"https:\/\/bioraldentalgroup.com\/es\/wp-json\/wp\/v2\/pages"}],"about":[{"href":"https:\/\/bioraldentalgroup.com\/es\/wp-json\/wp\/v2\/types\/page"}],"author":[{"embeddable":true,"href":"https:\/\/bioraldentalgroup.com\/es\/wp-json\/wp\/v2\/users\/1"}],"replies":[{"embeddable":true,"href":"https:\/\/bioraldentalgroup.com\/es\/wp-json\/wp\/v2\/comments?post=1488"}],"version-history":[{"count":19,"href":"https:\/\/bioraldentalgroup.com\/es\/wp-json\/wp\/v2\/pages\/1488\/revisions"}],"predecessor-version":[{"id":2106,"href":"https:\/\/bioraldentalgroup.com\/es\/wp-json\/wp\/v2\/pages\/1488\/revisions\/2106"}],"wp:attachment":[{"href":"https:\/\/bioraldentalgroup.com\/es\/wp-json\/wp\/v2\/media?parent=1488"}],"curies":[{"name":"wp","href":"https:\/\/api.w.org\/{rel}","templated":true}]}}