{"id":1466,"date":"2019-05-30T10:44:06","date_gmt":"2019-05-30T18:44:06","guid":{"rendered":"http:\/\/bioraldentalgroup.com\/?page_id=1466"},"modified":"2022-07-13T11:01:41","modified_gmt":"2022-07-13T19:01:41","slug":"bioral-inicio","status":"publish","type":"page","link":"https:\/\/bioraldentalgroup.com\/es\/","title":{"rendered":"Inicio"},"content":{"rendered":"<p>[vc_section full_width=\u00bbstretch_row\u00bb full_height=\u00bbyes\u00bb content_placement=\u00bbmiddle\u00bb el_class=\u00bbbackground-picture\u00bb css=\u00bb.vc_custom_1549399362509{margin-top: 0px !important;padding-top: 0px !important;}\u00bb][vc_row][vc_column css=\u00bb.vc_custom_1548740496299{padding-top: 30px !important;padding-bottom: 30px !important;}\u00bb][vc_column_text]<\/p>\n<h1 class=\"main-title\"><span style=\"color: #ffffff; text-shadow: 1px 1px 13px #000000;\"><strong>BIENVENIDO A <span style=\"color: #90eaff;\">BIORAL<\/span><\/strong><\/span><\/h1>\n<p class=\"main-description\" style=\"text-align: center;\">Bioral es una cl\u00ednica de servicios con especialistas dentales ubicados en Tecate. \u00a1Perm\u00edtanos darle la sonrisa que siempre ha deseado!<\/p>\n<p style=\"text-align: center;\"><a class=\"light-button\" href=\"http:\/\/bioraldentalgroup.com\/es\/nuestro-equipo\/\">Nuestro Equipo<\/a> <a class=\"dark-button popmake-1483\" href=\"#\">Agendar Mi Cita<\/a><\/p>\n<p>[\/vc_column_text][vc_raw_html][\/vc_raw_html][\/vc_column][\/vc_row][\/vc_section][vc_section full_width=\u00bbstretch_row_content\u00bb css=\u00bb.vc_custom_1548976498690{border-bottom-width: 10px !important;padding-top: 0px !important;padding-right: 0px !important;padding-bottom: 00px !important;padding-left: 0px !important;background-color: #e8e8e8 !important;border-bottom-color: #e5ffff !important;border-bottom-style: solid !important;}\u00bb][vc_row][vc_column width=\u00bb1\/2&#8243;][vc_column_text css=\u00bb.vc_custom_1559245184752{margin-top: 0px !important;border-bottom-width: 0px !important;padding-top: 0px !important;padding-bottom: 0px !important;}\u00bb]<\/p>\n<h2 class=\"home-section\">\u00bfPOR QU\u00c9 ELEGIRNOS?<\/h2>\n<p>[\/vc_column_text][vc_row_inner css=\u00bb.vc_custom_1548783806472{padding-bottom: 30px !important;}\u00bb][vc_column_inner width=\u00bb1\/3&#8243;][vc_icon icon_fontawesome=\u00bbfa fa-check-square-o\u00bb color=\u00bbcustom\u00bb align=\u00bbcenter\u00bb css_animation=\u00bbnone\u00bb custom_color=\u00bb#969faa\u00bb css=\u00bb.vc_custom_1548743700079{margin-top: 0px !important;margin-bottom: 0px !important;padding-top: 0px !important;padding-bottom: 0px !important;}\u00bb][vc_column_text]<\/p>\n<h3 class=\"home-subtitle\">TECNOLOG\u00cdA AVANZADA<\/h3>\n<p>[\/vc_column_text][\/vc_column_inner][vc_column_inner width=\u00bb1\/3&#8243;][vc_icon icon_fontawesome=\u00bbfa fa-check-square-o\u00bb color=\u00bbcustom\u00bb align=\u00bbcenter\u00bb custom_color=\u00bb#969faa\u00bb css=\u00bb.vc_custom_1548742154110{margin-top: 0px !important;margin-bottom: 0px !important;padding-top: 0px !important;padding-bottom: 0px !important;}\u00bb][vc_column_text]<\/p>\n<h3 class=\"home-subtitle\">MATERIALES DE CALIDAD<\/h3>\n<p>[\/vc_column_text][\/vc_column_inner][vc_column_inner width=\u00bb1\/3&#8243;][vc_icon icon_fontawesome=\u00bbfa fa-check-square-o\u00bb color=\u00bbcustom\u00bb align=\u00bbcenter\u00bb custom_color=\u00bb#969faa\u00bb css=\u00bb.vc_custom_1548742154110{margin-top: 0px !important;margin-bottom: 0px !important;padding-top: 0px !important;padding-bottom: 0px !important;}\u00bb][vc_column_text]<\/p>\n<h3 class=\"home-subtitle\">PERSONAL ATENTO<\/h3>\n<p>[\/vc_column_text][\/vc_column_inner][\/vc_row_inner][\/vc_column][vc_column width=\u00bb1\/2&#8243; css=\u00bb.vc_custom_1548743463385{padding-top: 0px !important;padding-bottom: 0px !important;background-color: #094b76 !important;}\u00bb][vc_column_text]<\/p>\n<h2 class=\"home-section\"><span style=\"color: #ffffff;\">HORARIOS<\/span><\/h2>\n<p>[\/vc_column_text][vc_row_inner][vc_column_inner width=\u00bb1\/4&#8243;][vc_icon icon_fontawesome=\u00bbfa fa-clock-o\u00bb color=\u00bbwhite\u00bb size=\u00bbxl\u00bb align=\u00bbcenter\u00bb css_animation=\u00bbbounceIn\u00bb css=\u00bb.vc_custom_1548744795275{padding-top: 10px !important;}\u00bb][\/vc_column_inner][vc_column_inner width=\u00bb3\/4&#8243; css=\u00bb.vc_custom_1548783750125{padding-top: 15px !important;padding-bottom: 15px !important;}\u00bb][vc_column_text]<span style=\"color: #ffffff;\">Lunes &#8211; Viernes: 9:00 AM a 8:00 PM<\/span><\/p>\n<p><span style=\"color: #ffffff;\">S\u00e1bado: 9:00 AM a 4:00 PM<\/span><\/p>\n<p><span style=\"color: #ffffff;\">Domingo: Cerrado<\/span>[\/vc_column_text][\/vc_column_inner][\/vc_row_inner][\/vc_column][\/vc_row][\/vc_section][vc_section full_width=\u00bbstretch_row_content\u00bb content_placement=\u00bbmiddle\u00bb css=\u00bb.vc_custom_1548966895452{margin-right: 0px !important;margin-bottom: 0px !important;margin-left: 0px !important;padding-top: 0px !important;padding-right: 0px !important;padding-bottom: 0px !important;padding-left: 0px !important;}\u00bb][vc_row][vc_column parallax=\u00bbcontent-moving\u00bb width=\u00bb1\/3&#8243; el_id=\u00bbtestimonials-background\u00bb css=\u00bb.vc_custom_1548746269862{padding-top: 50px !important;padding-bottom: 50px !important;}\u00bb][vc_icon icon_fontawesome=\u00bbfa fa-heart-o\u00bb color=\u00bbwhite\u00bb size=\u00bblg\u00bb align=\u00bbcenter\u00bb css_animation=\u00bbfadeInUp\u00bb css=\u00bb.vc_custom_1548783442251{margin-top: 0px !important;margin-bottom: 0px !important;padding-top: 20px !important;padding-bottom: 0px !important;}\u00bb][vc_column_text css=\u00bb.vc_custom_1559242976617{padding-right: 30px !important;padding-left: 30px !important;}\u00bb]<\/p>\n<h2 class=\"home-section\" style=\"text-align: center;\"><span style=\"color: #ffcc00;\">NUESTROS PACIENTES SON COMO FAMILIA<\/span><\/h2>\n<p style=\"text-align: center;\"><span style=\"color: #ffffff;\">Queremos que se sienta contento y tranquilo mientras trabajamos en su sonrisa y salud bucal.<\/span><\/p>\n<p>[\/vc_column_text][\/vc_column][vc_column width=\u00bb2\/3&#8243; css=\u00bb.vc_custom_1548976111723{padding-top: 30px !important;}\u00bb][vc_icon icon_fontawesome=\u00bbfa fa-quote-left\u00bb color=\u00bbcustom\u00bb size=\u00bbxl\u00bb align=\u00bbcenter\u00bb css_animation=\u00bbslideInDown\u00bb custom_color=\u00bb#35b3c9&#8243; css=\u00bb.vc_custom_1548967279333{padding-top: 20px !important;padding-bottom: 0px !important;}\u00bb][vc_raw_html]JTVCdGVzdGltb25pYWxfdmlldyUyMGlkJTNEJTIyMiUyMiU1RA==[\/vc_raw_html][vc_column_text css=\u00bb.vc_custom_1559280475795{padding-top: 20px !important;padding-bottom: 50px !important;}\u00bb]<\/p>\n<p style=\"text-align: center;\"><a class=\"blue-button\" href=\"http:\/\/bioraldentalgroup.com\/es\/testimonial\/\">VER TESTIMONIALES<\/a><\/p>\n<p>[\/vc_column_text][\/vc_column][\/vc_row][\/vc_section][vc_section full_width=\u00bbstretch_row\u00bb content_placement=\u00bbmiddle\u00bb css=\u00bb.vc_custom_1548953801346{padding-top: 40px !important;padding-bottom: 30px !important;background-color: #35b3c9 !important;}\u00bb el_id=\u00bbcta-section\u00bb][vc_row][vc_column css_animation=\u00bbfadeInLeft\u00bb][vc_row_inner][vc_column_inner width=\u00bb2\/3&#8243;][vc_column_text]<\/p>\n<h3 style=\"text-align: center;\"><span style=\"color: #ffffff; font-size: 30px;\">\u201cLa est\u00e9tica es la expresi\u00f3n final de la integraci\u00f3n biol\u00f3gica, funcional y estructural de los diferentes componentes del aparato masticatorio\u201d<\/span><\/h3>\n<p style=\"text-align: center;\"><span style=\"color: #ffcc00;\">-Peter Dowson<\/span><\/p>\n<p>[\/vc_column_text][\/vc_column_inner][vc_column_inner width=\u00bb1\/3&#8243; css=\u00bb.vc_custom_1548786727651{padding-top: 20px !important;padding-bottom: 20px !important;}\u00bb][vc_column_text]<\/p>\n<p style=\"text-align: center;\"><a class=\"dark-button popmake-1483\" href=\"#\">Agendar Mi Cita<\/a><\/p>\n<p>[\/vc_column_text][\/vc_column_inner][\/vc_row_inner][\/vc_column][\/vc_row][\/vc_section][vc_section full_width=\u00bbstretch_row_content\u00bb css=\u00bb.vc_custom_1548976523960{margin-top: 0px !important;border-bottom-width: 10px !important;padding-top: 0px !important;padding-right: 0px !important;padding-bottom: 0px !important;padding-left: 0px !important;border-bottom-color: #e5ffff !important;border-bottom-style: solid !important;}\u00bb][vc_row][vc_column parallax=\u00bbcontent-moving\u00bb parallax_image=\u00bb616&#8243; width=\u00bb1\/2&#8243; el_id=\u00bbtreatments-image\u00bb][\/vc_column][vc_column width=\u00bb1\/2&#8243; css=\u00bb.vc_custom_1548784663676{padding-top: 20px !important;padding-right: 20px !important;padding-bottom: 20px !important;padding-left: 20px !important;}\u00bb][vc_row_inner][vc_column_inner css=\u00bb.vc_custom_1548976012288{padding-top: 20px !important;}\u00bb][vc_column_text css=\u00bb.vc_custom_1559245301929{margin-top: 0px !important;border-bottom-width: 0px !important;padding-top: 20px !important;padding-right: 30px !important;padding-bottom: 20px !important;padding-left: 30px !important;}\u00bb]<\/p>\n<h2 class=\"home-section\">Doctores especializados toman cuidado de tu salud<\/h2>\n<p>[\/vc_column_text][\/vc_column_inner][\/vc_row_inner][vc_row_inner][vc_column_inner width=\u00bb1\/2&#8243;]<div class=\"standard-arrow list-divider bullet-top\"><ul>\n<li>Implantes Dentales<\/li>\n<li>Periodoncia<\/li>\n<li>Prostodoncia<\/li>\n<li>Diagn\u00f3sticos<\/li>\n<\/ul>\n<\/div>[\/vc_column_inner][vc_column_inner width=\u00bb1\/2&#8243;]<div class=\"standard-arrow list-divider bullet-top\"><ul>\n<li>Ortodoncia<\/li>\n<li>Odontolog\u00eda Pedi\u00e1trica<\/li>\n<li>Endodoncia<\/li>\n<li>Coronas<\/li>\n<\/ul>\n<\/div>[\/vc_column_inner][\/vc_row_inner][vc_row_inner][vc_column_inner css=\u00bb.vc_custom_1548975906692{padding-bottom: 50px !important;}\u00bb][vc_column_text css=\u00bb.vc_custom_1560448417582{padding-top: 20px !important;}\u00bb]<\/p>\n<p style=\"text-align: center;\"><a class=\"blue-button\" href=\"http:\/\/bioraldentalgroup.com\/es\/servicios-dentales\/\">Ver Todos Los Servicios<\/a><\/p>\n<p>[\/vc_column_text][\/vc_column_inner][\/vc_row_inner][\/vc_column][\/vc_row][\/vc_section][vc_section full_width=\u00bbstretch_row_content\u00bb content_placement=\u00bbmiddle\u00bb css=\u00bb.vc_custom_1548786622007{background-color: #e8e8e8 !important;}\u00bb el_id=\u00bbvideo-section\u00bb][vc_row][vc_column width=\u00bb2\/3&#8243;][vc_row_inner][vc_column_inner css=\u00bb.vc_custom_1548976238003{padding-top: 40px !important;padding-bottom: 40px !important;}\u00bb][vc_raw_html css=\u00bb.vc_custom_1657738834930{padding-top: 0px !important;padding-bottom: 0px !important;}\u00bb]JTVCaHRtbDVfdmlkZW8lMjBpZCUzRDIxMTElNUQ=[\/vc_raw_html][\/vc_column_inner][\/vc_row_inner][\/vc_column][vc_column width=\u00bb1\/3&#8243; el_id=\u00bbvideo-background\u00bb][vc_row_inner][vc_column_inner][vc_icon icon_fontawesome=\u00bbfa fa-map-marker\u00bb color=\u00bbwhite\u00bb size=\u00bbxl\u00bb align=\u00bbcenter\u00bb css_animation=\u00bbslideInDown\u00bb css=\u00bb.vc_custom_1548786897175{margin-top: 0px !important;margin-bottom: 0px !important;padding-top: 50px !important;padding-bottom: 0px !important;}\u00bb][vc_column_text css=\u00bb.vc_custom_1559243396317{padding-right: 15px !important;padding-left: 15px !important;}\u00bb]<\/p>\n<h2 class=\"home-section\" style=\"text-align: center;\"><span style=\"color: #ffcc00;\">ENCU\u00c9NTRANOS EN TECATE, MEXICO<\/span><\/h2>\n<p style=\"text-align: center;\"><span style=\"color: #ffffff;\">A cinco minutos de la garita con Estados Unidos.<\/span><\/p>\n<p>[\/vc_column_text][vc_column_text css=\u00bb.vc_custom_1559282107208{padding-top: 30px !important;padding-bottom: 30px !important;}\u00bb]<\/p>\n<p style=\"text-align: center;\"><a class=\"light-button\" href=\"http:\/\/bioraldentalgroup.com\/es\/enjoy-tecate\/\">M\u00e1s Sobre Tecate<\/a><\/p>\n<p>[\/vc_column_text][\/vc_column_inner][\/vc_row_inner][\/vc_column][\/vc_row][\/vc_section]<\/p>\n","protected":false},"excerpt":{"rendered":"<p>[vc_section full_width=\u00bbstretch_row\u00bb full_height=\u00bbyes\u00bb content_placement=\u00bbmiddle\u00bb el_class=\u00bbbackground-picture\u00bb css=\u00bb.vc_custom_1549399362509{margin-top: 0px !important;padding-top: 0px !important;}\u00bb][vc_row][vc_column css=\u00bb.vc_custom_1548740496299{padding-top: 30px !important;padding-bottom: 30px !important;}\u00bb][vc_column_text] BIENVENIDO A BIORAL Bioral es una cl\u00ednica de servicios con especialistas dentales ubicados en Tecate. \u00a1Perm\u00edtanos darle la sonrisa que siempre ha deseado! Nuestro Equipo Agendar Mi Cita [\/vc_column_text][vc_raw_html][\/vc_raw_html][\/vc_column][\/vc_row][\/vc_section][vc_section full_width=\u00bbstretch_row_content\u00bb css=\u00bb.vc_custom_1548976498690{border-bottom-width: 10px !important;padding-top: 0px !important;padding-right: 0px !important;padding-bottom: 00px !important;padding-left: 0px&hellip;<\/p>\n","protected":false},"author":1,"featured_media":0,"parent":0,"menu_order":0,"comment_status":"closed","ping_status":"closed","template":"","meta":{"footnotes":""},"class_list":["post-1466","page","type-page","status-publish","hentry","description-off"],"yoast_head":"<!-- This site is optimized with the Yoast SEO plugin v27.5 - https:\/\/yoast.com\/product\/yoast-seo-wordpress\/ -->\n<title>BiOral Dental Group | Los mejores dentistas en Tecate, Mexico<\/title>\n<meta name=\"description\" content=\"Bienvenido a Bioral Dental Group, cuida tu salud bucal y renueva tu sonrisa con nuestros especialistas. \u00a1Agenda tu cita con nosotros!\" \/>\n<meta name=\"robots\" content=\"index, follow, max-snippet:-1, max-image-preview:large, max-video-preview:-1\" \/>\n<link rel=\"canonical\" href=\"https:\/\/bioraldentalgroup.com\/es\/\" \/>\n<meta property=\"og:locale\" content=\"es_ES\" \/>\n<meta property=\"og:type\" content=\"article\" \/>\n<meta property=\"og:title\" content=\"BiOral Dental Group | Los mejores dentistas en Tecate, Mexico\" \/>\n<meta property=\"og:description\" content=\"Bienvenido a Bioral Dental Group, cuida tu salud bucal y renueva tu sonrisa con nuestros especialistas. \u00a1Agenda tu cita con nosotros!\" \/>\n<meta property=\"og:url\" content=\"https:\/\/bioraldentalgroup.com\/es\/\" \/>\n<meta property=\"og:site_name\" content=\"BiOral Dental Group\" \/>\n<meta property=\"article:modified_time\" content=\"2022-07-13T19:01:41+00:00\" \/>\n<meta name=\"twitter:card\" content=\"summary_large_image\" \/>\n<meta name=\"twitter:label1\" content=\"Tiempo de lectura\" \/>\n\t<meta name=\"twitter:data1\" content=\"5 minutos\" \/>\n<script type=\"application\/ld+json\" class=\"yoast-schema-graph\">{\"@context\":\"https:\\\/\\\/schema.org\",\"@graph\":[{\"@type\":\"WebPage\",\"@id\":\"https:\\\/\\\/bioraldentalgroup.com\\\/es\\\/\",\"url\":\"https:\\\/\\\/bioraldentalgroup.com\\\/es\\\/\",\"name\":\"BiOral Dental Group | Los mejores dentistas en Tecate, Mexico\",\"isPartOf\":{\"@id\":\"https:\\\/\\\/bioraldentalgroup.com\\\/#website\"},\"datePublished\":\"2019-05-30T18:44:06+00:00\",\"dateModified\":\"2022-07-13T19:01:41+00:00\",\"description\":\"Bienvenido a Bioral Dental Group, cuida tu salud bucal y renueva tu sonrisa con nuestros especialistas. \u00a1Agenda tu cita con nosotros!\",\"breadcrumb\":{\"@id\":\"https:\\\/\\\/bioraldentalgroup.com\\\/es\\\/#breadcrumb\"},\"inLanguage\":\"es\",\"potentialAction\":[{\"@type\":\"ReadAction\",\"target\":[\"https:\\\/\\\/bioraldentalgroup.com\\\/es\\\/\"]}]},{\"@type\":\"BreadcrumbList\",\"@id\":\"https:\\\/\\\/bioraldentalgroup.com\\\/es\\\/#breadcrumb\",\"itemListElement\":[{\"@type\":\"ListItem\",\"position\":1,\"name\":\"Home\",\"item\":\"https:\\\/\\\/bioraldentalgroup.com\\\/es\\\/\"},{\"@type\":\"ListItem\",\"position\":2,\"name\":\"Inicio\"}]},{\"@type\":\"WebSite\",\"@id\":\"https:\\\/\\\/bioraldentalgroup.com\\\/#website\",\"url\":\"https:\\\/\\\/bioraldentalgroup.com\\\/\",\"name\":\"BiOral Dental Group\",\"description\":\"Dental Specialists\",\"potentialAction\":[{\"@type\":\"SearchAction\",\"target\":{\"@type\":\"EntryPoint\",\"urlTemplate\":\"https:\\\/\\\/bioraldentalgroup.com\\\/?s={search_term_string}\"},\"query-input\":{\"@type\":\"PropertyValueSpecification\",\"valueRequired\":true,\"valueName\":\"search_term_string\"}}],\"inLanguage\":\"es\"}]}<\/script>\n<!-- \/ Yoast SEO plugin. -->","yoast_head_json":{"title":"BiOral Dental Group | Los mejores dentistas en Tecate, Mexico","description":"Bienvenido a Bioral Dental Group, cuida tu salud bucal y renueva tu sonrisa con nuestros especialistas. \u00a1Agenda tu cita con nosotros!","robots":{"index":"index","follow":"follow","max-snippet":"max-snippet:-1","max-image-preview":"max-image-preview:large","max-video-preview":"max-video-preview:-1"},"canonical":"https:\/\/bioraldentalgroup.com\/es\/","og_locale":"es_ES","og_type":"article","og_title":"BiOral Dental Group | Los mejores dentistas en Tecate, Mexico","og_description":"Bienvenido a Bioral Dental Group, cuida tu salud bucal y renueva tu sonrisa con nuestros especialistas. \u00a1Agenda tu cita con nosotros!","og_url":"https:\/\/bioraldentalgroup.com\/es\/","og_site_name":"BiOral Dental Group","article_modified_time":"2022-07-13T19:01:41+00:00","twitter_card":"summary_large_image","twitter_misc":{"Tiempo de lectura":"5 minutos"},"schema":{"@context":"https:\/\/schema.org","@graph":[{"@type":"WebPage","@id":"https:\/\/bioraldentalgroup.com\/es\/","url":"https:\/\/bioraldentalgroup.com\/es\/","name":"BiOral Dental Group | Los mejores dentistas en Tecate, Mexico","isPartOf":{"@id":"https:\/\/bioraldentalgroup.com\/#website"},"datePublished":"2019-05-30T18:44:06+00:00","dateModified":"2022-07-13T19:01:41+00:00","description":"Bienvenido a Bioral Dental Group, cuida tu salud bucal y renueva tu sonrisa con nuestros especialistas. \u00a1Agenda tu cita con nosotros!","breadcrumb":{"@id":"https:\/\/bioraldentalgroup.com\/es\/#breadcrumb"},"inLanguage":"es","potentialAction":[{"@type":"ReadAction","target":["https:\/\/bioraldentalgroup.com\/es\/"]}]},{"@type":"BreadcrumbList","@id":"https:\/\/bioraldentalgroup.com\/es\/#breadcrumb","itemListElement":[{"@type":"ListItem","position":1,"name":"Home","item":"https:\/\/bioraldentalgroup.com\/es\/"},{"@type":"ListItem","position":2,"name":"Inicio"}]},{"@type":"WebSite","@id":"https:\/\/bioraldentalgroup.com\/#website","url":"https:\/\/bioraldentalgroup.com\/","name":"BiOral Dental Group","description":"Dental Specialists","potentialAction":[{"@type":"SearchAction","target":{"@type":"EntryPoint","urlTemplate":"https:\/\/bioraldentalgroup.com\/?s={search_term_string}"},"query-input":{"@type":"PropertyValueSpecification","valueRequired":true,"valueName":"search_term_string"}}],"inLanguage":"es"}]}},"_links":{"self":[{"href":"https:\/\/bioraldentalgroup.com\/es\/wp-json\/wp\/v2\/pages\/1466","targetHints":{"allow":["GET"]}}],"collection":[{"href":"https:\/\/bioraldentalgroup.com\/es\/wp-json\/wp\/v2\/pages"}],"about":[{"href":"https:\/\/bioraldentalgroup.com\/es\/wp-json\/wp\/v2\/types\/page"}],"author":[{"embeddable":true,"href":"https:\/\/bioraldentalgroup.com\/es\/wp-json\/wp\/v2\/users\/1"}],"replies":[{"embeddable":true,"href":"https:\/\/bioraldentalgroup.com\/es\/wp-json\/wp\/v2\/comments?post=1466"}],"version-history":[{"count":29,"href":"https:\/\/bioraldentalgroup.com\/es\/wp-json\/wp\/v2\/pages\/1466\/revisions"}],"predecessor-version":[{"id":2119,"href":"https:\/\/bioraldentalgroup.com\/es\/wp-json\/wp\/v2\/pages\/1466\/revisions\/2119"}],"wp:attachment":[{"href":"https:\/\/bioraldentalgroup.com\/es\/wp-json\/wp\/v2\/media?parent=1466"}],"curies":[{"name":"wp","href":"https:\/\/api.w.org\/{rel}","templated":true}]}}